{"id":909,"date":"2023-09-17T07:28:30","date_gmt":"2023-09-17T07:28:30","guid":{"rendered":"https:\/\/editorialcanchales.es\/?post_type=product&#038;p=909"},"modified":"2023-12-14T08:07:20","modified_gmt":"2023-12-14T08:07:20","slug":"los-cochinos-del-almonte","status":"publish","type":"product","link":"https:\/\/editorialcanchales.es\/pt\/produto\/los-cochinos-del-almonte\/","title":{"rendered":"LOS COCHINOS DEL ALMONTE"},"content":{"rendered":"<p>Conhecemos \u00c1ngel durante uma viagem de ca\u00e7a que Roque Armada organizou ao Quirguist\u00e3o para ca\u00e7ar \u00edbex e marco polos, a partir desse mesmo dia \u00c1ngel foi parceiro de aventura em muitas ca\u00e7adas e destinos ao redor do mundo. (Himalaia, Tien Shan, C\u00e1ucaso, etc.)<br \/>\nFalar de \u00c1ngel \u00e9 falar de um grande, corajoso e honesto ca\u00e7ador. Na sua passagem como aguardista conquistou uma magn\u00edfica cole\u00e7\u00e3o de trof\u00e9us de javali, que faria inveja a qualquer bom torcedor.<br \/>\nCom estas breves palavras, seus amigos e companheiros ca\u00e7adores, queremos expressar o nosso mais sincero reconhecimento e parab\u00e9ns.<br \/>\nOs bichos do mato.<\/p>","protected":false},"excerpt":{"rendered":"<p>\u00c1NGEL CORT\u00c9S SIM\u00d3N<\/p>\n<ul class=\"ul1\">\n<li class=\"li1\"><span class=\"s2\">L\u00edngua:\n\nESPANHOL<\/span><\/li>\n<li class=\"li1\"><span class=\"s2\">Encuadernaci\u00f3n: R\u00fastica laminada brillo<\/span><\/li>\n<li class=\"li1\"><span class=\"s2\">P\u00e1ginas: 320<\/span><\/li>\n<li class=\"li1\"><span class=\"s2\">Impresi\u00f3n: Color y B\/N<\/span><\/li>\n<li class=\"li1\"><span class=\"s2\">Contenido: Textos, fotograf\u00edas e ilustraciones<\/span><\/li>\n<li class=\"li1\"><span class=\"s2\">Medidas: 170&#215;240 mm.<\/span><\/li>\n<\/ul>","protected":false},"featured_media":892,"comment_status":"open","ping_status":"closed","template":"","meta":[],"product_brand":[],"product_cat":[52,26],"product_tag":[],"class_list":{"0":"post-909","1":"product","2":"type-product","3":"status-publish","4":"has-post-thumbnail","6":"product_cat-angel-cortes-simon","7":"product_cat-esperas","9":"first","10":"instock","11":"taxable","12":"shipping-taxable","13":"purchasable","14":"product-type-simple"},"aioseo_notices":[],"_links":{"self":[{"href":"https:\/\/editorialcanchales.es\/pt\/wp-json\/wp\/v2\/product\/909","targetHints":{"allow":["GET"]}}],"collection":[{"href":"https:\/\/editorialcanchales.es\/pt\/wp-json\/wp\/v2\/product"}],"about":[{"href":"https:\/\/editorialcanchales.es\/pt\/wp-json\/wp\/v2\/types\/product"}],"replies":[{"embeddable":true,"href":"https:\/\/editorialcanchales.es\/pt\/wp-json\/wp\/v2\/comments?post=909"}],"version-history":[{"count":3,"href":"https:\/\/editorialcanchales.es\/pt\/wp-json\/wp\/v2\/product\/909\/revisions"}],"predecessor-version":[{"id":984,"href":"https:\/\/editorialcanchales.es\/pt\/wp-json\/wp\/v2\/product\/909\/revisions\/984"}],"wp:featuredmedia":[{"embeddable":true,"href":"https:\/\/editorialcanchales.es\/pt\/wp-json\/wp\/v2\/media\/892"}],"wp:attachment":[{"href":"https:\/\/editorialcanchales.es\/pt\/wp-json\/wp\/v2\/media?parent=909"}],"wp:term":[{"taxonomy":"product_brand","embeddable":true,"href":"https:\/\/editorialcanchales.es\/pt\/wp-json\/wp\/v2\/product_brand?post=909"},{"taxonomy":"product_cat","embeddable":true,"href":"https:\/\/editorialcanchales.es\/pt\/wp-json\/wp\/v2\/product_cat?post=909"},{"taxonomy":"product_tag","embeddable":true,"href":"https:\/\/editorialcanchales.es\/pt\/wp-json\/wp\/v2\/product_tag?post=909"}],"curies":[{"name":"wp","href":"https:\/\/api.w.org\/{rel}","templated":true}]}}