{"id":904,"date":"2023-09-17T07:14:26","date_gmt":"2023-09-17T07:14:26","guid":{"rendered":"https:\/\/editorialcanchales.es\/?post_type=product&#038;p=904"},"modified":"2023-12-14T08:06:01","modified_gmt":"2023-12-14T08:06:01","slug":"caza-de-la-perdiz-con-reclamo","status":"publish","type":"product","link":"https:\/\/editorialcanchales.es\/pt\/produto\/caza-de-la-perdiz-con-reclamo\/","title":{"rendered":"CAZA DE LA PERDIZ CON RECLAMO"},"content":{"rendered":"<div class=\"elementor-element elementor-element-9fcf16a elementor-widget elementor-widget-text-editor\" data-id=\"9fcf16a\" data-element_type=\"widget\" data-widget_type=\"text-editor.default\">\n<div class=\"elementor-widget-container\">\n<div class=\"elementor-text-editor elementor-clearfix\">\n<div class=\"page\" title=\"Miguel Bulnes Cercas nasceu em Ibahernando (C\u00e1ceres) em 1957. Come\u00e7ou a ser conhecido como narrador com o livro \u201cCon las capas largas\u201d editado em 2002. Desde ent\u00e3o mais oito t\u00edtulos se juntaram a esse primeiro: \u201cUn m\u00e1gico sue\u00f1o a lomos de una perdiz\u201d, 2005, \u201cT\u00edo Manuel y Pies Planos\u201d, 2006, \u201cPat\u00e1n, el perro de un maqui\u201d, 2007, \u201cLas perdices del olivar\u201d, 2007, \u201cLos venados del abanico\u201d, 2011, \u201cEntre dos mundos\u201d, 2012, \u201cPatas de Urraca\u201d, 2018 e \u201cLos pollos de la Redondilla\u201d, 2019. Todos eles t\u00eam-no formado como uma pena h\u00e1bil e divertida, al\u00e9m de versada em todos os segredos do mundo da ca\u00e7a e do campo, das suas gentes e, sobre tudo, das perdizes, a sua grande paix\u00e3o. Agora publica connosco a nova obra: \u201cGarbanzo o la g\u00e9nesis de un reclamo\u201d.\">\n<div class=\"layoutArea\">\n<div class=\"column\"><\/div>\n<\/div>\n<\/div>\n<\/div>\n<\/div>\n<\/div>\n<p class=\"p1\">Nem \u00e9 preciso dizer que o inusitado ou inusitado \u00e9 sempre sugestivo e atrai a todos; portanto..., o motivo desta anedota do cuquillero. Sessenta e sete observadores de aves de todas as regi\u00f5es espanholas, onde se pratica esta modalidade de ca\u00e7a, participam comigo com hist\u00f3rias um pouco fora do quotidiano do perdigonero, partilhando lan\u00e7os incr\u00edveis que lhes aconteceram, \u00e0 fam\u00edlia ou a amigos\/colegas .<br \/>\nCom estas condi\u00e7\u00f5es, este volume inclui n\u00e3o s\u00f3 escritores que j\u00e1 publicaram livros ou artigos sobre esta modalidade de ca\u00e7a, mas tamb\u00e9m adeptos que, embora a \u201ccaneta\u201d n\u00e3o seja o seu ponto forte, os acompanham na sua carreira com a gaiola. , hist\u00f3rias saborosas e interessantes que nos foram enviadas em forma de contos, que constituem o conte\u00fado desta anedota, sobre a antiga forma de compreender a ca\u00e7a \u00e0 perdiz vermelha espanhola.<br \/>\nMas tamb\u00e9m, como em quase todas as ocasi\u00f5es, uma imagem vale mais que mil palavras, fotografias e desenhos relacionados com a tem\u00e1tica da observa\u00e7\u00e3o de aves completam este atractivo comp\u00eandio sobre uma modalidade de ca\u00e7a t\u00e3o fascinante, na chave de hist\u00f3rias curiosas.<\/p>","protected":false},"excerpt":{"rendered":"<p>JOS\u00c9 ANTONIO ROMERO LLUCH<\/p>\n<ul class=\"ul1\">\n<li class=\"li1\"><span class=\"s2\">L\u00edngua:\n\nESPANHOL<\/span><\/li>\n<li class=\"li1\"><span class=\"s2\">Encuadernaci\u00f3n: R\u00fastica laminada brillo<\/span><\/li>\n<li class=\"li1\"><span class=\"s2\">P\u00e1ginas: 320<\/span><\/li>\n<li class=\"li1\"><span class=\"s2\">Impresi\u00f3n: Color y B\/N<\/span><\/li>\n<li class=\"li1\"><span class=\"s2\">Contenido: Textos, fotograf\u00edas e ilustraciones<\/span><\/li>\n<li class=\"li1\"><span class=\"s2\">Medidas: 170&#215;240 mm.<\/span><\/li>\n<\/ul>","protected":false},"featured_media":891,"comment_status":"open","ping_status":"closed","template":"","meta":[],"product_brand":[],"product_cat":[51,27],"product_tag":[50],"class_list":{"0":"post-904","1":"product","2":"type-product","3":"status-publish","4":"has-post-thumbnail","6":"product_cat-jose-antonio-romero-lluch","7":"product_cat-perdiz-con-reclamo","8":"product_tag-perdices","10":"first","11":"instock","12":"taxable","13":"shipping-taxable","14":"purchasable","15":"product-type-simple"},"aioseo_notices":[],"_links":{"self":[{"href":"https:\/\/editorialcanchales.es\/pt\/wp-json\/wp\/v2\/product\/904","targetHints":{"allow":["GET"]}}],"collection":[{"href":"https:\/\/editorialcanchales.es\/pt\/wp-json\/wp\/v2\/product"}],"about":[{"href":"https:\/\/editorialcanchales.es\/pt\/wp-json\/wp\/v2\/types\/product"}],"replies":[{"embeddable":true,"href":"https:\/\/editorialcanchales.es\/pt\/wp-json\/wp\/v2\/comments?post=904"}],"version-history":[{"count":4,"href":"https:\/\/editorialcanchales.es\/pt\/wp-json\/wp\/v2\/product\/904\/revisions"}],"predecessor-version":[{"id":983,"href":"https:\/\/editorialcanchales.es\/pt\/wp-json\/wp\/v2\/product\/904\/revisions\/983"}],"wp:featuredmedia":[{"embeddable":true,"href":"https:\/\/editorialcanchales.es\/pt\/wp-json\/wp\/v2\/media\/891"}],"wp:attachment":[{"href":"https:\/\/editorialcanchales.es\/pt\/wp-json\/wp\/v2\/media?parent=904"}],"wp:term":[{"taxonomy":"product_brand","embeddable":true,"href":"https:\/\/editorialcanchales.es\/pt\/wp-json\/wp\/v2\/product_brand?post=904"},{"taxonomy":"product_cat","embeddable":true,"href":"https:\/\/editorialcanchales.es\/pt\/wp-json\/wp\/v2\/product_cat?post=904"},{"taxonomy":"product_tag","embeddable":true,"href":"https:\/\/editorialcanchales.es\/pt\/wp-json\/wp\/v2\/product_tag?post=904"}],"curies":[{"name":"wp","href":"https:\/\/api.w.org\/{rel}","templated":true}]}}