{"id":867,"date":"2022-12-18T20:30:18","date_gmt":"2022-12-18T20:30:18","guid":{"rendered":"https:\/\/editorialcanchales.es\/?post_type=product&#038;p=867"},"modified":"2022-12-18T20:49:33","modified_gmt":"2022-12-18T20:49:33","slug":"negocios-de-caceres-de-ayer-y-de-hoy","status":"publish","type":"product","link":"https:\/\/editorialcanchales.es\/pt\/produto\/negocios-de-caceres-de-ayer-y-de-hoy\/","title":{"rendered":"NEGOCIOS DE C\u00c1CERES DE AYER Y DE HOY"},"content":{"rendered":"<div class=\"style\">\n<p class=\"paragraph_style_2\">Sexto t\u00edtulo de Antonio Garc\u00eda Villal\u00f3n sobre o passado e o presente da cidade de C\u00e1ceres. Se \u00e9 inevit\u00e1vel para o povo de C\u00e1ceres recordar cenas passadas, empresas e personagens locais, \u00e9 extremamente complicado compilar muitas delas, ainda mais com a profus\u00e3o de dados e detalhes, incluindo imagens, que o autor compila neste livro. Um excelente trabalho, convertido num passeio cativante pela cidade, que nos leva atrav\u00e9s das antigas tabernas, mercearias, col\u00f3nias, lojas, quiosques ou sapatarias de outrora, e nos leva atrav\u00e9s de outros antigos neg\u00f3cios de C\u00e1ceres, tais como bares, oficinas, pastelarias, cabeleireiros, etc., que ainda hoje se encontram abertos. \nNegocios de C\u00e1ceres de ayer y de hoy, confirma o autor como um dos mais singulares cronistas da nossa cidade, que dedicou o seu trabalho a perpetuar no papel as mem\u00f3rias indel\u00e9veis que n\u00f3s, o povo de C\u00e1ceres, guardamos nas nossas cabe\u00e7as e nos nossos cora\u00e7\u00f5es.<\/p>\n<p class=\"paragraph_style_2\">Negocios de C\u00e1ceres de ayer y de hoy, confirma al autor como uno de los m\u00e1s singulares cronistas de nuestra ciudad, que ha consagrado su obra a perpetuar en el papel los indelebles recuerdos que los cacere\u00f1os guardamos en nuestra cabeza, y en nuestro coraz\u00f3n.<\/p>\n<\/div>\n<div class=\"tinyText\"><\/div>","protected":false},"excerpt":{"rendered":"<p>ANTONIO GARC\u00cdA VILLAL\u00d3N<\/p>\n<ul>\n<li class=\"paragraph_style_3\"><span class=\"style_2\">L\u00edngua<\/span><span class=\"style_3\">: <\/span><span class=\"style_4\">ESPANHOL<br \/>\n<\/span><\/li>\n<li class=\"paragraph_style_4\"><span class=\"style_2\">Encaderna\u00e7\u00e3o<\/span><span class=\"style_3\">: <\/span><span class=\"style_4\">R\u00fastica <\/span><span class=\"style_4\">Laminado brillo<br \/>\n<\/span><\/li>\n<li class=\"paragraph_style_4\"><span class=\"style_2\">P\u00e1ginas<\/span><span class=\"style_3\">: <\/span><span class=\"style_4\">314<br \/>\n<\/span><\/li>\n<li class=\"paragraph_style_4\"><span class=\"style_2\">Impress\u00e3o<\/span><span class=\"style_3\">: <\/span><span class=\"style_4\">Color y B\/N<br \/>\n<\/span><\/li>\n<li class=\"paragraph_style_4\"><span class=\"style_2\">Conte\u00fado<\/span><span class=\"style_3\">: <\/span><span class=\"style_4\">Textos, fotograf\u00edas <\/span><span class=\"style_4\">e ilustra\u00e7\u00f5es<br \/>\n<\/span><\/li>\n<li class=\"paragraph_style_4\"><span class=\"style_2\">Medidas<\/span><span class=\"style_3\">: 210<\/span><span class=\"style_4\">x275 mm.<\/span><\/li>\n<\/ul>","protected":false},"featured_media":868,"comment_status":"open","ping_status":"closed","template":"","meta":[],"product_brand":[],"product_cat":[49,29],"product_tag":[],"class_list":{"0":"post-867","1":"product","2":"type-product","3":"status-publish","4":"has-post-thumbnail","6":"product_cat-antonio-garcia-villalon","7":"product_cat-otra-tematica","9":"first","10":"instock","11":"taxable","12":"shipping-taxable","13":"purchasable","14":"product-type-simple"},"aioseo_notices":[],"_links":{"self":[{"href":"https:\/\/editorialcanchales.es\/pt\/wp-json\/wp\/v2\/product\/867","targetHints":{"allow":["GET"]}}],"collection":[{"href":"https:\/\/editorialcanchales.es\/pt\/wp-json\/wp\/v2\/product"}],"about":[{"href":"https:\/\/editorialcanchales.es\/pt\/wp-json\/wp\/v2\/types\/product"}],"replies":[{"embeddable":true,"href":"https:\/\/editorialcanchales.es\/pt\/wp-json\/wp\/v2\/comments?post=867"}],"version-history":[{"count":2,"href":"https:\/\/editorialcanchales.es\/pt\/wp-json\/wp\/v2\/product\/867\/revisions"}],"predecessor-version":[{"id":875,"href":"https:\/\/editorialcanchales.es\/pt\/wp-json\/wp\/v2\/product\/867\/revisions\/875"}],"wp:featuredmedia":[{"embeddable":true,"href":"https:\/\/editorialcanchales.es\/pt\/wp-json\/wp\/v2\/media\/868"}],"wp:attachment":[{"href":"https:\/\/editorialcanchales.es\/pt\/wp-json\/wp\/v2\/media?parent=867"}],"wp:term":[{"taxonomy":"product_brand","embeddable":true,"href":"https:\/\/editorialcanchales.es\/pt\/wp-json\/wp\/v2\/product_brand?post=867"},{"taxonomy":"product_cat","embeddable":true,"href":"https:\/\/editorialcanchales.es\/pt\/wp-json\/wp\/v2\/product_cat?post=867"},{"taxonomy":"product_tag","embeddable":true,"href":"https:\/\/editorialcanchales.es\/pt\/wp-json\/wp\/v2\/product_tag?post=867"}],"curies":[{"name":"wp","href":"https:\/\/api.w.org\/{rel}","templated":true}]}}