{"id":826,"date":"2022-06-09T05:30:18","date_gmt":"2022-06-09T05:30:18","guid":{"rendered":"https:\/\/editorialcanchales.es\/?post_type=product&#038;p=826"},"modified":"2022-10-11T20:52:33","modified_gmt":"2022-10-11T20:52:33","slug":"garbanzo-o-la-genesis-de-un-reclamo","status":"publish","type":"product","link":"https:\/\/editorialcanchales.es\/pt\/produto\/garbanzo-o-la-genesis-de-un-reclamo\/","title":{"rendered":"GARBANZO O LA G\u00c9NESIS DE UN RECLAMO"},"content":{"rendered":"<p class=\"p1\"><span class=\"s1\">A hist\u00f2ria de <i>Garbanzo<\/i>, um excelente perdig\u00e3o que, ap\u00f3s nascer e passar os primeiros dias no campo, por vicissitudes da sua vida acaba por se criar num monte ao cuidado do Ant\u00f3nio e da Nicolasa, um afectuoso casal de guardas que o adoptam quase como a um filho, passando a formar parte das suas vidas.<span class=\"Apple-converted-space\">\u00a0<\/span><\/span><\/p>\n<p class=\"p1\"><span class=\"s1\">Realidade e fic\u00e7\u00e3o, verdades e fantasias, misturam-se num relato em primeira pessoa, partilhado, no qual, umas vez o <i>Garbanzo <\/i>e outras o Miguel \u2013 o feliz ca\u00e7ador de perdig\u00e3o que ca\u00e7a com ele - descrevem pormenorizadamente cada aguardo, surpreendido e maravilhado o segundo pelo excelente trabalho no p\u00falpito do primeiro, que faz gala das qualidades excepcionais e recursos de um perdig\u00e3o de extraordin\u00e1rio.<span class=\"Apple-converted-space\">\u00a0<\/span><\/span><\/p>\n<p class=\"p1\"><span class=\"s1\">\u00c9 a \u00faltima obra de Miguel Bulnes. <i>Con las capas largas, Las perdices del Olivar, Los pollos de la Redondilla<\/i>\u00e9 falar fundamentalmente da ca\u00e7a da perdiz com perdig\u00e3o. Perspicaz observador e profundo conhecedor desta apaixonante modalidade de ca\u00e7a, re\u00fane neste ameno e interessante livro as suas aprecia\u00e7\u00f5es e teorias sobre o comportamento dos perdig\u00f5es e das perdizes.<span class=\"Apple-converted-space\">\u00a0<\/span><\/span><\/p>","protected":false},"excerpt":{"rendered":"<p><span class=\"s1\">A hist\u00f2ria de <i>Garbanzo<\/i>, um excelente perdig\u00e3o que, ap\u00f3s nascer e passar os primeiros dias no campo, por vicissitudes da sua vida acaba por se criar num monte ao cuidado do Ant\u00f3nio e da Nicolasa, um afectuoso casal de guardas que o adoptam quase como a um filho, passando a formar parte das suas vidas. <\/span><\/p>","protected":false},"featured_media":833,"comment_status":"open","ping_status":"closed","template":"","meta":[],"product_brand":[],"product_cat":[33,27],"product_tag":[50],"class_list":{"0":"post-826","1":"product","2":"type-product","3":"status-publish","4":"has-post-thumbnail","6":"product_cat-miguel-bulnes-cercas","7":"product_cat-perdiz-con-reclamo","8":"product_tag-perdices","10":"first","11":"instock","12":"taxable","13":"shipping-taxable","14":"purchasable","15":"product-type-simple"},"aioseo_notices":[],"_links":{"self":[{"href":"https:\/\/editorialcanchales.es\/pt\/wp-json\/wp\/v2\/product\/826","targetHints":{"allow":["GET"]}}],"collection":[{"href":"https:\/\/editorialcanchales.es\/pt\/wp-json\/wp\/v2\/product"}],"about":[{"href":"https:\/\/editorialcanchales.es\/pt\/wp-json\/wp\/v2\/types\/product"}],"replies":[{"embeddable":true,"href":"https:\/\/editorialcanchales.es\/pt\/wp-json\/wp\/v2\/comments?post=826"}],"version-history":[{"count":3,"href":"https:\/\/editorialcanchales.es\/pt\/wp-json\/wp\/v2\/product\/826\/revisions"}],"predecessor-version":[{"id":838,"href":"https:\/\/editorialcanchales.es\/pt\/wp-json\/wp\/v2\/product\/826\/revisions\/838"}],"wp:featuredmedia":[{"embeddable":true,"href":"https:\/\/editorialcanchales.es\/pt\/wp-json\/wp\/v2\/media\/833"}],"wp:attachment":[{"href":"https:\/\/editorialcanchales.es\/pt\/wp-json\/wp\/v2\/media?parent=826"}],"wp:term":[{"taxonomy":"product_brand","embeddable":true,"href":"https:\/\/editorialcanchales.es\/pt\/wp-json\/wp\/v2\/product_brand?post=826"},{"taxonomy":"product_cat","embeddable":true,"href":"https:\/\/editorialcanchales.es\/pt\/wp-json\/wp\/v2\/product_cat?post=826"},{"taxonomy":"product_tag","embeddable":true,"href":"https:\/\/editorialcanchales.es\/pt\/wp-json\/wp\/v2\/product_tag?post=826"}],"curies":[{"name":"wp","href":"https:\/\/api.w.org\/{rel}","templated":true}]}}