{"id":779,"date":"2021-12-10T17:39:47","date_gmt":"2021-12-10T17:39:47","guid":{"rendered":"https:\/\/editorialcanchales.es\/?post_type=product&#038;p=779"},"modified":"2024-09-24T06:38:06","modified_gmt":"2024-09-24T17:08:06","slug":"mas-de-cien-chascarrillos-de-caceres","status":"publish","type":"product","link":"https:\/\/editorialcanchales.es\/pt\/produto\/mas-de-cien-chascarrillos-de-caceres\/","title":{"rendered":"M\u00c1S DE CIEN CHASCARRILLOS DE C\u00c1CERES"},"content":{"rendered":"<div class=\"style\">\n<p class=\"paragraph_style_2\">\u00c9 verdade que os tempos d\u00e3o e tiram, mas n\u00e3o \u00e9 menos verdade que cada homem tem a sua paisagem, e a sua cidade: aquela em que nasceu, cresceu e viveu. Aqueles de n\u00f3s de C\u00e1ceres por nascimento ou adop\u00e7\u00e3o - e ainda mais aqueles de n\u00f3s que est\u00e3o a atingir uma certa idade - t\u00eam nas suas mem\u00f3rias cada um dos Chascarrillos deste livro, o que nos far\u00e1 desfrutar e ansiar por eles enquanto lemos e navegamos atrav\u00e9s dele. Cada um deles vai fazer-nos evocar nostalgicamente ruas, lojas, personagens, neg\u00f3cios e edif\u00edcios antigos, que s\u00e3o identificados com um modo de vida e rela\u00e7\u00f5es que est\u00e1 inexoravelmente a ser deixado para tr\u00e1s.<\/p>\n<p class=\"paragraph_style_2\">Um livro com quase oitocentas imagens de uma C\u00e1ceres que j\u00e1 n\u00e3o existe, nem nunca mais voltar\u00e1. Uma espl\u00eandida compila\u00e7\u00e3o de mem\u00f3rias que despertam a nostalgia de um tempo que passou, e que com o passar dos anos est\u00e3o a ser varridas pelos ditames do progresso.<\/p>\n<\/div>\n<div class=\"tinyText\"><\/div>","protected":false},"excerpt":{"rendered":"<p>ANTONIO GARC\u00cdA VILLAL\u00d3N<\/p>\n<ul>\n<li class=\"paragraph_style_3\"><span class=\"style_2\">L\u00edngua<\/span><span class=\"style_3\">: <\/span><span class=\"style_4\">ESPANHOL<br \/>\n<\/span><\/li>\n<li class=\"paragraph_style_4\"><span class=\"style_2\">Encaderna\u00e7\u00e3o<\/span><span class=\"style_3\">: <\/span><span class=\"style_4\">R\u00fastica <\/span><span class=\"style_4\">Laminado brillo<br \/>\n<\/span><\/li>\n<li class=\"paragraph_style_4\"><span class=\"style_2\">P\u00e1ginas<\/span><span class=\"style_3\">: <\/span><span class=\"style_4\">288<br \/>\n<\/span><\/li>\n<li class=\"paragraph_style_4\"><span class=\"style_2\">Impress\u00e3o<\/span><span class=\"style_3\">: <\/span><span class=\"style_4\">Color y B\/N<br \/>\n<\/span><\/li>\n<li class=\"paragraph_style_4\"><span class=\"style_2\">Conte\u00fado<\/span><span class=\"style_3\">: <\/span><span class=\"style_4\">Textos, fotograf\u00edas <\/span><span class=\"style_4\">e ilustra\u00e7\u00f5es<br \/>\n<\/span><\/li>\n<li class=\"paragraph_style_4\"><span class=\"style_2\">Medidas<\/span><span class=\"style_3\">: 210<\/span><span class=\"style_4\">x275 mm.<\/span><\/li>\n<\/ul>","protected":false},"featured_media":1079,"comment_status":"open","ping_status":"closed","template":"","meta":[],"product_brand":[],"product_cat":[49,29],"product_tag":[],"class_list":{"0":"post-779","1":"product","2":"type-product","3":"status-publish","4":"has-post-thumbnail","6":"product_cat-antonio-garcia-villalon","7":"product_cat-otra-tematica","9":"first","10":"outofstock","11":"taxable","12":"shipping-taxable","13":"purchasable","14":"product-type-simple"},"aioseo_notices":[],"_links":{"self":[{"href":"https:\/\/editorialcanchales.es\/pt\/wp-json\/wp\/v2\/product\/779","targetHints":{"allow":["GET"]}}],"collection":[{"href":"https:\/\/editorialcanchales.es\/pt\/wp-json\/wp\/v2\/product"}],"about":[{"href":"https:\/\/editorialcanchales.es\/pt\/wp-json\/wp\/v2\/types\/product"}],"replies":[{"embeddable":true,"href":"https:\/\/editorialcanchales.es\/pt\/wp-json\/wp\/v2\/comments?post=779"}],"version-history":[{"count":3,"href":"https:\/\/editorialcanchales.es\/pt\/wp-json\/wp\/v2\/product\/779\/revisions"}],"predecessor-version":[{"id":1075,"href":"https:\/\/editorialcanchales.es\/pt\/wp-json\/wp\/v2\/product\/779\/revisions\/1075"}],"wp:featuredmedia":[{"embeddable":true,"href":"https:\/\/editorialcanchales.es\/pt\/wp-json\/wp\/v2\/media\/1079"}],"wp:attachment":[{"href":"https:\/\/editorialcanchales.es\/pt\/wp-json\/wp\/v2\/media?parent=779"}],"wp:term":[{"taxonomy":"product_brand","embeddable":true,"href":"https:\/\/editorialcanchales.es\/pt\/wp-json\/wp\/v2\/product_brand?post=779"},{"taxonomy":"product_cat","embeddable":true,"href":"https:\/\/editorialcanchales.es\/pt\/wp-json\/wp\/v2\/product_cat?post=779"},{"taxonomy":"product_tag","embeddable":true,"href":"https:\/\/editorialcanchales.es\/pt\/wp-json\/wp\/v2\/product_tag?post=779"}],"curies":[{"name":"wp","href":"https:\/\/api.w.org\/{rel}","templated":true}]}}