{"id":766,"date":"2021-12-06T07:56:21","date_gmt":"2021-12-06T07:56:21","guid":{"rendered":"https:\/\/editorialcanchales.es\/?post_type=product&#038;p=766"},"modified":"2021-12-10T07:52:02","modified_gmt":"2021-12-10T07:52:02","slug":"historias-de-caza","status":"publish","type":"product","link":"https:\/\/editorialcanchales.es\/pt\/produto\/historias-de-caza\/","title":{"rendered":"HISTORIAS DE CAZA"},"content":{"rendered":"<p><em> \u2026Literalmente o meu sangue fervia, sobre todo com os porcos, e a partir de a\u00ed, cacei com uma intensidade desmesurada, quase veementemente, e digo isto sem exagerar nem um \u00e1pice. Para bem ou para mal, quase posso dizer que a ca\u00e7a tem condicionado a minha vida. Desfrutei a ca\u00e7ar como nunca pensei que o pudesse chegar a fazer, e como nunca pensei que se pudesse desfrutar com qualquer outra coisa, nem de qualquer outra forma\u2026 at\u00e9 que comecei a ca\u00e7ar com a minha filha. <\/em><\/p>\n<p><em>A ca\u00e7ar com a minha filha descobri a verdadeira dimens\u00e3o da ca\u00e7a, algo que de alguma sempre tinha vislumbrado, mas que n\u00e3o conseguia definir claramente, e \u00e9 que a ca\u00e7a excede do \u00e2mbito de satisfa\u00e7\u00e3o pessoal para se erigir numa esp\u00e9cie de filosofia da vida, e que esta, que \u00e9 a pr\u00f3pria ess\u00eancia da ca\u00e7a, \u00e9 a que se transmite de pais para filhos. <\/em><\/p>\n<p><em>Mas isto n\u00e3o quer dizer que n\u00e3o continue a ca\u00e7ar sozinho ou que n\u00e3o desfrute ao faz\u00ea-lo. Desfruto a ca\u00e7ar eu e desfruto a ca\u00e7ar com a minha filha, porque na pr\u00e1tica, n\u00e3o encontro diferen\u00e7as entre uma e outra situa\u00e7\u00e3o. Ca\u00e7o e pinto final. <\/em><\/p>\n<p>\u00daltimo livro do Pepe Murillo que, como qualquer um dos anteriores, escorre sentimento e destila paix\u00e3o, pela vida, pelo campo, e pela ca\u00e7a. Um relato din\u00e2mico, directo e intenso. Uma sucess\u00e3o de hist\u00f3rias de ca\u00e7a que prendem o leitor e que o obrigar\u00e3o a l\u00ear.<\/p>","protected":false},"excerpt":{"rendered":"<p>JOS\u00c9 MURILLO S\u00c1NCHEZ<\/p>\n<ul>\n<li class=\"paragraph_style_5\"><span class=\"style_3\">L\u00edngua<\/span><span class=\"style_4\">:\u00a0<\/span><span class=\"style_5\">ESPANHOL<br \/>\n<\/span><\/li>\n<li class=\"paragraph_style_6\"><span class=\"style_3\">Encaderna\u00e7\u00e3o<\/span><span class=\"style_4\">: Tapa dura laminada mate<\/span><span class=\"style_5\"><br \/>\n<\/span><\/li>\n<li class=\"paragraph_style_6\"><span class=\"style_3\">P\u00e1ginas<\/span><span class=\"style_4\">:\u00a0<\/span><span class=\"style_5\">352<br \/>\n<\/span><\/li>\n<li class=\"paragraph_style_6\"><span class=\"style_3\">Impress\u00e3o<\/span><span class=\"style_4\">:\u00a0<\/span><span class=\"style_5\">B\/N y color<br \/>\n<\/span><\/li>\n<li class=\"paragraph_style_6\"><span class=\"style_3\">Conte\u00fado<\/span><span class=\"style_4\">:\u00a0<\/span><span class=\"style_5\">Textos e fotografias<br \/>\n<\/span><\/li>\n<li class=\"paragraph_style_6\"><span class=\"style_3\">Medidas<\/span><span class=\"style_4\">:\u00a0<\/span><span class=\"style_5\">170\u00d7240 mm.<\/span><\/li>\n<\/ul>","protected":false},"featured_media":767,"comment_status":"open","ping_status":"closed","template":"","meta":[],"product_brand":[],"product_cat":[26,31],"product_tag":[],"class_list":{"0":"post-766","1":"product","2":"type-product","3":"status-publish","4":"has-post-thumbnail","6":"product_cat-esperas","7":"product_cat-jose-murillo","9":"first","10":"instock","11":"virtual","12":"taxable","13":"purchasable","14":"product-type-simple"},"aioseo_notices":[],"_links":{"self":[{"href":"https:\/\/editorialcanchales.es\/pt\/wp-json\/wp\/v2\/product\/766","targetHints":{"allow":["GET"]}}],"collection":[{"href":"https:\/\/editorialcanchales.es\/pt\/wp-json\/wp\/v2\/product"}],"about":[{"href":"https:\/\/editorialcanchales.es\/pt\/wp-json\/wp\/v2\/types\/product"}],"replies":[{"embeddable":true,"href":"https:\/\/editorialcanchales.es\/pt\/wp-json\/wp\/v2\/comments?post=766"}],"version-history":[{"count":2,"href":"https:\/\/editorialcanchales.es\/pt\/wp-json\/wp\/v2\/product\/766\/revisions"}],"predecessor-version":[{"id":777,"href":"https:\/\/editorialcanchales.es\/pt\/wp-json\/wp\/v2\/product\/766\/revisions\/777"}],"wp:featuredmedia":[{"embeddable":true,"href":"https:\/\/editorialcanchales.es\/pt\/wp-json\/wp\/v2\/media\/767"}],"wp:attachment":[{"href":"https:\/\/editorialcanchales.es\/pt\/wp-json\/wp\/v2\/media?parent=766"}],"wp:term":[{"taxonomy":"product_brand","embeddable":true,"href":"https:\/\/editorialcanchales.es\/pt\/wp-json\/wp\/v2\/product_brand?post=766"},{"taxonomy":"product_cat","embeddable":true,"href":"https:\/\/editorialcanchales.es\/pt\/wp-json\/wp\/v2\/product_cat?post=766"},{"taxonomy":"product_tag","embeddable":true,"href":"https:\/\/editorialcanchales.es\/pt\/wp-json\/wp\/v2\/product_tag?post=766"}],"curies":[{"name":"wp","href":"https:\/\/api.w.org\/{rel}","templated":true}]}}