{"id":749,"date":"2021-11-29T11:31:08","date_gmt":"2021-11-29T11:31:08","guid":{"rendered":"https:\/\/editorialcanchales.es\/?post_type=product&#038;p=749"},"modified":"2025-04-15T06:52:05","modified_gmt":"2025-04-15T17:22:05","slug":"cronometro-a-cero-mis-viajes-por-extremadura","status":"publish","type":"product","link":"https:\/\/editorialcanchales.es\/pt\/produto\/cronometro-a-cero-mis-viajes-por-extremadura\/","title":{"rendered":"CRON\u00d3METRO A CERO. Mis viajes por Extremadura"},"content":{"rendered":"<div class=\"style\">\n<p class=\"paragraph_style_2\">O autor, que ap\u00f3s se ter aposentado come\u00e7a uma nova etapa da sua vida, come\u00e7a a percorrer as terras estremenhas e a escrever as suas experi\u00eancias, introduzindo num ameno y divertido relato, dados hist\u00f3ricos e geogr\u00e1ficos de cada localidade, os seus monumentos e arte, paisagens, natureza e as suas gentes\u2026<br \/>\nDesde um agudo e penetrante ponto de vista, na narra\u00e7\u00e3o vai alinhavando toda esta informa\u00e7\u00e3o com hist\u00f3rias, coment\u00e1rios pessoais, e conversas com curiosas personagens e companheiros de viagem, finalizando a cr\u00f3nica de cada epis\u00f3dio com uma receita culin\u00e1ria, que enriquece o livro com atraentes ares gastron\u00f3micos.<br \/>\nUm livro de viagens original e interessante, que permite o leitor conhecer melhor e mais a fundo as povoa\u00e7\u00f5es e gentes da Extremadura, assim como a nossa cozinha.<\/p>\n<\/div>\n<div class=\"tinyText\"><\/div>","protected":false},"excerpt":{"rendered":"<p>MANUEL GARC\u00cdA VILLAL\u00d3N<\/p>\n<ul>\n<li class=\"paragraph_style_3\"><span class=\"style_2\">L\u00edngua<\/span><span class=\"style_3\">: <\/span><span class=\"style_4\">ESPANHOL<br \/>\n<\/span><\/li>\n<li class=\"paragraph_style_4\"><span class=\"style_2\">Encaderna\u00e7\u00e3o<\/span><span class=\"style_3\">: <\/span><span class=\"style_4\">R\u00fastica <\/span><span class=\"style_4\">Laminado brillo<br \/>\n<\/span><\/li>\n<li class=\"paragraph_style_4\"><span class=\"style_2\">P\u00e1ginas<\/span><span class=\"style_3\">: <\/span><span class=\"style_4\">285<br \/>\n<\/span><\/li>\n<li class=\"paragraph_style_4\"><span class=\"style_2\">Impress\u00e3o<\/span><span class=\"style_3\">: <\/span><span class=\"style_4\">Color y B\/N<br \/>\n<\/span><\/li>\n<li class=\"paragraph_style_4\"><span class=\"style_2\">Conte\u00fado<\/span><span class=\"style_3\">: <\/span><span class=\"style_4\">Textos, fotograf\u00edas <\/span><span class=\"style_4\">e ilustra\u00e7\u00f5es<br \/>\n<\/span><\/li>\n<li class=\"paragraph_style_4\"><span class=\"style_2\">Medidas<\/span><span class=\"style_3\">: <\/span><span class=\"style_4\">170&#215;240 mm.<\/span><\/li>\n<\/ul>","protected":false},"featured_media":748,"comment_status":"open","ping_status":"closed","template":"","meta":[],"product_brand":[],"product_cat":[42,29],"product_tag":[],"class_list":{"0":"post-749","1":"product","2":"type-product","3":"status-publish","4":"has-post-thumbnail","6":"product_cat-manuel-garcia-villalon","7":"product_cat-otra-tematica","9":"first","10":"instock","11":"taxable","12":"shipping-taxable","13":"purchasable","14":"product-type-simple"},"aioseo_notices":[],"_links":{"self":[{"href":"https:\/\/editorialcanchales.es\/pt\/wp-json\/wp\/v2\/product\/749","targetHints":{"allow":["GET"]}}],"collection":[{"href":"https:\/\/editorialcanchales.es\/pt\/wp-json\/wp\/v2\/product"}],"about":[{"href":"https:\/\/editorialcanchales.es\/pt\/wp-json\/wp\/v2\/types\/product"}],"replies":[{"embeddable":true,"href":"https:\/\/editorialcanchales.es\/pt\/wp-json\/wp\/v2\/comments?post=749"}],"version-history":[{"count":3,"href":"https:\/\/editorialcanchales.es\/pt\/wp-json\/wp\/v2\/product\/749\/revisions"}],"predecessor-version":[{"id":761,"href":"https:\/\/editorialcanchales.es\/pt\/wp-json\/wp\/v2\/product\/749\/revisions\/761"}],"wp:featuredmedia":[{"embeddable":true,"href":"https:\/\/editorialcanchales.es\/pt\/wp-json\/wp\/v2\/media\/748"}],"wp:attachment":[{"href":"https:\/\/editorialcanchales.es\/pt\/wp-json\/wp\/v2\/media?parent=749"}],"wp:term":[{"taxonomy":"product_brand","embeddable":true,"href":"https:\/\/editorialcanchales.es\/pt\/wp-json\/wp\/v2\/product_brand?post=749"},{"taxonomy":"product_cat","embeddable":true,"href":"https:\/\/editorialcanchales.es\/pt\/wp-json\/wp\/v2\/product_cat?post=749"},{"taxonomy":"product_tag","embeddable":true,"href":"https:\/\/editorialcanchales.es\/pt\/wp-json\/wp\/v2\/product_tag?post=749"}],"curies":[{"name":"wp","href":"https:\/\/api.w.org\/{rel}","templated":true}]}}