{"id":740,"date":"2021-11-29T10:57:14","date_gmt":"2021-11-29T10:57:14","guid":{"rendered":"https:\/\/editorialcanchales.es\/?post_type=product&#038;p=740"},"modified":"2024-06-24T19:35:23","modified_gmt":"2024-06-24T19:35:23","slug":"anecfotas-de-21-anos-de-rio","status":"publish","type":"product","link":"https:\/\/editorialcanchales.es\/pt\/produto\/anecfotas-de-21-anos-de-rio\/","title":{"rendered":"AN\u00c9CDOTAS DE 21 A\u00d1OS DE R\u00cdO"},"content":{"rendered":"<div class=\"style\">\n<p class=\"paragraph_style_2\"><em>Quanto aos motivos que me levaram a escrever, suspeito que seria por tratar de unir a afei\u00e7\u00e3o pela cana com o gosto pelas letras. E tamb\u00e9m suponho que desejava continuar \u201ca pescar\u201d em tempo de veda... Porque embora n\u00e3o se possa viver s\u00f3 de lembran\u00e7as, \u00e9 ineg\u00e1vel que as lembran\u00e7as, se forem boas, tamb\u00e9m ajudam a viver. E para o pescador creio que todos as recorda\u00e7\u00f5es s\u00e3o boas. Inclusive os fracassos. Porque se for s\u00e1bio e objectivo ganhar\u00e1 um ensinamento, e em todo caso servir-lhe-\u00e3o para se sentir mais vivo justamente por os ter vivido. <\/em><\/p>\n<p class=\"paragraph_style_2\">Libard\u00f3n, Suar\u00f3n, Esqueiro, Saliencia, Esva, On\u00f3n, Narcea\u2026 s\u00e3o nomes de alguns dos rios asturianos nos quais o autor trava as suas lutas com r\u00e9us e trutas. Nos relatos de lan\u00e7os de pesca, destila paix\u00e3o e consegue que o leitor os viva como pr\u00f3prios, convertendo-se em pescador: Desfruta-se com cada lan\u00e7ada, entusiasma-se com a picada e o pux\u00e3o, arde-se ao fisgar o peixe e lutar com ele, sentindo com a mesma intensidade a satisfa\u00e7\u00e3o da captura como o abatimento e frustra\u00e7\u00e3o do fracasso.<\/p>\n<p class=\"paragraph_style_2\">Interessante e intenso livro de relatos de pesca em rios e cen\u00e1rios id\u00edlicos, escrito com uma prosa amena, din\u00e2mica e divertida, que se l\u00ea de uma vez.<\/p>\n<\/div>\n<div class=\"tinyText\"><\/div>","protected":false},"excerpt":{"rendered":"<p>JOS\u00c9 MANUEL \u00c1LVAREZ MAYO<\/p>\n<ul>\n<li class=\"paragraph_style_3\"><span class=\"style_2\">L\u00edngua<\/span><span class=\"style_3\">: <\/span><span class=\"style_4\">ESPANHOL<br \/>\n<\/span><\/li>\n<li class=\"paragraph_style_4\"><span class=\"style_2\">Encaderna\u00e7\u00e3o<\/span><span class=\"style_3\">: <\/span><span class=\"style_4\">R\u00fastica <\/span><span class=\"style_4\">Laminado brillo<br \/>\n<\/span><\/li>\n<li class=\"paragraph_style_4\"><span class=\"style_2\">P\u00e1ginas<\/span><span class=\"style_3\">: 246<\/span><span class=\"style_4\"><br \/>\n<\/span><\/li>\n<li class=\"paragraph_style_4\"><span class=\"style_2\">Impress\u00e3o<\/span><span class=\"style_3\">: <\/span><span class=\"style_4\">Color y B\/N<br \/>\n<\/span><\/li>\n<li class=\"paragraph_style_4\"><span class=\"style_2\">Conte\u00fado<\/span><span class=\"style_3\">: <\/span><span class=\"style_4\">Textos, fotograf\u00edas <\/span><span class=\"style_4\">e ilustra\u00e7\u00f5es<br \/>\n<\/span><\/li>\n<li class=\"paragraph_style_4\"><span class=\"style_2\">Medidas<\/span><span class=\"style_3\">: <\/span><span class=\"style_4\">170&#215;240 mm.<\/span><\/li>\n<\/ul>","protected":false},"featured_media":790,"comment_status":"open","ping_status":"closed","template":"","meta":[],"product_brand":[],"product_cat":[48,29],"product_tag":[],"class_list":{"0":"post-740","1":"product","2":"type-product","3":"status-publish","4":"has-post-thumbnail","6":"product_cat-jose-manuel-alvarez-mayo","7":"product_cat-otra-tematica","9":"first","10":"instock","11":"taxable","12":"shipping-taxable","13":"purchasable","14":"product-type-simple"},"aioseo_notices":[],"_links":{"self":[{"href":"https:\/\/editorialcanchales.es\/pt\/wp-json\/wp\/v2\/product\/740","targetHints":{"allow":["GET"]}}],"collection":[{"href":"https:\/\/editorialcanchales.es\/pt\/wp-json\/wp\/v2\/product"}],"about":[{"href":"https:\/\/editorialcanchales.es\/pt\/wp-json\/wp\/v2\/types\/product"}],"replies":[{"embeddable":true,"href":"https:\/\/editorialcanchales.es\/pt\/wp-json\/wp\/v2\/comments?post=740"}],"version-history":[{"count":4,"href":"https:\/\/editorialcanchales.es\/pt\/wp-json\/wp\/v2\/product\/740\/revisions"}],"predecessor-version":[{"id":776,"href":"https:\/\/editorialcanchales.es\/pt\/wp-json\/wp\/v2\/product\/740\/revisions\/776"}],"wp:featuredmedia":[{"embeddable":true,"href":"https:\/\/editorialcanchales.es\/pt\/wp-json\/wp\/v2\/media\/790"}],"wp:attachment":[{"href":"https:\/\/editorialcanchales.es\/pt\/wp-json\/wp\/v2\/media?parent=740"}],"wp:term":[{"taxonomy":"product_brand","embeddable":true,"href":"https:\/\/editorialcanchales.es\/pt\/wp-json\/wp\/v2\/product_brand?post=740"},{"taxonomy":"product_cat","embeddable":true,"href":"https:\/\/editorialcanchales.es\/pt\/wp-json\/wp\/v2\/product_cat?post=740"},{"taxonomy":"product_tag","embeddable":true,"href":"https:\/\/editorialcanchales.es\/pt\/wp-json\/wp\/v2\/product_tag?post=740"}],"curies":[{"name":"wp","href":"https:\/\/api.w.org\/{rel}","templated":true}]}}