{"id":673,"date":"2021-05-22T11:54:18","date_gmt":"2021-05-22T11:54:18","guid":{"rendered":"https:\/\/editorialcanchales.es\/?post_type=product&#038;p=673"},"modified":"2021-05-24T07:35:14","modified_gmt":"2021-05-24T07:35:14","slug":"diario-de-un-aguardista-ii-ya-viene","status":"publish","type":"product","link":"https:\/\/editorialcanchales.es\/pt\/produto\/diario-de-un-aguardista-ii-ya-viene\/","title":{"rendered":"DIARIO DE UN AGUARDISTA II. Ya viene&#8230;"},"content":{"rendered":"<div class=\"style\">\n<p class=\"paragraph_style_2\">Pedro Moreno retoma onde os tinha deixado os relatos sobre os aguardos e experi\u00eancias vividas atr\u00e1s dos javalis. Neste novo livro \u2013 a segunda parte do anterior Diario de un aguardista \u2013 partilha de novo com o leitor as anota\u00e7\u00f5es do seu di\u00e1rio, enriquecendo-as com coment\u00e1rios e personagens que v\u00e3o aparecendo ao recordar cada uma das hist\u00f3rias.<br \/>\nA serra, a noite e os seus muitos habitantes, e os javalis, s\u00e3o os ingredientes deste livro de ca\u00e7a, escrito por um ca\u00e7ador preocupado por n\u00e3o esquecer de guardar no seu di\u00e1rio at\u00e9 os mais pequenos pormenores, cada presente que encontra na pr\u00e1tica desta apaixonante modalidade de ca\u00e7a.<\/p>\n<\/div>\n<div class=\"tinyText\"><\/div>","protected":false},"excerpt":{"rendered":"<p>PEDRO MORENO MORGADO<\/p>\n<ul>\n<li class=\"paragraph_style_3\"><span class=\"style_2\">L\u00edngua<\/span><span class=\"style_3\">: <\/span><span class=\"style_4\">ESPANHOL<br \/>\n<\/span><\/li>\n<li class=\"paragraph_style_4\"><span class=\"style_2\">Encaderna\u00e7\u00e3o<\/span><span class=\"style_3\">: <\/span><span class=\"style_4\">R\u00fastica <\/span><span class=\"style_4\">Laminado brillo<br \/>\n<\/span><\/li>\n<li class=\"paragraph_style_4\"><span class=\"style_2\">P\u00e1ginas<\/span><span class=\"style_3\">: <\/span><span class=\"style_4\">320<br \/>\n<\/span><\/li>\n<li class=\"paragraph_style_4\"><span class=\"style_2\">Impress\u00e3o<\/span><span class=\"style_3\">: <\/span><span class=\"style_4\">Color y B\/N<br \/>\n<\/span><\/li>\n<li class=\"paragraph_style_4\"><span class=\"style_2\">Conte\u00fado<\/span><span class=\"style_3\">: <\/span><span class=\"style_4\">Textos, fotograf\u00edas <\/span><span class=\"style_4\">e ilustra\u00e7\u00f5es<br \/>\n<\/span><\/li>\n<li class=\"paragraph_style_4\"><span class=\"style_2\">Medidas<\/span><span class=\"style_3\">: <\/span><span class=\"style_4\">170&#215;240 mm.<\/span><\/li>\n<\/ul>","protected":false},"featured_media":674,"comment_status":"open","ping_status":"closed","template":"","meta":[],"product_brand":[],"product_cat":[26,35],"product_tag":[],"class_list":{"0":"post-673","1":"product","2":"type-product","3":"status-publish","4":"has-post-thumbnail","6":"product_cat-esperas","7":"product_cat-pedro-moreno-morgado","9":"first","10":"instock","11":"taxable","12":"shipping-taxable","13":"purchasable","14":"product-type-simple"},"aioseo_notices":[],"_links":{"self":[{"href":"https:\/\/editorialcanchales.es\/pt\/wp-json\/wp\/v2\/product\/673","targetHints":{"allow":["GET"]}}],"collection":[{"href":"https:\/\/editorialcanchales.es\/pt\/wp-json\/wp\/v2\/product"}],"about":[{"href":"https:\/\/editorialcanchales.es\/pt\/wp-json\/wp\/v2\/types\/product"}],"replies":[{"embeddable":true,"href":"https:\/\/editorialcanchales.es\/pt\/wp-json\/wp\/v2\/comments?post=673"}],"version-history":[{"count":3,"href":"https:\/\/editorialcanchales.es\/pt\/wp-json\/wp\/v2\/product\/673\/revisions"}],"predecessor-version":[{"id":678,"href":"https:\/\/editorialcanchales.es\/pt\/wp-json\/wp\/v2\/product\/673\/revisions\/678"}],"wp:featuredmedia":[{"embeddable":true,"href":"https:\/\/editorialcanchales.es\/pt\/wp-json\/wp\/v2\/media\/674"}],"wp:attachment":[{"href":"https:\/\/editorialcanchales.es\/pt\/wp-json\/wp\/v2\/media?parent=673"}],"wp:term":[{"taxonomy":"product_brand","embeddable":true,"href":"https:\/\/editorialcanchales.es\/pt\/wp-json\/wp\/v2\/product_brand?post=673"},{"taxonomy":"product_cat","embeddable":true,"href":"https:\/\/editorialcanchales.es\/pt\/wp-json\/wp\/v2\/product_cat?post=673"},{"taxonomy":"product_tag","embeddable":true,"href":"https:\/\/editorialcanchales.es\/pt\/wp-json\/wp\/v2\/product_tag?post=673"}],"curies":[{"name":"wp","href":"https:\/\/api.w.org\/{rel}","templated":true}]}}