{"id":626,"date":"2020-12-16T19:03:31","date_gmt":"2020-12-16T19:03:31","guid":{"rendered":"https:\/\/editorialcanchales.es\/?post_type=product&#038;p=626"},"modified":"2021-12-14T20:01:50","modified_gmt":"2021-12-14T20:01:50","slug":"soliloquios-de-un-cazador","status":"publish","type":"product","link":"https:\/\/editorialcanchales.es\/pt\/produto\/soliloquios-de-un-cazador\/","title":{"rendered":"SOLILOQUIOS DE UN CAZADOR"},"content":{"rendered":"<div class=\"style\">\n<p class=\"paragraph_style_2\">O Dicion\u00e1rio da l\u00edngua espanhola da R.A.E. define solil\u00f3quio \u2013 do latim, <em>soliloquium<\/em> \u2013 como <em>Reflex\u00e3o interior ou em voz alta a s\u00f3s.<\/em>A ca\u00e7a em toda a amplitude do seu significado, presta-se a este tipo de divaga\u00e7\u00f5es ou disquisi\u00e7\u00f5es, sobre tudo se for entendida como a sente o autor que, a modo de pre\u00e2mbulo das suas reflex\u00f5es nos traz \u00e0 cola\u00e7\u00e3o duas cita\u00e7\u00f5es, de Miguel Delibes e de Miguel de Unamuno, que esclarecem magnificamente o que segue.<\/p>\n<p class=\"paragraph_style_2\">Salvador Calvo, com uma prosa limpa e culta, oferece-nos sessenta solil\u00f3quios, ilustrados e completados cada um deles por uma imagem, que passeiam pelas recorda\u00e7\u00f5es de um ca\u00e7ador de sempre, com saudades de outros tempos, de campos, de c\u00e3es, de amigos, e da pr\u00f3pria ca\u00e7a\u2026<\/p>\n<\/div>\n<div class=\"tinyText\"><\/div>","protected":false},"excerpt":{"rendered":"<p>SALVADOR CALVO MU\u00d1OZ<\/p>\n<ul>\n<li class=\"paragraph_style_3\">L\u00edngua<span class=\"style_2\">: <\/span>ESPANHOL<span class=\"style_4\"><br \/>\n<\/span><\/li>\n<li class=\"paragraph_style_3\">Encaderna\u00e7\u00e3o<span class=\"style_2\">: <\/span>R\u00fastica laminada mate<span class=\"style_4\"><br \/>\n<\/span><\/li>\n<li class=\"paragraph_style_3\">P\u00e1ginas<span class=\"style_2\">: <\/span>130<span class=\"style_4\"><br \/>\n<\/span><\/li>\n<li class=\"paragraph_style_3\">Impress\u00e3o<span class=\"style_2\">: <\/span>Color<span class=\"style_4\"><br \/>\n<\/span><\/li>\n<li class=\"paragraph_style_3\">Conte\u00fado<span class=\"style_2\">: <\/span>Textos, fotograf\u00edas e ilustraciones<span class=\"style_4\"><br \/>\n<\/span><\/li>\n<li class=\"paragraph_style_3\">Medidas<span class=\"style_2\">: <\/span>148&#215;210 mm.<\/li>\n<\/ul>\n<p>&nbsp;<\/p>","protected":false},"featured_media":627,"comment_status":"open","ping_status":"closed","template":"","meta":[],"product_brand":[],"product_cat":[28,43],"product_tag":[],"class_list":{"0":"post-626","1":"product","2":"type-product","3":"status-publish","4":"has-post-thumbnail","6":"product_cat-novelas-de-caza","7":"product_cat-salvador-calvo-munoz","9":"first","10":"instock","11":"taxable","12":"shipping-taxable","13":"purchasable","14":"product-type-simple"},"aioseo_notices":[],"_links":{"self":[{"href":"https:\/\/editorialcanchales.es\/pt\/wp-json\/wp\/v2\/product\/626","targetHints":{"allow":["GET"]}}],"collection":[{"href":"https:\/\/editorialcanchales.es\/pt\/wp-json\/wp\/v2\/product"}],"about":[{"href":"https:\/\/editorialcanchales.es\/pt\/wp-json\/wp\/v2\/types\/product"}],"replies":[{"embeddable":true,"href":"https:\/\/editorialcanchales.es\/pt\/wp-json\/wp\/v2\/comments?post=626"}],"version-history":[{"count":3,"href":"https:\/\/editorialcanchales.es\/pt\/wp-json\/wp\/v2\/product\/626\/revisions"}],"predecessor-version":[{"id":793,"href":"https:\/\/editorialcanchales.es\/pt\/wp-json\/wp\/v2\/product\/626\/revisions\/793"}],"wp:featuredmedia":[{"embeddable":true,"href":"https:\/\/editorialcanchales.es\/pt\/wp-json\/wp\/v2\/media\/627"}],"wp:attachment":[{"href":"https:\/\/editorialcanchales.es\/pt\/wp-json\/wp\/v2\/media?parent=626"}],"wp:term":[{"taxonomy":"product_brand","embeddable":true,"href":"https:\/\/editorialcanchales.es\/pt\/wp-json\/wp\/v2\/product_brand?post=626"},{"taxonomy":"product_cat","embeddable":true,"href":"https:\/\/editorialcanchales.es\/pt\/wp-json\/wp\/v2\/product_cat?post=626"},{"taxonomy":"product_tag","embeddable":true,"href":"https:\/\/editorialcanchales.es\/pt\/wp-json\/wp\/v2\/product_tag?post=626"}],"curies":[{"name":"wp","href":"https:\/\/api.w.org\/{rel}","templated":true}]}}