{"id":282,"date":"2020-05-27T05:57:14","date_gmt":"2020-05-27T05:57:14","guid":{"rendered":"http:\/\/canchales.local\/?post_type=product&#038;p=282"},"modified":"2020-06-04T07:01:03","modified_gmt":"2020-06-04T07:01:03","slug":"los-amores-que-no-cuajaron","status":"publish","type":"product","link":"https:\/\/editorialcanchales.es\/pt\/produto\/los-amores-que-no-cuajaron\/","title":{"rendered":"LOS AMORES QUE NO CUAJARON"},"content":{"rendered":"<p class=\"paragraph_style_11\">N\u00e3o se vive mais do que o tempo que se ama.<\/p>\n<p class=\"paragraph_style_12\">(Helv\u00e9tius)<\/p>\n<p class=\"paragraph_style_11\">Para a raiva e para o amor<\/p>\n<p class=\"paragraph_style_11\">tudo o que \u00e9 adiado \u00e9 perdido.<\/p>\n<p class=\"paragraph_style_12\">(Beaurmarchais)<\/p>\n<p class=\"paragraph_style_11\">Deixar de ser amado \u00e9 tornar-se invis\u00edvel.<\/p>\n<p class=\"paragraph_style_11\">J\u00e1 nem sequer se apercebem que tenho um corpo.<\/p>\n<p class=\"paragraph_style_12\">(Marguerite Yourcenar)<\/p>\n<p class=\"paragraph_style_6\">No livro (inspirado no estilo de Hermant) pode ver-se que as suas tr\u00eas partes:<span class=\"style_5\">\u00a0\u201cUNA\u201d NOCHE ATICA; ECARNITA X; y LA \u201cBOUTIQUE PEN\u00c9LOPE\u201d<\/span>, n\u00e3o formam um tr\u00edptico, mas s\u00e3o as tr\u00eas partes de um \u00fanico romance, que est\u00e3o ligadas e entrela\u00e7adas umas com as outras. Em suma, s\u00e3o amores que n\u00e3o se concretizar\u00e3o para o \u00fanico protagonista de cada uma das partes. A possibilidade de ucronias...<\/p>","protected":false},"excerpt":{"rendered":"<p>JOS\u00c9 FERNANDO MURILLO BERN\u00c1LDEZ<\/p>\n<ul>\n<li class=\"paragraph_style_3\"><span class=\"style_2\">L\u00edngua<\/span><span class=\"style_3\">: <\/span><span class=\"style_4\">ESPANHOL<br \/>\n<\/span><\/li>\n<li class=\"paragraph_style_4\"><span class=\"style_2\">Encaderna\u00e7\u00e3o<\/span><span class=\"style_3\">: <\/span><span class=\"style_4\">R\u00fastica <\/span><span class=\"style_4\">Laminado brillo<br \/>\n<\/span><\/li>\n<li class=\"paragraph_style_5\"><span class=\"style_2\">P\u00e1ginas<\/span><span class=\"style_3\">: <\/span><span class=\"style_4\">132<br \/>\n<\/span><\/li>\n<li class=\"paragraph_style_4\"><span class=\"style_2\">Impress\u00e3o<\/span><span class=\"style_3\">: <\/span><span class=\"style_4\">B\/N<br \/>\n<\/span><\/li>\n<li class=\"paragraph_style_4\"><span class=\"style_2\">Conte\u00fado<\/span><span class=\"style_3\">: <\/span><span class=\"style_4\">Textos<br \/>\n<\/span><\/li>\n<li class=\"paragraph_style_4\"><span class=\"style_2\">Medidas<\/span><span class=\"style_3\">: <\/span><span class=\"style_4\">170&#215;240 mm.<\/span><\/li>\n<\/ul>","protected":false},"featured_media":100,"comment_status":"open","ping_status":"closed","template":"","meta":[],"product_brand":[],"product_cat":[32,29],"product_tag":[],"class_list":{"0":"post-282","1":"product","2":"type-product","3":"status-publish","4":"has-post-thumbnail","6":"product_cat-jose-fernando-murillo","7":"product_cat-otra-tematica","9":"first","10":"instock","11":"taxable","12":"shipping-taxable","13":"purchasable","14":"product-type-simple"},"aioseo_notices":[],"_links":{"self":[{"href":"https:\/\/editorialcanchales.es\/pt\/wp-json\/wp\/v2\/product\/282","targetHints":{"allow":["GET"]}}],"collection":[{"href":"https:\/\/editorialcanchales.es\/pt\/wp-json\/wp\/v2\/product"}],"about":[{"href":"https:\/\/editorialcanchales.es\/pt\/wp-json\/wp\/v2\/types\/product"}],"replies":[{"embeddable":true,"href":"https:\/\/editorialcanchales.es\/pt\/wp-json\/wp\/v2\/comments?post=282"}],"version-history":[{"count":1,"href":"https:\/\/editorialcanchales.es\/pt\/wp-json\/wp\/v2\/product\/282\/revisions"}],"predecessor-version":[{"id":283,"href":"https:\/\/editorialcanchales.es\/pt\/wp-json\/wp\/v2\/product\/282\/revisions\/283"}],"wp:featuredmedia":[{"embeddable":true,"href":"https:\/\/editorialcanchales.es\/pt\/wp-json\/wp\/v2\/media\/100"}],"wp:attachment":[{"href":"https:\/\/editorialcanchales.es\/pt\/wp-json\/wp\/v2\/media?parent=282"}],"wp:term":[{"taxonomy":"product_brand","embeddable":true,"href":"https:\/\/editorialcanchales.es\/pt\/wp-json\/wp\/v2\/product_brand?post=282"},{"taxonomy":"product_cat","embeddable":true,"href":"https:\/\/editorialcanchales.es\/pt\/wp-json\/wp\/v2\/product_cat?post=282"},{"taxonomy":"product_tag","embeddable":true,"href":"https:\/\/editorialcanchales.es\/pt\/wp-json\/wp\/v2\/product_tag?post=282"}],"curies":[{"name":"wp","href":"https:\/\/api.w.org\/{rel}","templated":true}]}}