{"id":280,"date":"2020-05-27T05:52:19","date_gmt":"2020-05-27T05:52:19","guid":{"rendered":"http:\/\/canchales.local\/?post_type=product&#038;p=280"},"modified":"2021-03-16T16:10:46","modified_gmt":"2021-03-16T16:10:46","slug":"el-consejero-del-marques-de-monferato-ricordanze","status":"publish","type":"product","link":"https:\/\/editorialcanchales.es\/pt\/produto\/el-consejero-del-marques-de-monferato-ricordanze\/","title":{"rendered":"EL CONSEJERO DEL  MARQU\u00c9S DE MONFERATO  Ricordanze"},"content":{"rendered":"<p>O Monferrato \u00e9 uma regi\u00e3o do norte de It\u00e1lia que foi um marquato do s\u00e9culo X ao XVIII, quando foi concedido \u00e0 Casa de Sab\u00f3ia pelo Tratado de Utrecht.<\/p>\n<p>Gianmaria Morini degli Uberti, Conselheiro do Marqu\u00eas, \u00e9 um homem vers\u00e1til que gosta tanto de mulheres como de livros, \u00e9 um guerreiro com os cond\u00f3minos; tem rela\u00e7\u00f5es com artistas, \u00e9 amigo pessoal de Leonardo da Vinci, Lorenzo de Medicis e Guidobaldo de Montefeltro, Duque de Urbino, cuja corte \u00e9 considerada na Europa como um modelo de boas maneiras, tanto assim que Balthazar de Castiglione escreveu \"A Corte\" sobre ela.<\/p>\n<p>Outros livros do autor:<\/p>\n<p><img decoding=\"async\" class=\"alignnone size-full wp-image-388\" src=\"https:\/\/editorialcanchales.es\/wp-content\/uploads\/2020\/05\/abisinia-1.jpg\" alt=\"\" width=\"163\" height=\"238\" \/><\/p>\n<div id=\"id7\" class=\"style_SkipStroke_4 shape-with-text\">\n<div class=\"text-content style_External_148_172\">\n<div class=\"style\">\n<p class=\"paragraph_style_7\">\u201cHistoria de Helera, Princesa de Abisinia\u201d<\/p>\n<\/div>\n<\/div>\n<\/div>\n<div id=\"id8\" class=\"style_SkipStroke_4 shape-with-text\">\n<div class=\"text-content style_External_179_43\">\n<div class=\"style\"><\/div>\n<\/div>\n<\/div>\n<p><img decoding=\"async\" class=\"alignnone size-full wp-image-389\" src=\"https:\/\/editorialcanchales.es\/wp-content\/uploads\/2020\/05\/eltiempo-1.jpg\" alt=\"\" width=\"165\" height=\"238\" \/><\/p>\n<p>\u201cEl tiempo, que nos define\u201d<\/p>","protected":false},"excerpt":{"rendered":"<p>JOS\u00c9 FERNANDO MURILLO BERN\u00c1LDEZ<\/p>\n<ul>\n<li>L\u00edngua:\n\nESPANHOL<\/li>\n<li>Encuadernaci\u00f3n: R\u00fastica Laminado brillo<\/li>\n<li>P\u00e1ginas: 248<\/li>\n<li>Impress\u00e3o:\n\nB\/N<\/li>\n<li>Conte\u00fado: Textos<\/li>\n<li>Medidas: 170&#215;240 mm.<\/li>\n<\/ul>\n<p>&nbsp;<\/p>","protected":false},"featured_media":131,"comment_status":"open","ping_status":"closed","template":"","meta":[],"product_brand":[],"product_cat":[32,29],"product_tag":[],"class_list":{"0":"post-280","1":"product","2":"type-product","3":"status-publish","4":"has-post-thumbnail","6":"product_cat-jose-fernando-murillo","7":"product_cat-otra-tematica","9":"first","10":"instock","11":"taxable","12":"shipping-taxable","13":"purchasable","14":"product-type-simple"},"aioseo_notices":[],"_links":{"self":[{"href":"https:\/\/editorialcanchales.es\/pt\/wp-json\/wp\/v2\/product\/280","targetHints":{"allow":["GET"]}}],"collection":[{"href":"https:\/\/editorialcanchales.es\/pt\/wp-json\/wp\/v2\/product"}],"about":[{"href":"https:\/\/editorialcanchales.es\/pt\/wp-json\/wp\/v2\/types\/product"}],"replies":[{"embeddable":true,"href":"https:\/\/editorialcanchales.es\/pt\/wp-json\/wp\/v2\/comments?post=280"}],"version-history":[{"count":3,"href":"https:\/\/editorialcanchales.es\/pt\/wp-json\/wp\/v2\/product\/280\/revisions"}],"predecessor-version":[{"id":387,"href":"https:\/\/editorialcanchales.es\/pt\/wp-json\/wp\/v2\/product\/280\/revisions\/387"}],"wp:featuredmedia":[{"embeddable":true,"href":"https:\/\/editorialcanchales.es\/pt\/wp-json\/wp\/v2\/media\/131"}],"wp:attachment":[{"href":"https:\/\/editorialcanchales.es\/pt\/wp-json\/wp\/v2\/media?parent=280"}],"wp:term":[{"taxonomy":"product_brand","embeddable":true,"href":"https:\/\/editorialcanchales.es\/pt\/wp-json\/wp\/v2\/product_brand?post=280"},{"taxonomy":"product_cat","embeddable":true,"href":"https:\/\/editorialcanchales.es\/pt\/wp-json\/wp\/v2\/product_cat?post=280"},{"taxonomy":"product_tag","embeddable":true,"href":"https:\/\/editorialcanchales.es\/pt\/wp-json\/wp\/v2\/product_tag?post=280"}],"curies":[{"name":"wp","href":"https:\/\/api.w.org\/{rel}","templated":true}]}}