{"id":277,"date":"2020-05-27T05:40:36","date_gmt":"2020-05-27T05:40:36","guid":{"rendered":"http:\/\/canchales.local\/?post_type=product&#038;p=277"},"modified":"2020-07-09T07:53:41","modified_gmt":"2020-07-09T07:53:41","slug":"1898-la-invasion-de-puerto-rico","status":"publish","type":"product","link":"https:\/\/editorialcanchales.es\/pt\/produto\/1898-la-invasion-de-puerto-rico\/","title":{"rendered":"1898: LA INVASI\u00d3N DE PUERTO RICO"},"content":{"rendered":"<p>Julho de 1898, os Estados Unidos invadem uma prov\u00edncia aut\u00f3noma, a sempre fiel Ilha de Porto Rico, um territ\u00f3rio cuja popula\u00e7\u00e3o se professava espanhola. A Navy possu\u00eda uma superioridade abrumadora, mas o corpo expedicion\u00e1rio desembarcado tinha umas for\u00e7as compar\u00e1veis \u00e0s tropas de guarni\u00e7\u00e3o do Ex\u00e9rcito de Porto Rico. Durante os vinte e tr\u00eas dias que duraram os combates, a Army, sem encontrar resist\u00eancia, ocupou a maior parte da ilha. Aqui n\u00e3o se pode alegar que os barcos fossem de madeira, nem que os canh\u00f5es n\u00e3o tivessem alcance. N\u00e3o houve Don Quixotes a partir as suas lan\u00e7as contra os moinhos de vento\n\nA desculpa foi que houve contub\u00e9rnios, maquina\u00e7\u00f5es que dirimiam o resultado das opera\u00e7\u00f5es longe dos campos de batalha, enfim, este confuso epis\u00f3dio da hist\u00f3ria de Espanha tem sido conveniente conserv\u00e1-lo escondido.<\/p>\n<p>Opiniones aparecidas en distintos medios del sector:<\/p>\n<p><img fetchpriority=\"high\" decoding=\"async\" class=\"alignnone size-full wp-image-601\" src=\"https:\/\/editorialcanchales.es\/wp-content\/uploads\/2020\/05\/puertoricohis-1.jpg\" alt=\"\" width=\"470\" height=\"670\" srcset=\"https:\/\/editorialcanchales.es\/wp-content\/uploads\/2020\/05\/puertoricohis-1.jpg 470w, https:\/\/editorialcanchales.es\/wp-content\/uploads\/2020\/05\/puertoricohis-1-210x300.jpg 210w, https:\/\/editorialcanchales.es\/wp-content\/uploads\/2020\/05\/puertoricohis-1-300x428.jpg 300w\" sizes=\"(max-width: 470px) 100vw, 470px\" \/><\/p>","protected":false},"excerpt":{"rendered":"<p>JOS\u00c9 ENRIQUE ROVIRA MURILLO<\/p>\n<ul>\n<li class=\"paragraph_style_3\"><span class=\"style_2\">L\u00edngua<\/span><span class=\"style_3\">: <\/span><span class=\"style_4\">ESPANHOL<br \/>\n<\/span><\/li>\n<li class=\"paragraph_style_4\"><span class=\"style_2\">Encaderna\u00e7\u00e3o<\/span><span class=\"style_3\">: <\/span><span class=\"style_4\">R\u00fastica <\/span><span class=\"style_4\">Laminado brillo<br \/>\n<\/span><\/li>\n<li class=\"paragraph_style_5\"><span class=\"style_2\">P\u00e1ginas<\/span><span class=\"style_3\">: <\/span><span class=\"style_4\">224<br \/>\n<\/span><\/li>\n<li class=\"paragraph_style_4\"><span class=\"style_2\">Impress\u00e3o<\/span><span class=\"style_3\">: <\/span><span class=\"style_4\">B\/N<br \/>\n<\/span><\/li>\n<li class=\"paragraph_style_4\"><span class=\"style_2\">Conte\u00fado<\/span><span class=\"style_3\">: <\/span><span class=\"style_4\">Textos e ilustra\u00e7\u00f5es<br \/>\n<\/span><\/li>\n<li class=\"paragraph_style_4\"><span class=\"style_2\">Medidas<\/span><span class=\"style_3\">: <\/span><span class=\"style_4\">148&#215;210 mm.<\/span><\/li>\n<\/ul>","protected":false},"featured_media":97,"comment_status":"open","ping_status":"closed","template":"","meta":[],"product_brand":[],"product_cat":[39,29],"product_tag":[],"class_list":{"0":"post-277","1":"product","2":"type-product","3":"status-publish","4":"has-post-thumbnail","6":"product_cat-jose-enrique-rovira-murillo","7":"product_cat-otra-tematica","9":"first","10":"instock","11":"taxable","12":"shipping-taxable","13":"purchasable","14":"product-type-simple"},"aioseo_notices":[],"_links":{"self":[{"href":"https:\/\/editorialcanchales.es\/pt\/wp-json\/wp\/v2\/product\/277","targetHints":{"allow":["GET"]}}],"collection":[{"href":"https:\/\/editorialcanchales.es\/pt\/wp-json\/wp\/v2\/product"}],"about":[{"href":"https:\/\/editorialcanchales.es\/pt\/wp-json\/wp\/v2\/types\/product"}],"replies":[{"embeddable":true,"href":"https:\/\/editorialcanchales.es\/pt\/wp-json\/wp\/v2\/comments?post=277"}],"version-history":[{"count":3,"href":"https:\/\/editorialcanchales.es\/pt\/wp-json\/wp\/v2\/product\/277\/revisions"}],"predecessor-version":[{"id":603,"href":"https:\/\/editorialcanchales.es\/pt\/wp-json\/wp\/v2\/product\/277\/revisions\/603"}],"wp:featuredmedia":[{"embeddable":true,"href":"https:\/\/editorialcanchales.es\/pt\/wp-json\/wp\/v2\/media\/97"}],"wp:attachment":[{"href":"https:\/\/editorialcanchales.es\/pt\/wp-json\/wp\/v2\/media?parent=277"}],"wp:term":[{"taxonomy":"product_brand","embeddable":true,"href":"https:\/\/editorialcanchales.es\/pt\/wp-json\/wp\/v2\/product_brand?post=277"},{"taxonomy":"product_cat","embeddable":true,"href":"https:\/\/editorialcanchales.es\/pt\/wp-json\/wp\/v2\/product_cat?post=277"},{"taxonomy":"product_tag","embeddable":true,"href":"https:\/\/editorialcanchales.es\/pt\/wp-json\/wp\/v2\/product_tag?post=277"}],"curies":[{"name":"wp","href":"https:\/\/api.w.org\/{rel}","templated":true}]}}