{"id":271,"date":"2020-05-27T05:27:56","date_gmt":"2020-05-27T05:27:56","guid":{"rendered":"http:\/\/canchales.local\/?post_type=product&#038;p=271"},"modified":"2024-03-23T00:19:01","modified_gmt":"2024-03-23T00:19:01","slug":"martina-y-la-aventura-de-la-caza","status":"publish","type":"product","link":"https:\/\/editorialcanchales.es\/pt\/produto\/martina-y-la-aventura-de-la-caza\/","title":{"rendered":"MARTINA Y LA AVENTURA DE LA CAZA"},"content":{"rendered":"<div class=\"style\">\n<p class=\"paragraph_style_2\">Francisco Manuel Gallardo Casado ilustra-nos atrav\u00e9s deste relato desde o seu requintado conhecimento da natureza, dos sentidos, dos instintos de sobreviv\u00eancia e supera\u00e7\u00e3o. Gallardo conhece perfeitamente o campo, e as suas habilidades como pescador e ca\u00e7ador permitem-lhe escrever com conhecimento do assunto. Este cacerenho de nascimento, e vilhanovense de esp\u00edrito, \u00e9 uma pessoa tremendamente apaixonada, que d\u00e1 um grande valor \u00e0 amizade, \u00e8 lealdade e ao companheirismo, os quais est\u00e3o reflectidos ao longo desta obra. \u00c9 um projecto que educa em valores, no qual qualquer um de n\u00f3s se pode ver reflectido. Manuel leva-nos a situa\u00e7\u00f5es reais, com actores que poder\u00edamos ser qualquer um de n\u00f3s ou qualquer um dos nossos filhos. Cap\u00edtulo ap\u00f3s cap\u00edtulo ver\u00e1 as paisagens como se l\u00e1 estivesse, sobressaltar-se-\u00e1 perante situa\u00e7\u00f5es reais, as sensa\u00e7\u00f5es estar\u00e3o \u00e0 flor da pele e sentir-se-\u00e1 como se fosse o protagonista.<\/p>\n<\/div>\n<div class=\"tinyText\"><\/div>","protected":false},"excerpt":{"rendered":"<p>FRANCISCO MANUEL GALLARDO CASADO<\/p>\n<ul>\n<li class=\"paragraph_style_3\">L\u00edngua<span class=\"style_2\">: <\/span>ESPANHOL<span class=\"style_4\"><br \/>\n<\/span><\/li>\n<li class=\"paragraph_style_3\">Encaderna\u00e7\u00e3o<span class=\"style_2\">: <\/span>R\u00fastica laminada mate<span class=\"style_4\"><br \/>\n<\/span><\/li>\n<li class=\"paragraph_style_3\">P\u00e1ginas<span class=\"style_2\">: <\/span>180<span class=\"style_4\"><br \/>\n<\/span><\/li>\n<li class=\"paragraph_style_3\">Impress\u00e3o<span class=\"style_2\">: <\/span>B\/N<span class=\"style_4\"><br \/>\n<\/span><\/li>\n<li class=\"paragraph_style_3\">Conte\u00fado<span class=\"style_2\">: <\/span>Textos<span class=\"style_4\"><br \/>\n<\/span><\/li>\n<li class=\"paragraph_style_3\">Medidas<span class=\"style_2\">: <\/span>148&#215;210 mm.<\/li>\n<\/ul>\n<p>&nbsp;<\/p>","protected":false},"featured_media":123,"comment_status":"open","ping_status":"closed","template":"","meta":[],"product_brand":[],"product_cat":[46,28],"product_tag":[],"class_list":{"0":"post-271","1":"product","2":"type-product","3":"status-publish","4":"has-post-thumbnail","6":"product_cat-francisco-manuel-gallardo-casado","7":"product_cat-novelas-de-caza","9":"first","10":"instock","11":"taxable","12":"shipping-taxable","13":"purchasable","14":"product-type-simple"},"aioseo_notices":[],"_links":{"self":[{"href":"https:\/\/editorialcanchales.es\/pt\/wp-json\/wp\/v2\/product\/271","targetHints":{"allow":["GET"]}}],"collection":[{"href":"https:\/\/editorialcanchales.es\/pt\/wp-json\/wp\/v2\/product"}],"about":[{"href":"https:\/\/editorialcanchales.es\/pt\/wp-json\/wp\/v2\/types\/product"}],"replies":[{"embeddable":true,"href":"https:\/\/editorialcanchales.es\/pt\/wp-json\/wp\/v2\/comments?post=271"}],"version-history":[{"count":1,"href":"https:\/\/editorialcanchales.es\/pt\/wp-json\/wp\/v2\/product\/271\/revisions"}],"predecessor-version":[{"id":272,"href":"https:\/\/editorialcanchales.es\/pt\/wp-json\/wp\/v2\/product\/271\/revisions\/272"}],"wp:featuredmedia":[{"embeddable":true,"href":"https:\/\/editorialcanchales.es\/pt\/wp-json\/wp\/v2\/media\/123"}],"wp:attachment":[{"href":"https:\/\/editorialcanchales.es\/pt\/wp-json\/wp\/v2\/media?parent=271"}],"wp:term":[{"taxonomy":"product_brand","embeddable":true,"href":"https:\/\/editorialcanchales.es\/pt\/wp-json\/wp\/v2\/product_brand?post=271"},{"taxonomy":"product_cat","embeddable":true,"href":"https:\/\/editorialcanchales.es\/pt\/wp-json\/wp\/v2\/product_cat?post=271"},{"taxonomy":"product_tag","embeddable":true,"href":"https:\/\/editorialcanchales.es\/pt\/wp-json\/wp\/v2\/product_tag?post=271"}],"curies":[{"name":"wp","href":"https:\/\/api.w.org\/{rel}","templated":true}]}}