{"id":269,"date":"2020-05-27T05:23:04","date_gmt":"2020-05-27T05:23:04","guid":{"rendered":"http:\/\/canchales.local\/?post_type=product&#038;p=269"},"modified":"2024-03-23T04:18:46","modified_gmt":"2024-03-23T04:18:46","slug":"jabalies-a-la-espera-iii-la-tercera-parte","status":"publish","type":"product","link":"https:\/\/editorialcanchales.es\/pt\/produto\/jabalies-a-la-espera-iii-la-tercera-parte\/","title":{"rendered":"JABAL\u00cdES A LA ESPERA III\n\nA tercera parte"},"content":{"rendered":"<p class=\"paragraph_style_2\">Em Jabal\u00edes a la espera III, Jos\u00e9 Murillo, sem sair do mesmo tema dos dois livros anteriores sobre esperas, oferece uma nova focaliza\u00e7\u00e3o narrativa desta apaixonante forma de ca\u00e7ar. Ap\u00f3s una breve refer\u00eancia e men\u00e7\u00e3o a Valverde, Teruelo, Ortega y Gasset e claro, ao mestre Quico Madera (que em vez de gato, tinha um ginete para os ratos do monte) o autor entra depois - sem nenhuma adi\u00e7\u00e3o, como est\u00e1 na moda agora \u2013 num relato original e diferente, onde narra, com a clareza e simplicidade do seu estilo, s\u00f3 o que ele fez, o que ele ca\u00e7ou, tal e como antigamente o fizera Juan Mateos, em Origen y dignidad de la caza.<\/p>\n<p class=\"paragraph_style_2\">Refere brevemente, de passagem, o momento do tiro, detendo-se pelo contr\u00e1rio nos preliminares, com pormenor nos ardis do javali, nas mudan\u00e7as do vento, no repentino voo de uma perdiz, o arranque de uma r\u00eas, no melro que se espantou\u2026 Por outro lado, f\u00e1-lo ter confian\u00e7a sentir a brisa na cara carregada de efl\u00favios, o cheiro do a\u00e7ude e do barro, do poejo e da jun\u00e7a, e escutar os barulhos e o sil\u00eancio do mato. \u00c9 esse o tempo real da espera, coberto pela magia da noite, que tudo enche de mist\u00e9rio.<\/p>\n<p class=\"paragraph_style_2\">No livro percebemos tudo o que h\u00e1 de t\u00e9cnica e dificuldade na ca\u00e7a de espera a um velho porco, mas ao mesmo tempo deixa-nos entrever o conhecimento e o id\u00edlio do autor pela serra, e pelo mais bravo e astuto dos seus habitantes, o javali. O melhor manual para os n\u00e3o iniciados e um aut\u00eantico prazer para os que, mais ou menos, j\u00e1 estamos nestas tarefas. N\u00e3o deixem de ler e depois, contar-nos-\u00e3o.<\/p>\n<p class=\"paragraph_style_2\">Juan J. Viola.<\/p>","protected":false},"excerpt":{"rendered":"<p>JOS\u00c9 MURILLO S\u00c1NCHEZ<\/p>\n<ul>\n<li class=\"paragraph_style_3\"><span class=\"style_2\">L\u00edngua<\/span><span class=\"style_3\">: <\/span><span class=\"style_4\">ESPANHOL<br \/>\n<\/span><\/li>\n<li class=\"paragraph_style_4\"><span class=\"style_2\">Encaderna\u00e7\u00e3o<\/span><span class=\"style_3\">: <\/span><span class=\"style_4\">Capa dura laminada mate<br \/>\n<\/span><\/li>\n<li class=\"paragraph_style_4\"><span class=\"style_2\">P\u00e1ginas<\/span><span class=\"style_3\">: <\/span><span class=\"style_4\">328<br \/>\n<\/span><\/li>\n<li class=\"paragraph_style_4\"><span class=\"style_2\">Impress\u00e3o<\/span><span class=\"style_3\">: <\/span><span class=\"style_4\">Color y B\/N<br \/>\n<\/span><\/li>\n<li class=\"paragraph_style_4\"><span class=\"style_2\">Conte\u00fado<\/span><span class=\"style_3\">: <\/span><span class=\"style_4\">Textos, fotograf\u00edas <\/span><span class=\"style_4\">e ilustra\u00e7\u00f5es<br \/>\n<\/span><\/li>\n<li class=\"paragraph_style_4\"><span class=\"style_2\">Medidas<\/span><span class=\"style_3\">: <\/span><span class=\"style_4\">170&#215;240 mm.<\/span><\/li>\n<\/ul>","protected":false},"featured_media":115,"comment_status":"open","ping_status":"closed","template":"","meta":[],"product_brand":[],"product_cat":[26,31],"product_tag":[],"class_list":{"0":"post-269","1":"product","2":"type-product","3":"status-publish","4":"has-post-thumbnail","6":"product_cat-esperas","7":"product_cat-jose-murillo","9":"first","10":"instock","11":"taxable","12":"shipping-taxable","13":"purchasable","14":"product-type-simple"},"aioseo_notices":[],"_links":{"self":[{"href":"https:\/\/editorialcanchales.es\/pt\/wp-json\/wp\/v2\/product\/269","targetHints":{"allow":["GET"]}}],"collection":[{"href":"https:\/\/editorialcanchales.es\/pt\/wp-json\/wp\/v2\/product"}],"about":[{"href":"https:\/\/editorialcanchales.es\/pt\/wp-json\/wp\/v2\/types\/product"}],"replies":[{"embeddable":true,"href":"https:\/\/editorialcanchales.es\/pt\/wp-json\/wp\/v2\/comments?post=269"}],"version-history":[{"count":2,"href":"https:\/\/editorialcanchales.es\/pt\/wp-json\/wp\/v2\/product\/269\/revisions"}],"predecessor-version":[{"id":391,"href":"https:\/\/editorialcanchales.es\/pt\/wp-json\/wp\/v2\/product\/269\/revisions\/391"}],"wp:featuredmedia":[{"embeddable":true,"href":"https:\/\/editorialcanchales.es\/pt\/wp-json\/wp\/v2\/media\/115"}],"wp:attachment":[{"href":"https:\/\/editorialcanchales.es\/pt\/wp-json\/wp\/v2\/media?parent=269"}],"wp:term":[{"taxonomy":"product_brand","embeddable":true,"href":"https:\/\/editorialcanchales.es\/pt\/wp-json\/wp\/v2\/product_brand?post=269"},{"taxonomy":"product_cat","embeddable":true,"href":"https:\/\/editorialcanchales.es\/pt\/wp-json\/wp\/v2\/product_cat?post=269"},{"taxonomy":"product_tag","embeddable":true,"href":"https:\/\/editorialcanchales.es\/pt\/wp-json\/wp\/v2\/product_tag?post=269"}],"curies":[{"name":"wp","href":"https:\/\/api.w.org\/{rel}","templated":true}]}}