{"id":267,"date":"2020-05-26T08:51:08","date_gmt":"2020-05-26T08:51:08","guid":{"rendered":"http:\/\/canchales.local\/?post_type=product&#038;p=267"},"modified":"2021-03-19T19:37:37","modified_gmt":"2021-03-19T19:37:37","slug":"en-la-soledad-del-monte","status":"publish","type":"product","link":"https:\/\/editorialcanchales.es\/pt\/produto\/en-la-soledad-del-monte\/","title":{"rendered":"EN LA SOLEDAD DEL MONTE"},"content":{"rendered":"<p class=\"paragraph_style_2\">\u2026Toda essa sabedoria do campo vai-se adquirindo a pouco e pouco desde crian\u00e7a, sem esfor\u00e7o, como se se tratasse de uma brincadeira, e para tal a figura dos mestres \u00e9 primordial. E estes \u00e9 na fam\u00edlia que se encontram. Em primeiro lugar, o av\u00f4 materno e o pai, que o guiaram nos primeiros passos na Serra desde muito pequeno. Tamb\u00e9m, o grupo habitual dos dias de ca\u00e7a, exerceu o seu papel did\u00e1ctico transmitindo a \u201csabedoria\u201d ao aprendiz de ca\u00e7ador. Desta maneira o gosto inato com que se nasce vai-se modelando e desenvolvendo num ambiente em entraves nem limites, antes pelo contr\u00e1rio, j\u00e1 que a ca\u00e7a \u00e9 considerada um facto natural. E se a esta pr\u00e9-disposi\u00e7\u00e3o se juntar o local de nascimento prop\u00edcio, temos todos os ingredientes para a evolu\u00e7\u00e3o do futuro ca\u00e7ador, pois \u00e9 evidente que n\u00e3o \u00e9 a mesma coisa habitar na Serra Morena do que numa grande cidade.<\/p>\n<p class=\"paragraph_style_3\">Francisco Fern\u00e1ndez Redondo publicou em 2015 o seu primeiro livro El olor de Sierra Morena, com esta editora. Agora regressa com um novo t\u00edtulo: En la soledad del monte, no qual de novo deixa const\u00e2ncia das suas dotes, com a arma e com a pena, e da sua paix\u00e3o pelos javalis.<\/p>","protected":false},"excerpt":{"rendered":"<p>FRANCISCO FERN\u00c1NDEZ REDONDO<\/p>\n<ul>\n<li class=\"paragraph_style_4\">L\u00edngua<span class=\"style_2\">: <\/span>ESPANHOL<span class=\"style_4\"><br \/>\n<\/span><\/li>\n<li class=\"paragraph_style_4\">Encaderna\u00e7\u00e3o<span class=\"style_2\">: <\/span>R\u00fastica laminada mate<span class=\"style_4\"><br \/>\n<\/span><\/li>\n<li class=\"paragraph_style_4\">P\u00e1ginas<span class=\"style_2\">: <\/span>326<span class=\"style_4\"><br \/>\n<\/span><\/li>\n<li class=\"paragraph_style_4\">Impress\u00e3o<span class=\"style_2\">: <\/span>B\/N y color<span class=\"style_4\"><br \/>\n<\/span><\/li>\n<li class=\"paragraph_style_4\">Conte\u00fado<span class=\"style_2\">: <\/span>Textos e fotografias<span class=\"style_4\"><br \/>\n<\/span><\/li>\n<li class=\"paragraph_style_4\">Medidas<span class=\"style_2\">: <\/span>170&#215;240 mm.<\/li>\n<\/ul>","protected":false},"featured_media":126,"comment_status":"open","ping_status":"closed","template":"","meta":[],"product_brand":[],"product_cat":[20,41],"product_tag":[],"class_list":{"0":"post-267","1":"product","2":"type-product","3":"status-publish","4":"has-post-thumbnail","6":"product_cat-caza-menor","7":"product_cat-francisco-fernandez-redondo","9":"first","10":"instock","11":"taxable","12":"shipping-taxable","13":"purchasable","14":"product-type-simple"},"aioseo_notices":[],"_links":{"self":[{"href":"https:\/\/editorialcanchales.es\/pt\/wp-json\/wp\/v2\/product\/267","targetHints":{"allow":["GET"]}}],"collection":[{"href":"https:\/\/editorialcanchales.es\/pt\/wp-json\/wp\/v2\/product"}],"about":[{"href":"https:\/\/editorialcanchales.es\/pt\/wp-json\/wp\/v2\/types\/product"}],"replies":[{"embeddable":true,"href":"https:\/\/editorialcanchales.es\/pt\/wp-json\/wp\/v2\/comments?post=267"}],"version-history":[{"count":1,"href":"https:\/\/editorialcanchales.es\/pt\/wp-json\/wp\/v2\/product\/267\/revisions"}],"predecessor-version":[{"id":268,"href":"https:\/\/editorialcanchales.es\/pt\/wp-json\/wp\/v2\/product\/267\/revisions\/268"}],"wp:featuredmedia":[{"embeddable":true,"href":"https:\/\/editorialcanchales.es\/pt\/wp-json\/wp\/v2\/media\/126"}],"wp:attachment":[{"href":"https:\/\/editorialcanchales.es\/pt\/wp-json\/wp\/v2\/media?parent=267"}],"wp:term":[{"taxonomy":"product_brand","embeddable":true,"href":"https:\/\/editorialcanchales.es\/pt\/wp-json\/wp\/v2\/product_brand?post=267"},{"taxonomy":"product_cat","embeddable":true,"href":"https:\/\/editorialcanchales.es\/pt\/wp-json\/wp\/v2\/product_cat?post=267"},{"taxonomy":"product_tag","embeddable":true,"href":"https:\/\/editorialcanchales.es\/pt\/wp-json\/wp\/v2\/product_tag?post=267"}],"curies":[{"name":"wp","href":"https:\/\/api.w.org\/{rel}","templated":true}]}}