{"id":265,"date":"2020-05-26T08:47:44","date_gmt":"2020-05-26T08:47:44","guid":{"rendered":"http:\/\/canchales.local\/?post_type=product&#038;p=265"},"modified":"2024-07-08T13:16:34","modified_gmt":"2024-07-08T23:46:34","slug":"patas-de-urraca","status":"publish","type":"product","link":"https:\/\/editorialcanchales.es\/pt\/produto\/patas-de-urraca\/","title":{"rendered":"PATAS DE URRACA"},"content":{"rendered":"<p class=\"paragraph_style_2\">Uma hist\u00f3ria romanceada de um grupo de rapazes de aldeia, na qual pode reconhecer-se todo aquele que tiver crescido num ambiente rural, ou que tenha andado muito pelo campo desde crian\u00e7a. Travessuras similares, inquietudes similares e problemas parecidos.<\/p>\n<p class=\"paragraph_style_2\">Relatos de ca\u00e7a que evolucionam desde os primeiros pardais com a espingarda de press\u00e3o de ar, aos quais seguem rolas, pombos e coelhos, ao \u201creclamo\u201d de perdiz, e que culminam com os primeiros javalis e os \u00faltimos lobos da serra. E tudo isto numa aldeia que pode ter sido qualquer uma das da geografia estremenha, com a sua igreja, a farm\u00e1cia, o barbeiro-dentista e a sua escola, onde habitam juntamente os sempiternos padre e presidente da C\u00e2mara, com as suas desaven\u00e7as, e o resto de personagens t\u00edpicas deste ambiente rural.<\/p>","protected":false},"excerpt":{"rendered":"<p>MIGUEL BULNES CERCAS<\/p>\n<ul>\n<li class=\"paragraph_style_3\">L\u00edngua<span class=\"style_2\">: <\/span>ESPANHOL<span class=\"style_4\"><br \/>\n<\/span><\/li>\n<li class=\"paragraph_style_3\">Encaderna\u00e7\u00e3o<span class=\"style_2\">: <\/span>R\u00fastica laminada mate<span class=\"style_4\"><br \/>\n<\/span><\/li>\n<li class=\"paragraph_style_3\">P\u00e1ginas<span class=\"style_2\">: <\/span>170<span class=\"style_4\"><br \/>\n<\/span><\/li>\n<li class=\"paragraph_style_3\">Impress\u00e3o<span class=\"style_2\">: <\/span>B\/N<span class=\"style_4\"><br \/>\n<\/span><\/li>\n<li class=\"paragraph_style_3\">Conte\u00fado<span class=\"style_2\">: <\/span>Textos e ilustra\u00e7\u00f5es<span class=\"style_4\"><br \/>\n<\/span><\/li>\n<li class=\"paragraph_style_3\">Medidas<span class=\"style_2\">: <\/span>170&#215;240 mm.<\/li>\n<\/ul>","protected":false},"featured_media":124,"comment_status":"open","ping_status":"closed","template":"","meta":[],"product_brand":[],"product_cat":[33,28],"product_tag":[],"class_list":{"0":"post-265","1":"product","2":"type-product","3":"status-publish","4":"has-post-thumbnail","6":"product_cat-miguel-bulnes-cercas","7":"product_cat-novelas-de-caza","9":"first","10":"instock","11":"taxable","12":"shipping-taxable","13":"purchasable","14":"product-type-simple"},"aioseo_notices":[],"_links":{"self":[{"href":"https:\/\/editorialcanchales.es\/pt\/wp-json\/wp\/v2\/product\/265","targetHints":{"allow":["GET"]}}],"collection":[{"href":"https:\/\/editorialcanchales.es\/pt\/wp-json\/wp\/v2\/product"}],"about":[{"href":"https:\/\/editorialcanchales.es\/pt\/wp-json\/wp\/v2\/types\/product"}],"replies":[{"embeddable":true,"href":"https:\/\/editorialcanchales.es\/pt\/wp-json\/wp\/v2\/comments?post=265"}],"version-history":[{"count":2,"href":"https:\/\/editorialcanchales.es\/pt\/wp-json\/wp\/v2\/product\/265\/revisions"}],"predecessor-version":[{"id":392,"href":"https:\/\/editorialcanchales.es\/pt\/wp-json\/wp\/v2\/product\/265\/revisions\/392"}],"wp:featuredmedia":[{"embeddable":true,"href":"https:\/\/editorialcanchales.es\/pt\/wp-json\/wp\/v2\/media\/124"}],"wp:attachment":[{"href":"https:\/\/editorialcanchales.es\/pt\/wp-json\/wp\/v2\/media?parent=265"}],"wp:term":[{"taxonomy":"product_brand","embeddable":true,"href":"https:\/\/editorialcanchales.es\/pt\/wp-json\/wp\/v2\/product_brand?post=265"},{"taxonomy":"product_cat","embeddable":true,"href":"https:\/\/editorialcanchales.es\/pt\/wp-json\/wp\/v2\/product_cat?post=265"},{"taxonomy":"product_tag","embeddable":true,"href":"https:\/\/editorialcanchales.es\/pt\/wp-json\/wp\/v2\/product_tag?post=265"}],"curies":[{"name":"wp","href":"https:\/\/api.w.org\/{rel}","templated":true}]}}