{"id":263,"date":"2020-05-26T08:43:16","date_gmt":"2020-05-26T08:43:16","guid":{"rendered":"http:\/\/canchales.local\/?post_type=product&#038;p=263"},"modified":"2024-07-09T21:34:29","modified_gmt":"2024-07-10T08:04:29","slug":"la-hoz-de-plata","status":"publish","type":"product","link":"https:\/\/editorialcanchales.es\/pt\/produto\/la-hoz-de-plata\/","title":{"rendered":"LA HOZ DE PLATA"},"content":{"rendered":"<div class=\"style\">\n<p class=\"paragraph_style_2\">\u201cLa Hoz de Plata\u201d \u00e9 um livro de esperas peculiar, diferente da maioria de todos os do mesmo g\u00e9nero. N\u00e3o por isso melhor ou pior, n\u00e3o, nem tem nada que ver com a qualidade. \u00c9 diferente porque n\u00e3o trata s\u00f3 de esperas como tal. \u00c9 um livro no qual o autor, atrav\u00e9s desta paix\u00e3o, encontra a sua filosofia de vida, encontra os ingredientes para que as coisas do campo sejam o centro do seu universo, para viver ao abrigo da natureza.<\/p>\n<p class=\"paragraph_style_2\">O campo cura, \u00e9 guia, companheiro, faz-nos melhores pessoas. Os cap\u00edtulos deste livro s\u00e3o peda\u00e7os de felicidade, s\u00e3o relatos de ilus\u00e3o, de agradecimento, de amizade, de esperan\u00e7a. O javali e o autor s\u00e3o protagonistas principais, mas todos os outros n\u00e3o o s\u00e3o menos, porque tudo o resto, \u00e9 o mais importante\u2026<\/p>\n<\/div>\n<div class=\"tinyText\"><\/div>","protected":false},"excerpt":{"rendered":"<p>\u00d3LIVER MIGUEL VELA<\/p>\n<ul>\n<li class=\"paragraph_style_3\">L\u00edngua<span class=\"style_2\">: <\/span>ESPANHOL<span class=\"style_4\"><br \/>\n<\/span><\/li>\n<li class=\"paragraph_style_3\">Encaderna\u00e7\u00e3o<span class=\"style_2\">: <\/span>R\u00fastica laminada mate<span class=\"style_4\"><br \/>\n<\/span><\/li>\n<li class=\"paragraph_style_3\">P\u00e1ginas<span class=\"style_2\">: <\/span>262<span class=\"style_4\"><br \/>\n<\/span><\/li>\n<li class=\"paragraph_style_3\">Impress\u00e3o<span class=\"style_2\">: <\/span>B\/N<span class=\"style_4\"><br \/>\n<\/span><\/li>\n<li class=\"paragraph_style_3\">Conte\u00fado<span class=\"style_2\">: <\/span>Textos e ilustra\u00e7\u00f5es<span class=\"style_4\"><br \/>\n<\/span><\/li>\n<li class=\"paragraph_style_3\">Medidas<span class=\"style_2\">: <\/span>170&#215;240 mm.<\/li>\n<\/ul>","protected":false},"featured_media":119,"comment_status":"open","ping_status":"closed","template":"","meta":[],"product_brand":[],"product_cat":[26,45],"product_tag":[],"class_list":{"0":"post-263","1":"product","2":"type-product","3":"status-publish","4":"has-post-thumbnail","6":"product_cat-esperas","7":"product_cat-oliver-miguel-vela","9":"first","10":"instock","11":"taxable","12":"shipping-taxable","13":"purchasable","14":"product-type-simple"},"aioseo_notices":[],"_links":{"self":[{"href":"https:\/\/editorialcanchales.es\/pt\/wp-json\/wp\/v2\/product\/263","targetHints":{"allow":["GET"]}}],"collection":[{"href":"https:\/\/editorialcanchales.es\/pt\/wp-json\/wp\/v2\/product"}],"about":[{"href":"https:\/\/editorialcanchales.es\/pt\/wp-json\/wp\/v2\/types\/product"}],"replies":[{"embeddable":true,"href":"https:\/\/editorialcanchales.es\/pt\/wp-json\/wp\/v2\/comments?post=263"}],"version-history":[{"count":1,"href":"https:\/\/editorialcanchales.es\/pt\/wp-json\/wp\/v2\/product\/263\/revisions"}],"predecessor-version":[{"id":264,"href":"https:\/\/editorialcanchales.es\/pt\/wp-json\/wp\/v2\/product\/263\/revisions\/264"}],"wp:featuredmedia":[{"embeddable":true,"href":"https:\/\/editorialcanchales.es\/pt\/wp-json\/wp\/v2\/media\/119"}],"wp:attachment":[{"href":"https:\/\/editorialcanchales.es\/pt\/wp-json\/wp\/v2\/media?parent=263"}],"wp:term":[{"taxonomy":"product_brand","embeddable":true,"href":"https:\/\/editorialcanchales.es\/pt\/wp-json\/wp\/v2\/product_brand?post=263"},{"taxonomy":"product_cat","embeddable":true,"href":"https:\/\/editorialcanchales.es\/pt\/wp-json\/wp\/v2\/product_cat?post=263"},{"taxonomy":"product_tag","embeddable":true,"href":"https:\/\/editorialcanchales.es\/pt\/wp-json\/wp\/v2\/product_tag?post=263"}],"curies":[{"name":"wp","href":"https:\/\/api.w.org\/{rel}","templated":true}]}}