{"id":261,"date":"2020-05-26T08:39:19","date_gmt":"2020-05-26T08:39:19","guid":{"rendered":"http:\/\/canchales.local\/?post_type=product&#038;p=261"},"modified":"2020-06-04T07:03:51","modified_gmt":"2020-06-04T07:03:51","slug":"el-legado-del-lobo","status":"publish","type":"product","link":"https:\/\/editorialcanchales.es\/pt\/produto\/el-legado-del-lobo\/","title":{"rendered":"EL LEGADO DEL LOBO"},"content":{"rendered":"<p class=\"paragraph_style_2\">H\u00e1 tal vez um milh\u00e3o de anos que os primeiros homin\u00eddeos chegaram \u00e0 Eur\u00e1sia e iniciaram a sua coexist\u00eancia com o lobo. Um per\u00edodo longo e complicado, mas reconhe\u00e7amos que frut\u00edfero. Durante s\u00e9culos e s\u00e9culos, homens e lobos t\u00eam lutado pelas mesmas presas e t\u00eam sido mutuamente v\u00edtimas uns dos outros. Mas, tamb\u00e9m, h\u00e1 apenas uns mil\u00e9nios, o homem domesticou o lobo, e tem utilizado aos primos \u201cdireitos\u201d deste, os c\u00e3es, para seu proveito imediato, e n\u00e3o poucas vezes em contra dos seus pr\u00f3prios antepassados selvagens.<\/p>\n<p class=\"paragraph_style_2\">Durante muit\u00edssimo tempo, por tanto, homens e lobos t\u00eam vivido juntos e sofrido problemas parecidos, uma vez que numa natureza dif\u00edcil ambos eram, basicamente, ca\u00e7adores e recolectores, e tamb\u00e9m estavam organizados socialmente. Mais tarde, o primeiro come\u00e7ou a dominar o mundo natural, e isto sup\u00f4s que uma parte dos segundos mudasse de bando. Tinha aparecido o c\u00e3o, lobo no mundo dos humanos. Essa rela\u00e7\u00e3o do homem ganadeiro e os seus c\u00e3es contra o lobo depredador tamb\u00e9m tem durado s\u00e9culos, e se nalgumas partes desapareceu f\u00ea-lo porque o lobo foi por completo eliminado.<\/p>","protected":false},"excerpt":{"rendered":"<p>FRANCISCO GRAGERA<\/p>\n<ul>\n<li class=\"paragraph_style_3\">L\u00edngua<span class=\"style_2\">: <\/span>ESPANHOL<\/li>\n<li class=\"paragraph_style_3\">Encaderna\u00e7\u00e3o<span class=\"style_2\">: <\/span>Capa dura laminada mate<\/li>\n<li class=\"paragraph_style_3\">P\u00e1ginas<span class=\"style_2\">: <\/span>262<\/li>\n<li class=\"paragraph_style_3\">Impress\u00e3o<span class=\"style_2\">: <\/span>Color y B\/N<\/li>\n<li class=\"paragraph_style_3\">Conte\u00fado<span class=\"style_2\">: <\/span>Textos e fotografias<\/li>\n<li class=\"paragraph_style_3\">Medidas<span class=\"style_2\">: <\/span>210&#215;290 mm.<\/li>\n<\/ul>","protected":false},"featured_media":118,"comment_status":"open","ping_status":"closed","template":"","meta":[],"product_brand":[],"product_cat":[15,44],"product_tag":[],"class_list":{"0":"post-261","1":"product","2":"type-product","3":"status-publish","4":"has-post-thumbnail","6":"product_cat-caza-mayor","7":"product_cat-francisco-gragera","9":"first","10":"instock","11":"taxable","12":"shipping-taxable","13":"purchasable","14":"product-type-simple"},"aioseo_notices":[],"_links":{"self":[{"href":"https:\/\/editorialcanchales.es\/pt\/wp-json\/wp\/v2\/product\/261","targetHints":{"allow":["GET"]}}],"collection":[{"href":"https:\/\/editorialcanchales.es\/pt\/wp-json\/wp\/v2\/product"}],"about":[{"href":"https:\/\/editorialcanchales.es\/pt\/wp-json\/wp\/v2\/types\/product"}],"replies":[{"embeddable":true,"href":"https:\/\/editorialcanchales.es\/pt\/wp-json\/wp\/v2\/comments?post=261"}],"version-history":[{"count":1,"href":"https:\/\/editorialcanchales.es\/pt\/wp-json\/wp\/v2\/product\/261\/revisions"}],"predecessor-version":[{"id":262,"href":"https:\/\/editorialcanchales.es\/pt\/wp-json\/wp\/v2\/product\/261\/revisions\/262"}],"wp:featuredmedia":[{"embeddable":true,"href":"https:\/\/editorialcanchales.es\/pt\/wp-json\/wp\/v2\/media\/118"}],"wp:attachment":[{"href":"https:\/\/editorialcanchales.es\/pt\/wp-json\/wp\/v2\/media?parent=261"}],"wp:term":[{"taxonomy":"product_brand","embeddable":true,"href":"https:\/\/editorialcanchales.es\/pt\/wp-json\/wp\/v2\/product_brand?post=261"},{"taxonomy":"product_cat","embeddable":true,"href":"https:\/\/editorialcanchales.es\/pt\/wp-json\/wp\/v2\/product_cat?post=261"},{"taxonomy":"product_tag","embeddable":true,"href":"https:\/\/editorialcanchales.es\/pt\/wp-json\/wp\/v2\/product_tag?post=261"}],"curies":[{"name":"wp","href":"https:\/\/api.w.org\/{rel}","templated":true}]}}