{"id":259,"date":"2020-05-26T08:35:29","date_gmt":"2020-05-26T08:35:29","guid":{"rendered":"http:\/\/canchales.local\/?post_type=product&#038;p=259"},"modified":"2020-06-04T07:04:21","modified_gmt":"2020-06-04T07:04:21","slug":"el-raso-de-la-vina","status":"publish","type":"product","link":"https:\/\/editorialcanchales.es\/pt\/produto\/el-raso-de-la-vina\/","title":{"rendered":"EL RASO DE LA VI\u00d1A"},"content":{"rendered":"<p class=\"paragraph_style_2\">Sequ\u00eancia de viv\u00eancias cineg\u00e9ticas de um ca\u00e7ador veterano, que constata com nostalgia as mudan\u00e7as acontecidas nos \u00faltimos anos no mundo da ca\u00e7a.<\/p>\n<p class=\"paragraph_style_2\">Livro de relatos, nos quais o autor descobre-nos ainda a \u201c<span class=\"style_2\">fa\u00edsca<\/span>\u201d da ca\u00e7a \u2013 o pequeno pormenor de cada lan\u00e7o, de cada pessoa, de cada animal e de cada paisagem \u2013 que mant\u00e9m vivo e latente um hobby, uma paix\u00e3o pelo campo, nuns tempos t\u00e3o diferentes aos de outrora.<\/p>","protected":false},"excerpt":{"rendered":"<p>SALVADOR CALVO MU\u00d1OZ<\/p>\n<ul>\n<li class=\"paragraph_style_3\">L\u00edngua<span class=\"style_3\">: <\/span>ESPANHOL<span class=\"style_5\"><br \/>\n<\/span><\/li>\n<li class=\"paragraph_style_3\">Encaderna\u00e7\u00e3o<span class=\"style_3\">: <\/span>R\u00fastica laminada mate<span class=\"style_5\"><br \/>\n<\/span><\/li>\n<li class=\"paragraph_style_3\">P\u00e1ginas<span class=\"style_3\">: <\/span>198<span class=\"style_5\"><br \/>\n<\/span><\/li>\n<li class=\"paragraph_style_3\">Impress\u00e3o<span class=\"style_3\">: <\/span>Color y B\/N<span class=\"style_5\"><br \/>\n<\/span><\/li>\n<li class=\"paragraph_style_3\">Conte\u00fado<span class=\"style_3\">: <\/span>Textos e fotografias<span class=\"style_5\"><br \/>\n<\/span><\/li>\n<li class=\"paragraph_style_3\">Medidas<span class=\"style_3\">: <\/span>170&#215;240 mm.<\/li>\n<\/ul>","protected":false},"featured_media":109,"comment_status":"open","ping_status":"closed","template":"","meta":[],"product_brand":[],"product_cat":[20,43],"product_tag":[],"class_list":{"0":"post-259","1":"product","2":"type-product","3":"status-publish","4":"has-post-thumbnail","6":"product_cat-caza-menor","7":"product_cat-salvador-calvo-munoz","9":"first","10":"instock","11":"taxable","12":"shipping-taxable","13":"purchasable","14":"product-type-simple"},"aioseo_notices":[],"_links":{"self":[{"href":"https:\/\/editorialcanchales.es\/pt\/wp-json\/wp\/v2\/product\/259","targetHints":{"allow":["GET"]}}],"collection":[{"href":"https:\/\/editorialcanchales.es\/pt\/wp-json\/wp\/v2\/product"}],"about":[{"href":"https:\/\/editorialcanchales.es\/pt\/wp-json\/wp\/v2\/types\/product"}],"replies":[{"embeddable":true,"href":"https:\/\/editorialcanchales.es\/pt\/wp-json\/wp\/v2\/comments?post=259"}],"version-history":[{"count":1,"href":"https:\/\/editorialcanchales.es\/pt\/wp-json\/wp\/v2\/product\/259\/revisions"}],"predecessor-version":[{"id":260,"href":"https:\/\/editorialcanchales.es\/pt\/wp-json\/wp\/v2\/product\/259\/revisions\/260"}],"wp:featuredmedia":[{"embeddable":true,"href":"https:\/\/editorialcanchales.es\/pt\/wp-json\/wp\/v2\/media\/109"}],"wp:attachment":[{"href":"https:\/\/editorialcanchales.es\/pt\/wp-json\/wp\/v2\/media?parent=259"}],"wp:term":[{"taxonomy":"product_brand","embeddable":true,"href":"https:\/\/editorialcanchales.es\/pt\/wp-json\/wp\/v2\/product_brand?post=259"},{"taxonomy":"product_cat","embeddable":true,"href":"https:\/\/editorialcanchales.es\/pt\/wp-json\/wp\/v2\/product_cat?post=259"},{"taxonomy":"product_tag","embeddable":true,"href":"https:\/\/editorialcanchales.es\/pt\/wp-json\/wp\/v2\/product_tag?post=259"}],"curies":[{"name":"wp","href":"https:\/\/api.w.org\/{rel}","templated":true}]}}