{"id":257,"date":"2020-05-26T08:31:22","date_gmt":"2020-05-26T08:31:22","guid":{"rendered":"http:\/\/canchales.local\/?post_type=product&#038;p=257"},"modified":"2025-05-21T15:11:30","modified_gmt":"2025-05-22T01:41:30","slug":"torcaces-y-cimbeles-anecdotas-y-comentarios","status":"publish","type":"product","link":"https:\/\/editorialcanchales.es\/pt\/produto\/torcaces-y-cimbeles-anecdotas-y-comentarios\/","title":{"rendered":"TORCACES Y CIMBELES. AN\u00c9CDOTAS Y COMENTARIOS"},"content":{"rendered":"<p>O leitor tem em suas m\u00e3os a segunda parte da\u00a0<span class=\"style_2\">La caza de la paloma torcaz con cimbeles<\/span>. Como o autor explica,\u00a0<span class=\"style_2\">ouve muitos coment\u00e1rios no pipeline e teve que terminar o que come\u00e7ou<\/span>. Combina este livro uma parte t\u00e9cnica com a suplementa\u00e7\u00e3o da primeira, com uma quota de anedotas, que n\u00e3o t\u00eam lugar n\u00e3o apenas as mais estranhas experi\u00eancias do autor, mas tamb\u00e9m uma multid\u00e3o de personagens e eventos que t\u00eam acontecido ao longo de uma tempo dedicado ao campo, a ca\u00e7a a vida em geral, e da ca\u00e7a pombo de madeira com chamarizes em particular.Si seu primeiro livro j\u00e1 \u00e9 considerado um verdadeiro tratado sobre esta forma emocionante da ca\u00e7a, esta segunda - igualmente pr\u00e1tico e ilustrativo, mas complementos, abundante em uma faixa in\u00e9dita em nossa literatura de ca\u00e7a - certamente mais divertido e sugestivo.<\/p>","protected":false},"excerpt":{"rendered":"<p>JUAN MANUEL ALONSO RABAZO<\/p>\n<ul>\n<li class=\"paragraph_style_3\">L\u00edngua<span class=\"style_3\">: <\/span>ESPANHOL<span class=\"style_5\"><br \/>\n<\/span><\/li>\n<li class=\"paragraph_style_3\">Encaderna\u00e7\u00e3o<span class=\"style_3\">: <\/span>R\u00fastica laminada mate<span class=\"style_5\"><br \/>\n<\/span><\/li>\n<li class=\"paragraph_style_3\">P\u00e1ginas<span class=\"style_3\">: <\/span>378<span class=\"style_5\"><br \/>\n<\/span><\/li>\n<li class=\"paragraph_style_3\">Impress\u00e3o<span class=\"style_3\">: <\/span>Color y B\/N<span class=\"style_5\"><br \/>\n<\/span><\/li>\n<li class=\"paragraph_style_3\">Conte\u00fado<span class=\"style_3\">: <\/span>Textos e fotografias<span class=\"style_5\"><br \/>\n<\/span><\/li>\n<li class=\"paragraph_style_3\">Medidas<span class=\"style_3\">: <\/span>170&#215;240 mm.<\/li>\n<\/ul>","protected":false},"featured_media":135,"comment_status":"open","ping_status":"closed","template":"","meta":[],"product_brand":[],"product_cat":[20,34],"product_tag":[],"class_list":{"0":"post-257","1":"product","2":"type-product","3":"status-publish","4":"has-post-thumbnail","6":"product_cat-caza-menor","7":"product_cat-juan-manuel-alonso-rabazo","9":"first","10":"instock","11":"taxable","12":"shipping-taxable","13":"purchasable","14":"product-type-simple"},"aioseo_notices":[],"_links":{"self":[{"href":"https:\/\/editorialcanchales.es\/pt\/wp-json\/wp\/v2\/product\/257","targetHints":{"allow":["GET"]}}],"collection":[{"href":"https:\/\/editorialcanchales.es\/pt\/wp-json\/wp\/v2\/product"}],"about":[{"href":"https:\/\/editorialcanchales.es\/pt\/wp-json\/wp\/v2\/types\/product"}],"replies":[{"embeddable":true,"href":"https:\/\/editorialcanchales.es\/pt\/wp-json\/wp\/v2\/comments?post=257"}],"version-history":[{"count":1,"href":"https:\/\/editorialcanchales.es\/pt\/wp-json\/wp\/v2\/product\/257\/revisions"}],"predecessor-version":[{"id":258,"href":"https:\/\/editorialcanchales.es\/pt\/wp-json\/wp\/v2\/product\/257\/revisions\/258"}],"wp:featuredmedia":[{"embeddable":true,"href":"https:\/\/editorialcanchales.es\/pt\/wp-json\/wp\/v2\/media\/135"}],"wp:attachment":[{"href":"https:\/\/editorialcanchales.es\/pt\/wp-json\/wp\/v2\/media?parent=257"}],"wp:term":[{"taxonomy":"product_brand","embeddable":true,"href":"https:\/\/editorialcanchales.es\/pt\/wp-json\/wp\/v2\/product_brand?post=257"},{"taxonomy":"product_cat","embeddable":true,"href":"https:\/\/editorialcanchales.es\/pt\/wp-json\/wp\/v2\/product_cat?post=257"},{"taxonomy":"product_tag","embeddable":true,"href":"https:\/\/editorialcanchales.es\/pt\/wp-json\/wp\/v2\/product_tag?post=257"}],"curies":[{"name":"wp","href":"https:\/\/api.w.org\/{rel}","templated":true}]}}