{"id":255,"date":"2020-05-26T08:28:21","date_gmt":"2020-05-26T08:28:21","guid":{"rendered":"http:\/\/canchales.local\/?post_type=product&#038;p=255"},"modified":"2021-03-10T19:36:30","modified_gmt":"2021-03-10T19:36:30","slug":"jabalies-con-escopeta-y-perros","status":"publish","type":"product","link":"https:\/\/editorialcanchales.es\/pt\/produto\/jabalies-con-escopeta-y-perros\/","title":{"rendered":"JABAL\u00cdES CON ESCOPETA Y PERROS"},"content":{"rendered":"<p class=\"paragraph_style_2\">Quarta entrega liter\u00e1ria de Pepe Murillo \u2013 ca\u00e7ador singular que sai das normas imperantes \u2013 na qual volta aos grandes lan\u00e7os cineg\u00e9ticos dos seus dois livros de\u00a0<span class=\"style_2\">\u201cJabal\u00edes a la Espera\u201d<\/span>, mas tamb\u00e9m, como j\u00e1 tinha apontado em\u00a0<span class=\"style_2\">\u201cLos Riberos del Salor\u201d<\/span>, recreia a \u00edntima como\u00e7\u00e3o que lhe provoca o ambiente natural onde se desenvolvem.  \nCom a habitual prosa, simples e transparente, a h\u00e1bil capacidade descritiva \u2013 tanto das paisagens como das personagens - tece p\u00e1gina por p\u00e1gina uma hist\u00f3ria particular, entranh\u00e1vel, forjada \u00e0 base de recorda\u00e7\u00f5es, de campo e de serra, que formam a ess\u00eancia de uma ca\u00e7a aut\u00eantica, praticada sem ataduras, na liberdade do campo, onde sempre podemos esperar a surpresa, onde sempre podemos temer o fracasso.<\/p>\n<p class=\"paragraph_style_2\">O autor apresenta-nos desta vez uma modalidade de ca\u00e7a na qual, com pouca gente, poucos c\u00e3es e muito terreno, o ca\u00e7ador \u201cauto mutila-se\u201d, renunciando \u00e0 t\u00e9cnica das modernas carabinas e impondo-se a si pr\u00f3prio outras limita\u00e7\u00f5es, para conceder uma oportunidade \u00e0 presa, para ca\u00e7ar como antigamente, de igual para igual.<\/p>\n<p class=\"paragraph_style_2\">Excelente libro, interessante e ameno, quase aditivo. Quando o come\u00e7ar a ler, n\u00e3o vai parar at\u00e9 acabar, e ach\u00e1-lo-\u00e1 breve.<\/p>","protected":false},"excerpt":{"rendered":"<p>JOS\u00c9 MURILLO S\u00c1NCHEZ<\/p>\n<ul>\n<li class=\"paragraph_style_3\">L\u00edngua<span class=\"style_3\">: <\/span>ESPANHOL<span class=\"style_5\"><br \/>\n<\/span><\/li>\n<li class=\"paragraph_style_3\">Encaderna\u00e7\u00e3o<span class=\"style_3\">: <\/span>Capa dura laminada mate<span class=\"style_5\"><br \/>\n<\/span><\/li>\n<li class=\"paragraph_style_3\">P\u00e1ginas<span class=\"style_3\">: <\/span>426<span class=\"style_5\"><br \/>\n<\/span><\/li>\n<li class=\"paragraph_style_3\">Impress\u00e3o<span class=\"style_3\">: <\/span>Color y B\/N<span class=\"style_5\"><br \/>\n<\/span><\/li>\n<li class=\"paragraph_style_3\">Conte\u00fado<span class=\"style_3\">: <\/span>Textos e fotografias<span class=\"style_5\"><br \/>\n<\/span><\/li>\n<li class=\"paragraph_style_3\">Medidas<span class=\"style_3\">: <\/span>170&#215;240 mm.<\/li>\n<\/ul>","protected":false},"featured_media":116,"comment_status":"open","ping_status":"closed","template":"","meta":[],"product_brand":[],"product_cat":[15,31],"product_tag":[],"class_list":{"0":"post-255","1":"product","2":"type-product","3":"status-publish","4":"has-post-thumbnail","6":"product_cat-caza-mayor","7":"product_cat-jose-murillo","9":"first","10":"instock","11":"taxable","12":"shipping-taxable","13":"purchasable","14":"product-type-simple"},"aioseo_notices":[],"_links":{"self":[{"href":"https:\/\/editorialcanchales.es\/pt\/wp-json\/wp\/v2\/product\/255","targetHints":{"allow":["GET"]}}],"collection":[{"href":"https:\/\/editorialcanchales.es\/pt\/wp-json\/wp\/v2\/product"}],"about":[{"href":"https:\/\/editorialcanchales.es\/pt\/wp-json\/wp\/v2\/types\/product"}],"replies":[{"embeddable":true,"href":"https:\/\/editorialcanchales.es\/pt\/wp-json\/wp\/v2\/comments?post=255"}],"version-history":[{"count":2,"href":"https:\/\/editorialcanchales.es\/pt\/wp-json\/wp\/v2\/product\/255\/revisions"}],"predecessor-version":[{"id":393,"href":"https:\/\/editorialcanchales.es\/pt\/wp-json\/wp\/v2\/product\/255\/revisions\/393"}],"wp:featuredmedia":[{"embeddable":true,"href":"https:\/\/editorialcanchales.es\/pt\/wp-json\/wp\/v2\/media\/116"}],"wp:attachment":[{"href":"https:\/\/editorialcanchales.es\/pt\/wp-json\/wp\/v2\/media?parent=255"}],"wp:term":[{"taxonomy":"product_brand","embeddable":true,"href":"https:\/\/editorialcanchales.es\/pt\/wp-json\/wp\/v2\/product_brand?post=255"},{"taxonomy":"product_cat","embeddable":true,"href":"https:\/\/editorialcanchales.es\/pt\/wp-json\/wp\/v2\/product_cat?post=255"},{"taxonomy":"product_tag","embeddable":true,"href":"https:\/\/editorialcanchales.es\/pt\/wp-json\/wp\/v2\/product_tag?post=255"}],"curies":[{"name":"wp","href":"https:\/\/api.w.org\/{rel}","templated":true}]}}