{"id":253,"date":"2020-05-26T08:24:54","date_gmt":"2020-05-26T08:24:54","guid":{"rendered":"http:\/\/canchales.local\/?post_type=product&#038;p=253"},"modified":"2022-04-13T21:09:13","modified_gmt":"2022-04-13T21:09:13","slug":"campo-y-caza-sierra-de-san-pedro-s-l","status":"publish","type":"product","link":"https:\/\/editorialcanchales.es\/pt\/produto\/campo-y-caza-sierra-de-san-pedro-s-l\/","title":{"rendered":"CAMPO Y CAZA. SIERRA DE SAN PEDRO S.L."},"content":{"rendered":"<p class=\"paragraph_style_5\">Um merit\u00f3rio trabalho sobre o campo e a ca\u00e7a, sobre a Serra de San Pedro, sobre \u201cSierra de San Pedro S.L.\u201d e, por tanto, sobre a figura de Luis Higuero L\u00f3pez-Montenegro, que se erige na personagem fundamental deste livro, a quem \u00e9 dedicado expressamente pelo autor.<\/p>\n<p class=\"paragraph_style_5\"><span class=\"style_5\">A hist\u00f3ria desta organiza\u00e7\u00e3o cineg\u00e9tica \u00e9 a que \u00e9, e eu vou cont\u00e1-la,<\/span>diz-nos o autor na\u00a0<span class=\"style_5\">Introducci\u00f3n<\/span>E n\u00e3o se engana. Conforme avan\u00e7a a leitura v\u00e3o-se sucedendo diferentes artigos, opini\u00f5es ou escritos de monteiros singulares, de propriet\u00e1rios de coutos, afamados ca\u00e7adores, colaboradores, matilheiros, guardas, \u201cpostores\u201d, carregadores\u2026 Em resumo, de todos os que t\u00eam formado parte das ca\u00e7adas e montarias em Serra de San Pedro, aos que se une o testemunho singular de membros da fam\u00edlia Higuero, inevitavelmente unida \u00e0 hist\u00f3ria desta organiza\u00e7\u00e3o de ca\u00e7a.<\/p>\n<p class=\"paragraph_style_5\">Tudo isto \u00e9 completado com uma excelente reportagem fotogr\u00e1fica, que nos faz evocar lembran\u00e7as, e que nos ajuda a ir percorrendo, desde os primeiros anos at\u00e9 \u00e0 atualidade, a exist\u00eancia de \u201cSierra de San Pedro S.L.\u201d, organiza\u00e7\u00e3o de ca\u00e7a pioneira em Espanha.<\/p>","protected":false},"excerpt":{"rendered":"<p>MANUEL GARC\u00cdA VILLAL\u00d3N<\/p>\n<ul>\n<li class=\"paragraph_style_2\"><span class=\"style_2\">L\u00edngua<\/span><span class=\"style_3\">: <\/span><span class=\"style_4\">ESPANHOL<br \/>\n<\/span><\/li>\n<li class=\"paragraph_style_3\"><span class=\"style_2\">Encaderna\u00e7\u00e3o<\/span><span class=\"style_3\">: <\/span><span class=\"style_4\">Capa dura laminada<br \/>\n<\/span><\/li>\n<li class=\"paragraph_style_4\"><span class=\"style_2\">P\u00e1ginas<\/span><span class=\"style_3\">: <\/span><span class=\"style_4\">416<br \/>\n<\/span><\/li>\n<li class=\"paragraph_style_3\"><span class=\"style_2\">Impress\u00e3o<\/span><span class=\"style_3\">: <\/span><span class=\"style_4\">Color y B\/N<br \/>\n<\/span><\/li>\n<li class=\"paragraph_style_3\"><span class=\"style_2\">Conte\u00fado<\/span><span class=\"style_3\">: <\/span><span class=\"style_4\">Textos e fotografias<br \/>\n<\/span><\/li>\n<li class=\"paragraph_style_3\"><span class=\"style_2\">Medidas<\/span><span class=\"style_3\">: <\/span><span class=\"style_4\">220&#215;280 mm.<\/span><\/li>\n<\/ul>","protected":false},"featured_media":102,"comment_status":"open","ping_status":"closed","template":"","meta":[],"product_brand":[],"product_cat":[15,42],"product_tag":[],"class_list":{"0":"post-253","1":"product","2":"type-product","3":"status-publish","4":"has-post-thumbnail","6":"product_cat-caza-mayor","7":"product_cat-manuel-garcia-villalon","9":"first","10":"instock","11":"taxable","12":"shipping-taxable","13":"purchasable","14":"product-type-simple"},"aioseo_notices":[],"_links":{"self":[{"href":"https:\/\/editorialcanchales.es\/pt\/wp-json\/wp\/v2\/product\/253","targetHints":{"allow":["GET"]}}],"collection":[{"href":"https:\/\/editorialcanchales.es\/pt\/wp-json\/wp\/v2\/product"}],"about":[{"href":"https:\/\/editorialcanchales.es\/pt\/wp-json\/wp\/v2\/types\/product"}],"replies":[{"embeddable":true,"href":"https:\/\/editorialcanchales.es\/pt\/wp-json\/wp\/v2\/comments?post=253"}],"version-history":[{"count":1,"href":"https:\/\/editorialcanchales.es\/pt\/wp-json\/wp\/v2\/product\/253\/revisions"}],"predecessor-version":[{"id":254,"href":"https:\/\/editorialcanchales.es\/pt\/wp-json\/wp\/v2\/product\/253\/revisions\/254"}],"wp:featuredmedia":[{"embeddable":true,"href":"https:\/\/editorialcanchales.es\/pt\/wp-json\/wp\/v2\/media\/102"}],"wp:attachment":[{"href":"https:\/\/editorialcanchales.es\/pt\/wp-json\/wp\/v2\/media?parent=253"}],"wp:term":[{"taxonomy":"product_brand","embeddable":true,"href":"https:\/\/editorialcanchales.es\/pt\/wp-json\/wp\/v2\/product_brand?post=253"},{"taxonomy":"product_cat","embeddable":true,"href":"https:\/\/editorialcanchales.es\/pt\/wp-json\/wp\/v2\/product_cat?post=253"},{"taxonomy":"product_tag","embeddable":true,"href":"https:\/\/editorialcanchales.es\/pt\/wp-json\/wp\/v2\/product_tag?post=253"}],"curies":[{"name":"wp","href":"https:\/\/api.w.org\/{rel}","templated":true}]}}