{"id":251,"date":"2020-05-26T08:20:18","date_gmt":"2020-05-26T08:20:18","guid":{"rendered":"http:\/\/canchales.local\/?post_type=product&#038;p=251"},"modified":"2020-06-04T07:05:36","modified_gmt":"2020-06-04T07:05:36","slug":"en-el-silencio-de-la-noche","status":"publish","type":"product","link":"https:\/\/editorialcanchales.es\/pt\/produto\/en-el-silencio-de-la-noche\/","title":{"rendered":"EN EL SILENCIO DE LA NOCHE"},"content":{"rendered":"<p>Atualmente, quando a ca\u00e7a comercial se imp\u00f4s definitivamente, n\u00e3o \u00e9 f\u00e1cil encontrar uma afici\u00f3n t\u00e3o pura e t\u00e3o simples como a de Jos\u00e9 Ant\u00f3nio Cadena. A rela\u00e7\u00e3o com o campo, com os animais que persegue, o amplo horizonte de atividades que a maneira de entender a ca\u00e7a lhe permite abranger, fazem dos lan\u00e7os hist\u00f3rias dignas de contar, que captam o leitor desde o primeiro momento.<\/p>\n<p>A simplicidade da prosa, o carinho que transmite pela terra e pelos seres queridos, o respeito pelas pe\u00e7as perseguidas e a intensidade com a que o autor vive cada lan\u00e7o, fazem de En el silencio de la noche um livro muito ameno, no qual o brio do relato n\u00e3o baixa e que satisfaz plenamente a procura de autenticidade t\u00e3o desejada pelos verdadeiros ca\u00e7adores.<\/p>","protected":false},"excerpt":{"rendered":"<p>JOS\u00c9 ANTONIO CADENA MURILLO<\/p>\n<ul>\n<li>L\u00edngua:\n\nESPANHOL<\/li>\n<li>Encuadernaci\u00f3n: R\u00fastica Laminado brillo y solapas<\/li>\n<li>P\u00e1ginas: 260<\/li>\n<li>Impress\u00e3o:\n\nB\/N<\/li>\n<li>Conte\u00fado: Textos<\/li>\n<li>Medidas: 170&#215;240 mm.<\/li>\n<\/ul>","protected":false},"featured_media":133,"comment_status":"open","ping_status":"closed","template":"","meta":[],"product_brand":[],"product_cat":[26,40],"product_tag":[],"class_list":{"0":"post-251","1":"product","2":"type-product","3":"status-publish","4":"has-post-thumbnail","6":"product_cat-esperas","7":"product_cat-jose-antonio-cadena-murillo","9":"first","10":"instock","11":"taxable","12":"shipping-taxable","13":"purchasable","14":"product-type-simple"},"aioseo_notices":[],"_links":{"self":[{"href":"https:\/\/editorialcanchales.es\/pt\/wp-json\/wp\/v2\/product\/251","targetHints":{"allow":["GET"]}}],"collection":[{"href":"https:\/\/editorialcanchales.es\/pt\/wp-json\/wp\/v2\/product"}],"about":[{"href":"https:\/\/editorialcanchales.es\/pt\/wp-json\/wp\/v2\/types\/product"}],"replies":[{"embeddable":true,"href":"https:\/\/editorialcanchales.es\/pt\/wp-json\/wp\/v2\/comments?post=251"}],"version-history":[{"count":1,"href":"https:\/\/editorialcanchales.es\/pt\/wp-json\/wp\/v2\/product\/251\/revisions"}],"predecessor-version":[{"id":252,"href":"https:\/\/editorialcanchales.es\/pt\/wp-json\/wp\/v2\/product\/251\/revisions\/252"}],"wp:featuredmedia":[{"embeddable":true,"href":"https:\/\/editorialcanchales.es\/pt\/wp-json\/wp\/v2\/media\/133"}],"wp:attachment":[{"href":"https:\/\/editorialcanchales.es\/pt\/wp-json\/wp\/v2\/media?parent=251"}],"wp:term":[{"taxonomy":"product_brand","embeddable":true,"href":"https:\/\/editorialcanchales.es\/pt\/wp-json\/wp\/v2\/product_brand?post=251"},{"taxonomy":"product_cat","embeddable":true,"href":"https:\/\/editorialcanchales.es\/pt\/wp-json\/wp\/v2\/product_cat?post=251"},{"taxonomy":"product_tag","embeddable":true,"href":"https:\/\/editorialcanchales.es\/pt\/wp-json\/wp\/v2\/product_tag?post=251"}],"curies":[{"name":"wp","href":"https:\/\/api.w.org\/{rel}","templated":true}]}}