{"id":249,"date":"2020-05-26T07:59:03","date_gmt":"2020-05-26T07:59:03","guid":{"rendered":"http:\/\/canchales.local\/?post_type=product&#038;p=249"},"modified":"2021-03-23T09:30:16","modified_gmt":"2021-03-23T09:30:16","slug":"la-caza-de-la-paloma-torcaz-con-cimbeles","status":"publish","type":"product","link":"https:\/\/editorialcanchales.es\/pt\/produto\/la-caza-de-la-paloma-torcaz-con-cimbeles\/","title":{"rendered":"LA CAZA DE LA PALOMA TORCAZ CON CIMBELES"},"content":{"rendered":"<div class=\"style\">\n<p class=\"paragraph_style_2\"><span class=\"style_2\">A ca\u00e7a de verdade \u00e9 aquela na qual interv\u00e9m \u2013\u00a0<\/span>junto do ca\u00e7ador\u00a0<span class=\"style_2\">- outro animal: Dura todo o ano. \u00c0 outra h\u00e1 que adicionar o n\u00famero, falta-lhe alguma coisa. (Leopoldo Castillo Grajera,\u00a0<\/span>pr\u00f3logo a\u00a0<span class=\"style_2\">\u201cNarraciones de un Montero\u201d<\/span>, de Antonio Covars\u00ed. Editorial Canchales. Ano 2010). A matilha, a cetraria, a ca\u00e7a da perdiz com reclamo, a lebre com galgos, o c\u00e3o de parar..., e a ca\u00e7a ao pombo com nega\u00e7as. Complicada modalidade de ca\u00e7a que, juntando na pr\u00e1tica as caracter\u00edsticas de pureza t\u00e9cnica e paix\u00e3o, pode-se elevar \u00e0 categoria de \u201carte cineg\u00e9tico\u201d.<\/p>\n<p class=\"paragraph_style_2\">Juan Manuel Alonso Rabazo descobre-nos neste primeiro livro imensos segredos e truques , fruto de ampla experi\u00eancia adquirida, que nos revelam os mais escondidos segredos desta apaixonante e \u2013 muitas vezes- desconhecida modalidade de ca\u00e7a. Explica-nos pormenorizadamente como treinar os diferentes tipos de nega\u00e7as, quais os cuidados de que precisam e, tamb\u00e9m, como fabricar, preparar, conservar e utilizar cada um dos infinitos complementos necess\u00e1rios para o exerc\u00edcio deste tipo de ca\u00e7a. E tudo isto sem esquecer a t\u00e9cnica, mas com um estilo ameno e divertido, de uma forma clara, fresca e simples,\u00a0<span class=\"style_2\">porque os ca\u00e7adores com nega\u00e7as somos pessoas simples<\/span>, como ele pr\u00f3prio afirma no livro.<\/p>\n<p class=\"paragraph_style_2\">Estamos perante um livro interessante, que aborda um tema in\u00e9dito na nossa literatura cineg\u00e9tica. Um verdadeiro tratado, que nos revela e ensina, mas que ao mesmo tempo nos apanha e nos cativa na leitura, tanto ao experiente ca\u00e7ador com nega\u00e7as, como ao ne\u00f3fito aficionado a esta forma de ca\u00e7ar.<\/p>\n<\/div>\n<div class=\"tinyText\"><\/div>","protected":false},"excerpt":{"rendered":"<p>JUAN MANUEL ALONSO RABAZO<\/p>\n<ul>\n<li class=\"paragraph_style_3\"><span class=\"style_3\">L\u00edngua<\/span><span class=\"style_4\">: <\/span><span class=\"style_5\">ESPANHOL<br \/>\n<\/span><\/li>\n<li class=\"paragraph_style_4\"><span class=\"style_3\">Encaderna\u00e7\u00e3o<\/span><span class=\"style_4\">: <\/span><span class=\"style_5\">R\u00fastica <\/span><span class=\"style_5\">Laminado brillo y solapas<br \/>\n<\/span><\/li>\n<li class=\"paragraph_style_5\"><span class=\"style_3\">P\u00e1ginas<\/span><span class=\"style_4\">: <\/span><span class=\"style_5\">246<br \/>\n<\/span><\/li>\n<li class=\"paragraph_style_4\"><span class=\"style_3\">Impress\u00e3o<\/span><span class=\"style_4\">: <\/span><span class=\"style_5\">B\/N<br \/>\n<\/span><\/li>\n<li class=\"paragraph_style_4\"><span class=\"style_3\">Conte\u00fado<\/span><span class=\"style_4\">: <\/span><span class=\"style_5\">Textos<br \/>\n<\/span><\/li>\n<li class=\"paragraph_style_4\"><span class=\"style_3\">Medidas<\/span><span class=\"style_4\">: <\/span><span class=\"style_5\">170&#215;240 mm.<\/span><\/li>\n<\/ul>","protected":false},"featured_media":127,"comment_status":"open","ping_status":"closed","template":"","meta":[],"product_brand":[],"product_cat":[20,34],"product_tag":[],"class_list":{"0":"post-249","1":"product","2":"type-product","3":"status-publish","4":"has-post-thumbnail","6":"product_cat-caza-menor","7":"product_cat-juan-manuel-alonso-rabazo","9":"first","10":"instock","11":"taxable","12":"shipping-taxable","13":"purchasable","14":"product-type-simple"},"aioseo_notices":[],"_links":{"self":[{"href":"https:\/\/editorialcanchales.es\/pt\/wp-json\/wp\/v2\/product\/249","targetHints":{"allow":["GET"]}}],"collection":[{"href":"https:\/\/editorialcanchales.es\/pt\/wp-json\/wp\/v2\/product"}],"about":[{"href":"https:\/\/editorialcanchales.es\/pt\/wp-json\/wp\/v2\/types\/product"}],"replies":[{"embeddable":true,"href":"https:\/\/editorialcanchales.es\/pt\/wp-json\/wp\/v2\/comments?post=249"}],"version-history":[{"count":1,"href":"https:\/\/editorialcanchales.es\/pt\/wp-json\/wp\/v2\/product\/249\/revisions"}],"predecessor-version":[{"id":250,"href":"https:\/\/editorialcanchales.es\/pt\/wp-json\/wp\/v2\/product\/249\/revisions\/250"}],"wp:featuredmedia":[{"embeddable":true,"href":"https:\/\/editorialcanchales.es\/pt\/wp-json\/wp\/v2\/media\/127"}],"wp:attachment":[{"href":"https:\/\/editorialcanchales.es\/pt\/wp-json\/wp\/v2\/media?parent=249"}],"wp:term":[{"taxonomy":"product_brand","embeddable":true,"href":"https:\/\/editorialcanchales.es\/pt\/wp-json\/wp\/v2\/product_brand?post=249"},{"taxonomy":"product_cat","embeddable":true,"href":"https:\/\/editorialcanchales.es\/pt\/wp-json\/wp\/v2\/product_cat?post=249"},{"taxonomy":"product_tag","embeddable":true,"href":"https:\/\/editorialcanchales.es\/pt\/wp-json\/wp\/v2\/product_tag?post=249"}],"curies":[{"name":"wp","href":"https:\/\/api.w.org\/{rel}","templated":true}]}}