{"id":247,"date":"2020-05-26T07:52:42","date_gmt":"2020-05-26T07:52:42","guid":{"rendered":"http:\/\/canchales.local\/?post_type=product&#038;p=247"},"modified":"2021-03-27T06:58:25","modified_gmt":"2021-03-27T06:58:25","slug":"los-riberos-del-salor","status":"publish","type":"product","link":"https:\/\/editorialcanchales.es\/pt\/produto\/los-riberos-del-salor\/","title":{"rendered":"LOS RIBEROS DEL SALOR"},"content":{"rendered":"<p>Neste segundo livro, Jos\u00e9 Murillo S\u00e1nchez - autor de \u201cJabal\u00edes a la espera\u201d - escreve sobre a sua outra paix\u00e3o na ca\u00e7a: a perdiz com perdig\u00e3o. O javali e a perdiz, a beleza bruta e a harmonia na beleza, t\u00e3o diferentes e, no entanto, t\u00e3o parecidos na sua ess\u00eancia; ca\u00e7a em solid\u00e3o. Fala-nos agora de perdig\u00f5es e dos ca\u00e7adeiros dos Ribeiros do Salor, perto da desembocadura no Tejo, que faz fronteira com Portugal, mas tamb\u00e9m das gentes destes ribeiros, das hist\u00f3rias, das cren\u00e7as e dos seus costumes. Conta-nos que a \u00e9poca do perdig\u00e3o come\u00e7a no mesmo momento em que acaba o cio, no m\u00eas de Mar\u00e7o e que dura todo o ano. Vai-nos revelando, com hist\u00f3rias e recorda\u00e7\u00f5es as atividades que um aut\u00eantico ca\u00e7ador de perdig\u00e3o, que vive e sente esta ca\u00e7a, realiza m\u00eas a m\u00eas, cuidando os seus p\u00e1ssaros. Trata-se de um livro de relatos de ca\u00e7a, ameno, pr\u00f3ximo, intimista, que nos fala do passado e do presente, de uma terra agreste e bela, da mem\u00f3ria de uma fam\u00edlia, e personagens queridas e amigos unidos pela ca\u00e7a que, para ser pura e aut\u00eantica, tem de ter hist\u00f3ria, profundas ra\u00edzes e tradi\u00e7\u00e3o, paisagem e sabor... e ser partilhada.<\/p>","protected":false},"excerpt":{"rendered":"<p><a href=\"https:\/\/editorialcanchales.es\/pt\/#josemurillo\">JOS\u00c9 MURILLO S\u00c1NCHEZ<\/a><\/p>\n<ul>\n<li class=\"paragraph_style_3\"><span class=\"style_3\">L\u00edngua<\/span><span class=\"style_4\">: <\/span><span class=\"style_5\">ESPANHOL<br \/>\n<\/span><\/li>\n<li class=\"paragraph_style_4\"><span class=\"style_3\">Encaderna\u00e7\u00e3o<\/span><span class=\"style_4\">: <\/span><span class=\"style_5\">Tapa dura y <\/span><span class=\"style_5\">laminado mate<br \/>\n<\/span><\/li>\n<li class=\"paragraph_style_4\"><span class=\"style_3\">P\u00e1ginas<\/span><span class=\"style_4\">: <\/span><span class=\"style_5\">352<br \/>\n<\/span><\/li>\n<li class=\"paragraph_style_4\"><span class=\"style_3\">Impress\u00e3o<\/span><span class=\"style_4\">: <\/span><span class=\"style_5\">Color y B\/N<br \/>\n<\/span><\/li>\n<li class=\"paragraph_style_4\"><span class=\"style_3\">Conte\u00fado<\/span><span class=\"style_4\">: <\/span><span class=\"style_5\">Textos, fotograf\u00edas <\/span><span class=\"style_5\">e ilustra\u00e7\u00f5es<br \/>\n<\/span><\/li>\n<li class=\"paragraph_style_4\"><span class=\"style_3\">Medidas<\/span><span class=\"style_4\">: <\/span><span class=\"style_5\">170&#215;240 mm.<\/span><\/li>\n<\/ul>","protected":false},"featured_media":120,"comment_status":"open","ping_status":"closed","template":"","meta":[],"product_brand":[],"product_cat":[31,27],"product_tag":[],"class_list":{"0":"post-247","1":"product","2":"type-product","3":"status-publish","4":"has-post-thumbnail","6":"product_cat-jose-murillo","7":"product_cat-perdiz-con-reclamo","9":"first","10":"instock","11":"taxable","12":"shipping-taxable","13":"purchasable","14":"product-type-simple"},"aioseo_notices":[],"_links":{"self":[{"href":"https:\/\/editorialcanchales.es\/pt\/wp-json\/wp\/v2\/product\/247","targetHints":{"allow":["GET"]}}],"collection":[{"href":"https:\/\/editorialcanchales.es\/pt\/wp-json\/wp\/v2\/product"}],"about":[{"href":"https:\/\/editorialcanchales.es\/pt\/wp-json\/wp\/v2\/types\/product"}],"replies":[{"embeddable":true,"href":"https:\/\/editorialcanchales.es\/pt\/wp-json\/wp\/v2\/comments?post=247"}],"version-history":[{"count":3,"href":"https:\/\/editorialcanchales.es\/pt\/wp-json\/wp\/v2\/product\/247\/revisions"}],"predecessor-version":[{"id":381,"href":"https:\/\/editorialcanchales.es\/pt\/wp-json\/wp\/v2\/product\/247\/revisions\/381"}],"wp:featuredmedia":[{"embeddable":true,"href":"https:\/\/editorialcanchales.es\/pt\/wp-json\/wp\/v2\/media\/120"}],"wp:attachment":[{"href":"https:\/\/editorialcanchales.es\/pt\/wp-json\/wp\/v2\/media?parent=247"}],"wp:term":[{"taxonomy":"product_brand","embeddable":true,"href":"https:\/\/editorialcanchales.es\/pt\/wp-json\/wp\/v2\/product_brand?post=247"},{"taxonomy":"product_cat","embeddable":true,"href":"https:\/\/editorialcanchales.es\/pt\/wp-json\/wp\/v2\/product_cat?post=247"},{"taxonomy":"product_tag","embeddable":true,"href":"https:\/\/editorialcanchales.es\/pt\/wp-json\/wp\/v2\/product_tag?post=247"}],"curies":[{"name":"wp","href":"https:\/\/api.w.org\/{rel}","templated":true}]}}