{"id":245,"date":"2020-05-26T07:47:53","date_gmt":"2020-05-26T07:47:53","guid":{"rendered":"http:\/\/canchales.local\/?post_type=product&#038;p=245"},"modified":"2021-03-21T19:02:16","modified_gmt":"2021-03-21T19:02:16","slug":"diario-de-un-aguardista","status":"publish","type":"product","link":"https:\/\/editorialcanchales.es\/pt\/produto\/diario-de-un-aguardista\/","title":{"rendered":"DIARIO DE UN AGUARDISTA"},"content":{"rendered":"<div class=\"style\">\n<p class=\"paragraph_style_2\">Atraente leitura das aventuras noturnas de um esperista. Pedro Moreno, ca\u00e7ador cabal, leal e racional, que a pouco e pouco tem ido deixando no seu caderno-di\u00e1rio a mem\u00f3ria dessas jornadas noturnas em contacto \u00edntimo com o sentir do campo. E ainda bem que n\u00e3o ficou esquecido na gaveta da secret\u00e1ria, mas, para nosso lazer e entretenimento, adotou a forma deste libro. Com a sua maneira simples, n\u00e3o isenta de inevit\u00e1veis ares l\u00edricos, Pedro colabora decididamente em prol do bom nome da nossa atividade preferida.<\/p>\n<\/div>\n<div class=\"tinyText\"><\/div>","protected":false},"excerpt":{"rendered":"<p>PEDRO MORENO MORGADO<\/p>\n<ul>\n<li class=\"paragraph_style_3\"><span class=\"style_2\">L\u00edngua<\/span><span class=\"style_3\">: <\/span><span class=\"style_4\">ESPANHOL<br \/>\n<\/span><\/li>\n<li class=\"paragraph_style_4\"><span class=\"style_2\">Encaderna\u00e7\u00e3o<\/span><span class=\"style_3\">: <\/span><span class=\"style_4\">R\u00fastica <\/span><span class=\"style_4\">Laminado brillo<br \/>\n<\/span><\/li>\n<li class=\"paragraph_style_4\"><span class=\"style_2\">P\u00e1ginas<\/span><span class=\"style_3\">: <\/span><span class=\"style_4\">258<br \/>\n<\/span><\/li>\n<li class=\"paragraph_style_4\"><span class=\"style_2\">Impress\u00e3o<\/span><span class=\"style_3\">: <\/span><span class=\"style_4\">Color y B\/N<br \/>\n<\/span><\/li>\n<li class=\"paragraph_style_4\"><span class=\"style_2\">Conte\u00fado<\/span><span class=\"style_3\">: <\/span><span class=\"style_4\">Textos, fotograf\u00edas <\/span><span class=\"style_4\">e ilustra\u00e7\u00f5es<br \/>\n<\/span><\/li>\n<li class=\"paragraph_style_4\"><span class=\"style_2\">Medidas<\/span><span class=\"style_3\">: <\/span><span class=\"style_4\">170&#215;240 mm.<\/span><\/li>\n<\/ul>","protected":false},"featured_media":651,"comment_status":"open","ping_status":"closed","template":"","meta":[],"product_brand":[],"product_cat":[26,35],"product_tag":[],"class_list":{"0":"post-245","1":"product","2":"type-product","3":"status-publish","4":"has-post-thumbnail","6":"product_cat-esperas","7":"product_cat-pedro-moreno-morgado","9":"first","10":"outofstock","11":"taxable","12":"shipping-taxable","13":"purchasable","14":"product-type-simple"},"aioseo_notices":[],"_links":{"self":[{"href":"https:\/\/editorialcanchales.es\/pt\/wp-json\/wp\/v2\/product\/245","targetHints":{"allow":["GET"]}}],"collection":[{"href":"https:\/\/editorialcanchales.es\/pt\/wp-json\/wp\/v2\/product"}],"about":[{"href":"https:\/\/editorialcanchales.es\/pt\/wp-json\/wp\/v2\/types\/product"}],"replies":[{"embeddable":true,"href":"https:\/\/editorialcanchales.es\/pt\/wp-json\/wp\/v2\/comments?post=245"}],"version-history":[{"count":2,"href":"https:\/\/editorialcanchales.es\/pt\/wp-json\/wp\/v2\/product\/245\/revisions"}],"predecessor-version":[{"id":394,"href":"https:\/\/editorialcanchales.es\/pt\/wp-json\/wp\/v2\/product\/245\/revisions\/394"}],"wp:featuredmedia":[{"embeddable":true,"href":"https:\/\/editorialcanchales.es\/pt\/wp-json\/wp\/v2\/media\/651"}],"wp:attachment":[{"href":"https:\/\/editorialcanchales.es\/pt\/wp-json\/wp\/v2\/media?parent=245"}],"wp:term":[{"taxonomy":"product_brand","embeddable":true,"href":"https:\/\/editorialcanchales.es\/pt\/wp-json\/wp\/v2\/product_brand?post=245"},{"taxonomy":"product_cat","embeddable":true,"href":"https:\/\/editorialcanchales.es\/pt\/wp-json\/wp\/v2\/product_cat?post=245"},{"taxonomy":"product_tag","embeddable":true,"href":"https:\/\/editorialcanchales.es\/pt\/wp-json\/wp\/v2\/product_tag?post=245"}],"curies":[{"name":"wp","href":"https:\/\/api.w.org\/{rel}","templated":true}]}}