{"id":243,"date":"2020-05-26T07:41:34","date_gmt":"2020-05-26T07:41:34","guid":{"rendered":"http:\/\/canchales.local\/?post_type=product&#038;p=243"},"modified":"2021-03-10T16:45:51","modified_gmt":"2021-03-10T16:45:51","slug":"las-perdices-del-olivar","status":"publish","type":"product","link":"https:\/\/editorialcanchales.es\/pt\/produto\/las-perdices-del-olivar\/","title":{"rendered":"LAS PERDICES DEL OLIVAR"},"content":{"rendered":"<p>\u201cTal e como j\u00e1 estamos habituados, Miguel Bulnes escreve neste novo livro sobre a nossa apreciada perdiz vermelha, e f\u00e1-lo com a mestria e simplicidade que o caraterizam. Enquanto lemos este genu\u00edno canto \u00e0 perdiz selvagem, redigido em primeira pessoa, iremos acompanhando o autor a atirar perdizes de salto, a educar e mimar os seus \u201creclamos\u201d e estaremos com ela a olhar atrav\u00e9s da fresta, em pormenorizados aguardos de perdig\u00e3o. E f\u00e1-lo-emos com o cheiro a molhado dos dias de chuva, a sentir a fria humidade do nevoeiro e enganaremos o vento, entre a sonhar e acordados, ao ritmo de uma palmeira como se alude num dos cap\u00edtulos dos p\u00e1ssaros de Inverno. Conversaremos com guardas e cabreiros, sentar-nos-emos ao p\u00e9 do lume com um caf\u00e9 entre as m\u00e3os e recluir-nos-emos na serra durante o cio da perdiz.<\/p>\n<p>Mas neste livro vamos encontrar muito mais do que isso; sentiremos com intensidade o amor pela terra, o la\u00e7o entranh\u00e1vel da amizade, o peso da recorda\u00e7\u00e3o e o companheirismo da ca\u00e7a. E tudo isto numa trama habilmente tra\u00e7ada, que nos prender\u00e1 desde as primeiras p\u00e1ginas e que leremos com frui\u00e7\u00e3o at\u00e9 chegar ao inesperado fim.\u201d<\/p>","protected":false},"excerpt":{"rendered":"<p>MIGUEL BULNES CERCAS<\/p>\n<ul>\n<li class=\"paragraph_style_5\"><span class=\"style_3\">L\u00edngua<\/span><span class=\"style_4\">: <\/span><span class=\"style_5\">ESPANHOL<br \/>\n<\/span><\/li>\n<li class=\"paragraph_style_6\"><span class=\"style_3\">Encaderna\u00e7\u00e3o<\/span><span class=\"style_4\">: <\/span><span class=\"style_5\">R\u00fastica <\/span><span class=\"style_5\">Laminado brillo<br \/>\n<\/span><\/li>\n<li class=\"paragraph_style_7\"><span class=\"style_3\">P\u00e1ginas<\/span><span class=\"style_4\">: 200<\/span><span class=\"style_5\"><br \/>\n<\/span><\/li>\n<li class=\"paragraph_style_6\"><span class=\"style_3\">Impress\u00e3o<\/span><span class=\"style_4\">: <\/span><span class=\"style_5\">Color y B\/N<br \/>\n<\/span><\/li>\n<li class=\"paragraph_style_6\"><span class=\"style_3\">Conte\u00fado<\/span><span class=\"style_4\">: <\/span><span class=\"style_5\">Textos, fotograf\u00edas <\/span><span class=\"style_5\">e ilustra\u00e7\u00f5es<br \/>\n<\/span><\/li>\n<li class=\"paragraph_style_6\"><span class=\"style_3\">Medidas<\/span><span class=\"style_4\">:<\/span><span class=\"style_5\"><br \/>\n<\/span><\/li>\n<li class=\"paragraph_style_6\"><span class=\"style_5\">170&#215;240 mm.<\/span><\/li>\n<\/ul>","protected":false},"featured_media":125,"comment_status":"open","ping_status":"closed","template":"","meta":[],"product_brand":[],"product_cat":[33,28],"product_tag":[],"class_list":{"0":"post-243","1":"product","2":"type-product","3":"status-publish","4":"has-post-thumbnail","6":"product_cat-miguel-bulnes-cercas","7":"product_cat-novelas-de-caza","9":"first","10":"instock","11":"taxable","12":"shipping-taxable","13":"purchasable","14":"product-type-simple"},"aioseo_notices":[],"_links":{"self":[{"href":"https:\/\/editorialcanchales.es\/pt\/wp-json\/wp\/v2\/product\/243","targetHints":{"allow":["GET"]}}],"collection":[{"href":"https:\/\/editorialcanchales.es\/pt\/wp-json\/wp\/v2\/product"}],"about":[{"href":"https:\/\/editorialcanchales.es\/pt\/wp-json\/wp\/v2\/types\/product"}],"replies":[{"embeddable":true,"href":"https:\/\/editorialcanchales.es\/pt\/wp-json\/wp\/v2\/comments?post=243"}],"version-history":[{"count":2,"href":"https:\/\/editorialcanchales.es\/pt\/wp-json\/wp\/v2\/product\/243\/revisions"}],"predecessor-version":[{"id":395,"href":"https:\/\/editorialcanchales.es\/pt\/wp-json\/wp\/v2\/product\/243\/revisions\/395"}],"wp:featuredmedia":[{"embeddable":true,"href":"https:\/\/editorialcanchales.es\/pt\/wp-json\/wp\/v2\/media\/125"}],"wp:attachment":[{"href":"https:\/\/editorialcanchales.es\/pt\/wp-json\/wp\/v2\/media?parent=243"}],"wp:term":[{"taxonomy":"product_brand","embeddable":true,"href":"https:\/\/editorialcanchales.es\/pt\/wp-json\/wp\/v2\/product_brand?post=243"},{"taxonomy":"product_cat","embeddable":true,"href":"https:\/\/editorialcanchales.es\/pt\/wp-json\/wp\/v2\/product_cat?post=243"},{"taxonomy":"product_tag","embeddable":true,"href":"https:\/\/editorialcanchales.es\/pt\/wp-json\/wp\/v2\/product_tag?post=243"}],"curies":[{"name":"wp","href":"https:\/\/api.w.org\/{rel}","templated":true}]}}