{"id":240,"date":"2020-05-25T19:18:30","date_gmt":"2020-05-25T19:18:30","guid":{"rendered":"http:\/\/canchales.local\/?post_type=product&#038;p=240"},"modified":"2022-02-11T23:03:51","modified_gmt":"2022-02-11T23:03:51","slug":"con-las-capas-largas","status":"publish","type":"product","link":"https:\/\/editorialcanchales.es\/pt\/produto\/con-las-capas-largas\/","title":{"rendered":"CON LAS CAPAS LARGAS"},"content":{"rendered":"<p class=\"paragraph_style_2\">A perdiz com \u201creclamo\u201d(*). Mais do que uma \u201cafici\u00f3n\u201d, uma paix\u00e3o, uma vida. Veremos como tradi\u00e7\u00e3o familiar se submete aos des\u00edgnios proferidos pelo capote comprido, com os quais se comunga intimamente com o campo e com os seus habitantes, com o mato e os \u201creclamos\u201d(*), esses, no fundo, que identificam o verdadeiro esperista.<\/p>\n<p class=\"paragraph_style_2\">Ir-se-\u00e3o sucedendo nomes como Galindo, Ruanes, Coco, Angelillo... Embora sejam os atribu\u00eddos aos p\u00e1ssaros, parecer\u00e1 atrav\u00e9s dos relatos de esperas e hist\u00f3rias que estamos a falar de amigos \u00edntimos. Em consequ\u00eancia faremos, ao longo das p\u00e1ginas deste livro, um percurso \u00edntimo colados \u00e0 hist\u00f3ria dos \u201creclamos\u201d mais destacados de um \u201cjaulero\u201d que cheira a tradi\u00e7\u00e3o e a profundas ra\u00edzes.<\/p>\n<p class=\"paragraph_style_2\">De toda a obra do autor,\u00a0<span class=\"style_2\">Con las capas largas<\/span>\u00a0\u00e9 o livro mais intimista.<\/p>","protected":false},"excerpt":{"rendered":"<p>MIGUEL BULNES CERCAS<\/p>\n<ul>\n<li class=\"paragraph_style_5\"><span class=\"style_3\">L\u00edngua<\/span><span class=\"style_4\">: <\/span><span class=\"style_5\">ESPANHOL<br \/>\n<\/span><\/li>\n<li class=\"paragraph_style_6\"><span class=\"style_3\">Encaderna\u00e7\u00e3o<\/span><span class=\"style_4\">: <\/span><span class=\"style_5\">R\u00fastica<br \/>\n<\/span><\/li>\n<li class=\"paragraph_style_6\"><span class=\"style_5\">Laminado brillo<br \/>\n<\/span><\/li>\n<li class=\"paragraph_style_7\"><span class=\"style_3\">P\u00e1ginas<\/span><span class=\"style_4\">: <\/span><span class=\"style_5\">176<br \/>\n<\/span><\/li>\n<li class=\"paragraph_style_6\"><span class=\"style_3\">Impress\u00e3o<\/span><span class=\"style_4\">: <\/span><span class=\"style_5\">Color y B\/N<br \/>\n<\/span><\/li>\n<li class=\"paragraph_style_6\"><span class=\"style_3\">Conte\u00fado<\/span><span class=\"style_4\">: <\/span><span class=\"style_5\">Textos, fotograf\u00edas <\/span><span class=\"style_5\">e ilustra\u00e7\u00f5es<br \/>\n<\/span><\/li>\n<li class=\"paragraph_style_6\"><span class=\"style_3\">Medidas<\/span><span class=\"style_4\">: <\/span><span class=\"style_5\">170&#215;240 mm.<\/span><\/li>\n<\/ul>","protected":false},"featured_media":103,"comment_status":"open","ping_status":"closed","template":"","meta":[],"product_brand":[],"product_cat":[33,27],"product_tag":[],"class_list":{"0":"post-240","1":"product","2":"type-product","3":"status-publish","4":"has-post-thumbnail","6":"product_cat-miguel-bulnes-cercas","7":"product_cat-perdiz-con-reclamo","9":"first","10":"instock","11":"taxable","12":"shipping-taxable","13":"purchasable","14":"product-type-simple"},"aioseo_notices":[],"_links":{"self":[{"href":"https:\/\/editorialcanchales.es\/pt\/wp-json\/wp\/v2\/product\/240","targetHints":{"allow":["GET"]}}],"collection":[{"href":"https:\/\/editorialcanchales.es\/pt\/wp-json\/wp\/v2\/product"}],"about":[{"href":"https:\/\/editorialcanchales.es\/pt\/wp-json\/wp\/v2\/types\/product"}],"replies":[{"embeddable":true,"href":"https:\/\/editorialcanchales.es\/pt\/wp-json\/wp\/v2\/comments?post=240"}],"version-history":[{"count":2,"href":"https:\/\/editorialcanchales.es\/pt\/wp-json\/wp\/v2\/product\/240\/revisions"}],"predecessor-version":[{"id":242,"href":"https:\/\/editorialcanchales.es\/pt\/wp-json\/wp\/v2\/product\/240\/revisions\/242"}],"wp:featuredmedia":[{"embeddable":true,"href":"https:\/\/editorialcanchales.es\/pt\/wp-json\/wp\/v2\/media\/103"}],"wp:attachment":[{"href":"https:\/\/editorialcanchales.es\/pt\/wp-json\/wp\/v2\/media?parent=240"}],"wp:term":[{"taxonomy":"product_brand","embeddable":true,"href":"https:\/\/editorialcanchales.es\/pt\/wp-json\/wp\/v2\/product_brand?post=240"},{"taxonomy":"product_cat","embeddable":true,"href":"https:\/\/editorialcanchales.es\/pt\/wp-json\/wp\/v2\/product_cat?post=240"},{"taxonomy":"product_tag","embeddable":true,"href":"https:\/\/editorialcanchales.es\/pt\/wp-json\/wp\/v2\/product_tag?post=240"}],"curies":[{"name":"wp","href":"https:\/\/api.w.org\/{rel}","templated":true}]}}