{"id":238,"date":"2020-05-25T19:14:02","date_gmt":"2020-05-25T19:14:02","guid":{"rendered":"http:\/\/canchales.local\/?post_type=product&#038;p=238"},"modified":"2020-12-25T04:03:27","modified_gmt":"2020-12-25T04:03:27","slug":"los-venados-del-abanico-doce-puntas-con-piedad","status":"publish","type":"product","link":"https:\/\/editorialcanchales.es\/pt\/produto\/los-venados-del-abanico-doce-puntas-con-piedad\/","title":{"rendered":"LOS VENADOS DEL ABANICO.  Doce puntas con piedad"},"content":{"rendered":"<p class=\"paragraph_style_2\">O autor vai encadeando neste livro diferentes aventuras atrav\u00e9s de discretas refer\u00eancias a um veado de doze pontas. Passaremos indiferentemente do racional ao medonho: da sobriedade de um dia de ca\u00e7a a salto, \u00e0 emo\u00e7\u00e3o de uma noite de espera; de cobrar um simples coelho, \u00e0 confus\u00e3o da solta de uma matilha; de lobos salteadores a c\u00e3es furadores de matilha. Perdizes republicanas, meias lebres, raposas comedoras de galinhas, porcos engalfinhados com o destino, modalidades de ca\u00e7a proibidas, mas talvez at\u00e9 desculpadas\u2026<\/p>\n<p class=\"paragraph_style_2\">Os cap\u00edtulos sucedem-se sempre com a presen\u00e7a de\u00a0<span class=\"style_2\">\u201cDoce Puntas\u201d\u00a0<\/span>no horizonte, grande veado de\u00a0<span class=\"style_2\">\u201cEl Abanico\u201d,\u00a0<\/span>o \u00faltimo recanto e ref\u00fagio na serra de \"<span class=\"style_2\">Viejo\u201d<\/span>, antigo guarda e ca\u00e7ador, um desses veados que sempre deveremos proteger, para que siga adiante o nosso desejo de ca\u00e7adores.<\/p>","protected":false},"excerpt":{"rendered":"<p>MIGUEL BULNES CERCAS<\/p>\n<ul>\n<li class=\"paragraph_style_3\"><span class=\"style_3\">L\u00edngua<\/span><span class=\"style_4\">: <\/span><span class=\"style_5\">ESPANHOL<br \/>\n<\/span><\/li>\n<li class=\"paragraph_style_4\"><span class=\"style_3\">Encaderna\u00e7\u00e3o<\/span><span class=\"style_4\">: <\/span><span class=\"style_5\">R\u00fastica <\/span><span class=\"style_5\">Laminado brillo<br \/>\n<\/span><\/li>\n<li class=\"paragraph_style_5\"><span class=\"style_3\">P\u00e1ginas<\/span><span class=\"style_4\">: <\/span><span class=\"style_5\">172<br \/>\n<\/span><\/li>\n<li class=\"paragraph_style_4\"><span class=\"style_3\">Impress\u00e3o<\/span><span class=\"style_4\">: <\/span><span class=\"style_5\">B\/N<br \/>\n<\/span><\/li>\n<li class=\"paragraph_style_4\"><span class=\"style_3\">Conte\u00fado<\/span><span class=\"style_4\">: <\/span><span class=\"style_5\">Textos e ilustra\u00e7\u00f5es<br \/>\n<\/span><\/li>\n<li class=\"paragraph_style_4\"><span class=\"style_3\">Medidas<\/span><span class=\"style_4\">: <\/span><span class=\"style_5\">170&#215;240 mm.<\/span><\/li>\n<\/ul>","protected":false},"featured_media":137,"comment_status":"open","ping_status":"closed","template":"","meta":[],"product_brand":[],"product_cat":[33,28],"product_tag":[],"class_list":{"0":"post-238","1":"product","2":"type-product","3":"status-publish","4":"has-post-thumbnail","6":"product_cat-miguel-bulnes-cercas","7":"product_cat-novelas-de-caza","9":"first","10":"instock","11":"taxable","12":"shipping-taxable","13":"purchasable","14":"product-type-simple"},"aioseo_notices":[],"_links":{"self":[{"href":"https:\/\/editorialcanchales.es\/pt\/wp-json\/wp\/v2\/product\/238","targetHints":{"allow":["GET"]}}],"collection":[{"href":"https:\/\/editorialcanchales.es\/pt\/wp-json\/wp\/v2\/product"}],"about":[{"href":"https:\/\/editorialcanchales.es\/pt\/wp-json\/wp\/v2\/types\/product"}],"replies":[{"embeddable":true,"href":"https:\/\/editorialcanchales.es\/pt\/wp-json\/wp\/v2\/comments?post=238"}],"version-history":[{"count":3,"href":"https:\/\/editorialcanchales.es\/pt\/wp-json\/wp\/v2\/product\/238\/revisions"}],"predecessor-version":[{"id":397,"href":"https:\/\/editorialcanchales.es\/pt\/wp-json\/wp\/v2\/product\/238\/revisions\/397"}],"wp:featuredmedia":[{"embeddable":true,"href":"https:\/\/editorialcanchales.es\/pt\/wp-json\/wp\/v2\/media\/137"}],"wp:attachment":[{"href":"https:\/\/editorialcanchales.es\/pt\/wp-json\/wp\/v2\/media?parent=238"}],"wp:term":[{"taxonomy":"product_brand","embeddable":true,"href":"https:\/\/editorialcanchales.es\/pt\/wp-json\/wp\/v2\/product_brand?post=238"},{"taxonomy":"product_cat","embeddable":true,"href":"https:\/\/editorialcanchales.es\/pt\/wp-json\/wp\/v2\/product_cat?post=238"},{"taxonomy":"product_tag","embeddable":true,"href":"https:\/\/editorialcanchales.es\/pt\/wp-json\/wp\/v2\/product_tag?post=238"}],"curies":[{"name":"wp","href":"https:\/\/api.w.org\/{rel}","templated":true}]}}