{"id":236,"date":"2020-05-25T19:10:00","date_gmt":"2020-05-25T19:10:00","guid":{"rendered":"http:\/\/canchales.local\/?post_type=product&#038;p=236"},"modified":"2024-03-19T21:42:09","modified_gmt":"2024-03-19T21:42:09","slug":"entre-dos-mundos","status":"publish","type":"product","link":"https:\/\/editorialcanchales.es\/pt\/produto\/entre-dos-mundos\/","title":{"rendered":"ENTRE DOS MUNDOS"},"content":{"rendered":"<p class=\"paragraph_style_2\">Vida depois da morte. Ca\u00e7adores que se reencarnam em animais. Um profundo conhecimento do campo e dos seus habitantes permite uma representa\u00e7\u00e3o pormenorizada e minuciosa da vida de c\u00e3es, perdizes, veados e outros animais da serra, e a l\u00facida escrita \u00e0 que Bulnes nos tem habituado, descreve-nos com perfei\u00e7\u00e3o as sensa\u00e7\u00f5es e os impulsos, mas vistos desde um ponto de vista diferente, desde a perce\u00e7\u00e3o dos pr\u00f3prios animais. O autor aproveita este recurso liter\u00e1rio para transpor para o papel as suas pr\u00f3prias ideias e preocupa\u00e7\u00f5es sobre a serra, sobre o campo, os animais e a ca\u00e7a.<\/p>\n<p class=\"paragraph_style_2\">Hist\u00f3ria cineg\u00e9tica, romance de fantasia, relato esot\u00e9rico, historias de campo, um original comp\u00eandio de rela\u00e7\u00f5es, entre animais e homens, entre animais, entre animais-homens... Seja qual for a sua cataloga\u00e7\u00e3o, encontramo-nos com um interessante, ameno e divertido novo livro de Miguel Bulnes Cercas, no qual cada p\u00e1gina que lemos desperta em n\u00f3s o irreprim\u00edvel desejo de passar para a seguinte e a outra, at\u00e9 ao fim.<\/p>","protected":false},"excerpt":{"rendered":"<p>MIGUEL BULNES CERCAS<\/p>\n<ul>\n<li class=\"paragraph_style_4\"><span class=\"style_2\">L\u00edngua<\/span><span class=\"style_3\">: <\/span><span class=\"style_4\">ESPANHOL<br \/>\n<\/span><\/li>\n<li class=\"paragraph_style_5\"><span class=\"style_2\">Encaderna\u00e7\u00e3o<\/span><span class=\"style_3\">: <\/span><span class=\"style_4\">R\u00fastica <\/span><span class=\"style_4\">Laminado brillo y solapas<br \/>\n<\/span><\/li>\n<li class=\"paragraph_style_6\"><span class=\"style_2\">P\u00e1ginas<\/span><span class=\"style_3\">: <\/span><span class=\"style_4\">130<br \/>\n<\/span><\/li>\n<li class=\"paragraph_style_5\"><span class=\"style_2\">Impress\u00e3o<\/span><span class=\"style_3\">: <\/span><span class=\"style_4\">B\/N<br \/>\n<\/span><\/li>\n<li class=\"paragraph_style_5\"><span class=\"style_2\">Conte\u00fado<\/span><span class=\"style_3\">: <\/span><span class=\"style_4\">Textos<br \/>\n<\/span><\/li>\n<li class=\"paragraph_style_5\"><span class=\"style_2\">Medidas<\/span><span class=\"style_3\">: <\/span><span class=\"style_4\">148&#215;210 mm.<\/span><\/li>\n<\/ul>","protected":false},"featured_media":111,"comment_status":"open","ping_status":"closed","template":"","meta":[],"product_brand":[],"product_cat":[33,28],"product_tag":[],"class_list":{"0":"post-236","1":"product","2":"type-product","3":"status-publish","4":"has-post-thumbnail","6":"product_cat-miguel-bulnes-cercas","7":"product_cat-novelas-de-caza","9":"first","10":"instock","11":"taxable","12":"shipping-taxable","13":"purchasable","14":"product-type-simple"},"aioseo_notices":[],"_links":{"self":[{"href":"https:\/\/editorialcanchales.es\/pt\/wp-json\/wp\/v2\/product\/236","targetHints":{"allow":["GET"]}}],"collection":[{"href":"https:\/\/editorialcanchales.es\/pt\/wp-json\/wp\/v2\/product"}],"about":[{"href":"https:\/\/editorialcanchales.es\/pt\/wp-json\/wp\/v2\/types\/product"}],"replies":[{"embeddable":true,"href":"https:\/\/editorialcanchales.es\/pt\/wp-json\/wp\/v2\/comments?post=236"}],"version-history":[{"count":1,"href":"https:\/\/editorialcanchales.es\/pt\/wp-json\/wp\/v2\/product\/236\/revisions"}],"predecessor-version":[{"id":237,"href":"https:\/\/editorialcanchales.es\/pt\/wp-json\/wp\/v2\/product\/236\/revisions\/237"}],"wp:featuredmedia":[{"embeddable":true,"href":"https:\/\/editorialcanchales.es\/pt\/wp-json\/wp\/v2\/media\/111"}],"wp:attachment":[{"href":"https:\/\/editorialcanchales.es\/pt\/wp-json\/wp\/v2\/media?parent=236"}],"wp:term":[{"taxonomy":"product_brand","embeddable":true,"href":"https:\/\/editorialcanchales.es\/pt\/wp-json\/wp\/v2\/product_brand?post=236"},{"taxonomy":"product_cat","embeddable":true,"href":"https:\/\/editorialcanchales.es\/pt\/wp-json\/wp\/v2\/product_cat?post=236"},{"taxonomy":"product_tag","embeddable":true,"href":"https:\/\/editorialcanchales.es\/pt\/wp-json\/wp\/v2\/product_tag?post=236"}],"curies":[{"name":"wp","href":"https:\/\/api.w.org\/{rel}","templated":true}]}}