{"id":234,"date":"2020-05-25T19:04:52","date_gmt":"2020-05-25T19:04:52","guid":{"rendered":"http:\/\/canchales.local\/?post_type=product&#038;p=234"},"modified":"2024-07-02T08:05:56","modified_gmt":"2024-07-02T18:35:56","slug":"jabalies-a-la-espera-ii-la-segunda-parte","status":"publish","type":"product","link":"https:\/\/editorialcanchales.es\/pt\/produto\/jabalies-a-la-espera-ii-la-segunda-parte\/","title":{"rendered":"JABAL\u00cdES A LA ESPERA II\n\nA segunda parte"},"content":{"rendered":"<p class=\"paragraph_style_2\">Neste terceiro livro, Jos\u00e9 Murillo apresenta-nos a continua\u00e7\u00e3o de \u201cJabal\u00edes a la espera\u201d \u2013 j\u00e1 esgotado \u2013 com o mesmo t\u00edtulo e o apenso de segunda parte. De facto, o primeiro cap\u00edtulo bem poderia iniciar-se com o n\u00famero XXI, j\u00e1 que retoma o relato e o formato do livro anterior.<\/p>\n<p class=\"paragraph_style_2\">O autor deleita-nos em cada cap\u00edtulo com o seguimento de um \u201cmacareno\u201d (como ele gosta de lhes chamar) cuja pegada encontra na procura cont\u00ednua de pistas e queren\u00e7as. Com a habitual facilidade para descrever paisagens, para nos situar no cen\u00e1rio e de nos fazer notar os mais pequenos pormenores que a afici\u00f3n e a sua boa maneira de fazer descobrem em cada uma das esperas, quase nos obriga a participar de todas elas, percebendo o cheiro seco da serra no Ver\u00e3o e sentindo o frio dos Invernos.<\/p>\n<p class=\"paragraph_style_2\">Ouvimos, no sil\u00eancio, os ru\u00eddos da noite, e participamos de \u00eaxitos que parecem sa\u00eddos de um livro de aventuras. Cada relato traz-nos uma surpresa e um trabalho bem feito, com independ\u00eancia do resultado, partilhando com o autor tanto as alegrias, como as tristezas.<\/p>\n<p class=\"paragraph_style_2\">Este livro l\u00ea-se de uma assentada, mas aconselhamos os bons aficionados que o desfrutem, prolongando a leitura e fazendo um aguardo cada dia ou cada noite.<\/p>","protected":false},"excerpt":{"rendered":"<p class=\"paragraph_style\"><span class=\"style_1\">JOS\u00c9 MURILLO S\u00c1NCHEZ<\/span><\/p>\n<ul>\n<li class=\"paragraph_style_4\"><span class=\"style_2\">L\u00edngua<\/span><span class=\"style_3\">: <\/span><span class=\"style_4\">ESPANHOL<br \/>\n<\/span><\/li>\n<li class=\"paragraph_style_5\"><span class=\"style_2\">Encaderna\u00e7\u00e3o<\/span><span class=\"style_3\">: <\/span><span class=\"style_4\">Capa dura laminada mate<br \/>\n<\/span><\/li>\n<li class=\"paragraph_style_5\"><span class=\"style_2\">P\u00e1ginas<\/span><span class=\"style_3\">: <\/span><span class=\"style_4\">340<br \/>\n<\/span><\/li>\n<li class=\"paragraph_style_5\"><span class=\"style_2\">Impress\u00e3o<\/span><span class=\"style_3\">: <\/span><span class=\"style_4\">Color y B\/N<br \/>\n<\/span><\/li>\n<li class=\"paragraph_style_5\"><span class=\"style_2\">Conte\u00fado<\/span><span class=\"style_3\">: <\/span><span class=\"style_4\">Textos, fotograf\u00edas <\/span><span class=\"style_4\">e ilustra\u00e7\u00f5es<br \/>\n<\/span><\/li>\n<li class=\"paragraph_style_5\"><span class=\"style_2\">Medidas<\/span><span class=\"style_3\">: <\/span><span class=\"style_4\">170&#215;240 mm.<\/span><\/li>\n<\/ul>","protected":false},"featured_media":114,"comment_status":"open","ping_status":"closed","template":"","meta":[],"product_brand":[],"product_cat":[26,31],"product_tag":[],"class_list":{"0":"post-234","1":"product","2":"type-product","3":"status-publish","4":"has-post-thumbnail","6":"product_cat-esperas","7":"product_cat-jose-murillo","9":"first","10":"instock","11":"taxable","12":"shipping-taxable","13":"purchasable","14":"product-type-simple"},"aioseo_notices":[],"_links":{"self":[{"href":"https:\/\/editorialcanchales.es\/pt\/wp-json\/wp\/v2\/product\/234","targetHints":{"allow":["GET"]}}],"collection":[{"href":"https:\/\/editorialcanchales.es\/pt\/wp-json\/wp\/v2\/product"}],"about":[{"href":"https:\/\/editorialcanchales.es\/pt\/wp-json\/wp\/v2\/types\/product"}],"replies":[{"embeddable":true,"href":"https:\/\/editorialcanchales.es\/pt\/wp-json\/wp\/v2\/comments?post=234"}],"version-history":[{"count":1,"href":"https:\/\/editorialcanchales.es\/pt\/wp-json\/wp\/v2\/product\/234\/revisions"}],"predecessor-version":[{"id":235,"href":"https:\/\/editorialcanchales.es\/pt\/wp-json\/wp\/v2\/product\/234\/revisions\/235"}],"wp:featuredmedia":[{"embeddable":true,"href":"https:\/\/editorialcanchales.es\/pt\/wp-json\/wp\/v2\/media\/114"}],"wp:attachment":[{"href":"https:\/\/editorialcanchales.es\/pt\/wp-json\/wp\/v2\/media?parent=234"}],"wp:term":[{"taxonomy":"product_brand","embeddable":true,"href":"https:\/\/editorialcanchales.es\/pt\/wp-json\/wp\/v2\/product_brand?post=234"},{"taxonomy":"product_cat","embeddable":true,"href":"https:\/\/editorialcanchales.es\/pt\/wp-json\/wp\/v2\/product_cat?post=234"},{"taxonomy":"product_tag","embeddable":true,"href":"https:\/\/editorialcanchales.es\/pt\/wp-json\/wp\/v2\/product_tag?post=234"}],"curies":[{"name":"wp","href":"https:\/\/api.w.org\/{rel}","templated":true}]}}