{"id":232,"date":"2020-05-25T19:00:19","date_gmt":"2020-05-25T19:00:19","guid":{"rendered":"http:\/\/canchales.local\/?post_type=product&#038;p=232"},"modified":"2023-05-25T13:24:51","modified_gmt":"2023-05-25T13:24:51","slug":"jabalies-a-la-espera","status":"publish","type":"product","link":"https:\/\/editorialcanchales.es\/pt\/produto\/jabalies-a-la-espera\/","title":{"rendered":"JABAL\u00cdES A LA ESPERA"},"content":{"rendered":"<p class=\"paragraph_style_1\">O autor fala neste livro de uma das formas mais emocionantes de ca\u00e7ar: esperas noturnas aos javalis. Para ele, a ca\u00e7a \u00e9 mais do que uma afici\u00f3n, e na ca\u00e7a grossa n\u00e3o era suficiente deixar que a sorte o levasse at\u00e9 aos javalis na porta que lhe tivesse correspondido no sorteio. Tinha que os ir buscar, escolh\u00ea-los pelo tamanho das pegadas, estudar as queren\u00e7as, as raridades, os hor\u00e1rios e com todos estes dados, sem pressas, escolher o s\u00edtio onde os esperar sozinho, at\u00e9 chegar o momento desejado do encontro. Os relatos s\u00e3o cenas de ca\u00e7a com descri\u00e7\u00f5es exatas do terreno em que se praticam, mas ainda h\u00e1 mais: personagens e of\u00edcios pr\u00f3prios dos campos estremenhos; furtivos aos quais acompanhou em crian\u00e7a, carvoeiros com os que partilhar um caf\u00e9 junto ao forno de carv\u00e3o, onde este coze lentamente, nas noites de ver\u00e3o, tiradores de corti\u00e7a, caseiros, ganadeiros e guardas, velhos habitantes da Estremadura de sempre que, embora acreditem em Deus, ainda rezam \u00e0 Lua, porque intuem a influ\u00eancia dos seus ciclos nas suas pr\u00f3prias vidas.<\/p>\n<p class=\"paragraph_style_3\">Um feliz descobrimento liter\u00e1rio, um magn\u00edfico tratado cheio de paix\u00e3o, sinceridade, per\u00edcia cineg\u00e9tica, amor a uma paisagem\u2026<span class=\"style_2\">\u00a0(Xavier Tr\u00edas de Bes, TROFEO CAZA)<br \/>\n<\/span><\/p>\n<p class=\"paragraph_style_4\">Ocupar\u00e1 um lugar entre os cl\u00e1ssicos da literatura cineg\u00e9tica<span class=\"style_2\">\u00a0(Juan Jos\u00e9 Viola, DIARIO HOY).<\/span><\/p>\n<p>&nbsp;<\/p>\n<p>Opiniones aparecidas en medios de comunicaci\u00f3n:<\/p>\n<p><img fetchpriority=\"high\" decoding=\"async\" class=\"alignnone size-full wp-image-599\" src=\"https:\/\/editorialcanchales.es\/wp-content\/uploads\/2020\/05\/jabaliestrofeo.jpg\" alt=\"\" width=\"495\" height=\"514\" srcset=\"https:\/\/editorialcanchales.es\/wp-content\/uploads\/2020\/05\/jabaliestrofeo.jpg 495w, https:\/\/editorialcanchales.es\/wp-content\/uploads\/2020\/05\/jabaliestrofeo-289x300.jpg 289w, https:\/\/editorialcanchales.es\/wp-content\/uploads\/2020\/05\/jabaliestrofeo-300x312.jpg 300w\" sizes=\"(max-width: 495px) 100vw, 495px\" \/><\/p>\n<p>REVISTA TROFEO<br \/>\nJABAL\u00cdES A LA ESPERAJavier Tr\u00edas de Bes<br \/>\nAl \u00c1ndalus ediciones ampl\u00eda su Biblioteca Cineg\u00e9tica. Corrigieron la prisa y la inexperiencia de la selecci\u00f3n y presentaci\u00f3n de los primeros t\u00edtulos y no me importa admitir que Al Andalus est\u00e1 haciendo una excelente colecci\u00f3n en la que t\u00edtulos como \u00abrecuerdos de Monter\u00eda\u00bb, \u00abLos Lobos de la Canchera\u00bb, \u00abEstampas de caza mayor\u00bb, \u00abEl Montero de Alpotreque\u00bb, o lo que ahora nos ocupa, brillan con luz propia. El joven abogado y cazador Jos\u00e9 Murillo S\u00e1nchez (C\u00e1ceres, 1964), autor de Javal\u00edes a la espera, constituye, para quien esto escribe, un feliz descubrimiento literario. No siempre ha sido posible decir lo mismo de uno u otro autor natural de esta fascinante Extremadura, fuente inagotable de escritores de caza. Jos\u00e9 Murillo no quiere pecar de pretencioso -son sus palabras- al pensar que escribi\u00f3 un manual de c\u00f3mo cazar jabal\u00edes en espera \u00abporque es un tipo de caza que nunca se domina\u00bb y \u00abporque entiendo que habr\u00e1 tantos esperando como cazadores\u00bb dir\u00e1 ir\u00f3nicamente. Puede que tenga raz\u00f3n, pero anuncio al lector que a Jos\u00e9 Murillo \u00abse le ha dado\u00bb un tratado sobre la pr\u00e1ctica de esta incierta cacer\u00eda y en l\u00ednea con muchos de los lanzamientos e historias. Tiene catorce a\u00f1os cuando empieza a practicar la espera de los jabal\u00edes de la mano de Francisco Madera Amado, el \u00abQuico\u00bb, guardia veterano de Aliseda. A \u00abQuico\u00bb -con quien estoy seguro que usted y yo simpatizar\u00edamos mil maravillas- lo veo como el \u00abayudante de caza\u00bb de Pepe Murillo y tiene la generosidad de no dejar nunca de lado lo mucho que se ha beneficiado de su experiencia y consejos, de los que, m\u00e1s tarde, tambi\u00e9n se aprovecha el lector porque Murillo no permite que este sabio y discreto personaje se adhiera al texto. Pero la primera influencia de la caza la recibe del autor de su padre, dejando que su hijo lo acompa\u00f1e \u00abcomo mochilero a los montes, a los pasajes de palomas y a los golpes de liebres y perdices, como coleccionista?<\/p>\n<p>Pepe Murillo no podr\u00eda haber comenzado mejor su viaje literario. Es un libro que derrama pasi\u00f3n, sinceridad, habilidades de caza, amor al paisaje (\u00abdesconfianza del cazador sin paisaje\u00bb, me sugiri\u00f3 Paco Le\u00f3n una vez). Y el paisaje es la memoria y hay una b\u00fasqueda de esa memoria, la personal y la transmitida, en este honesto libro, escrito con la frescura de la primera vez y con un raro y simple sentido del ritmo. Un libro que desprende un c\u00f3mplice y cautivador aroma familiar: los padres y la mujer por su constante apoyo; los primos Enrique y Joaquim, el t\u00edo Jos\u00e9 Fernando (autor del pr\u00f3logo) y Juan Jos\u00e9 Viola \u00abpor las sugerencias y correcciones\u00bb; el t\u00edo Manuel S\u00e1nchez-Herrero, autor de los grabados&#8230; Y unas espont\u00e1neas, sencillas e \u00edntimas fotograf\u00edas de amigos, de jabal\u00edes, de perros y de ollas en el campo. Pero hay una, de luz morbosa, que no tiene nada que ver con las otras: en ella nos sorprende una dama de serena y encantadora belleza, que s\u00f3lo apoya su antebrazo izquierdo en la cabeza del cerdo sacrificado. Reza al pie: mi madre. A sus pies.<\/p>\n<p>&nbsp;<\/p>\n<p><img decoding=\"async\" class=\"alignnone size-full wp-image-598\" src=\"https:\/\/editorialcanchales.es\/wp-content\/uploads\/2020\/05\/jabalieshoy.jpg\" alt=\"\" width=\"505\" height=\"699\" srcset=\"https:\/\/editorialcanchales.es\/wp-content\/uploads\/2020\/05\/jabalieshoy.jpg 505w, https:\/\/editorialcanchales.es\/wp-content\/uploads\/2020\/05\/jabalieshoy-217x300.jpg 217w, https:\/\/editorialcanchales.es\/wp-content\/uploads\/2020\/05\/jabalieshoy-300x415.jpg 300w\" sizes=\"(max-width: 505px) 100vw, 505px\" \/><\/p>\n<p>DIARIO HOY<br \/>\nNoticias de la semana. Jabal\u00edes a la espera. Jos\u00e9 Murillo S\u00e1nchez.<br \/>\nLa aventura de la caza<br \/>\nJuan J. Viola<br \/>\nLos libros de caza son casi siempre la historia de una aventura, porque la caza en s\u00ed misma es eso, una aventura. Peque\u00f1o o grande, como sucede. Si el hecho era cazar alondras con espejuelo en un barbecho en primavera, el tema puede ser po\u00e9tico, pero con muy pocas emociones. Cuando has estado esperando a los jabal\u00edes en la incierta luz de la noche, completamente solo, al pie de la monta\u00f1a, eso es otra cosa. El libro recientemente publicado por Al \u00c1ndalus Ediciones, \u00abJabal\u00edes a la espera\u00bb del cacerenho Jos\u00e9 Murillo S\u00e1nchez, es el relato de una particular aventura en esta apasionante forma de caza, contada con todos los detalles, con seriedad y sencillez, que es como contar las cosas importantes.<br \/>\nLa mayor\u00eda de la gente piensa que para escribir una aventura de caza es necesario remontar el Nilo para cazar leones, ir a las cumbres del Himalaya para cazar ovejas de Marco Polo, elefantes en Botswana o vivir una aventura un poco menos como Ulises al regresar de Troya a \u00cdtaca. Pero no es as\u00ed. La aventura se encuentra a menudo en la vida cotidiana y est\u00e1 cerca de nosotros. Para entrar en los misterios de posibles aventuras hay que salir, como Don Quijote, a caballo, a buscarlas; ponerse el manto al hombro e ir al campo muchas noches a contar las estrellas mientras se esperan los jabal\u00edes, como hace este cazador. Simplemente tienes que darle a la vida la oportunidad de sorprenderte con la magia que tiene. Si esto se hace, antes o despu\u00e9s podemos o\u00edr el canto de las sirenas y contemplar el paso de la diosa Diana, o ver un jabal\u00ed con enormes dientes entrar \u00aben el viento\u00bb. \u00a1Como sea! Por si acaso&#8230;<br \/>\nPara escribir una aventura de caza no tienes que subir al Nilo a cazar leones.<\/p>\n<p>&nbsp;<\/p>\n<p>Al \u00c1ndalus Ediciones,<br \/>\nSevilla, abril de 1999. 340 p\u00e1ginas<\/p>\n<p>Jos\u00e9 Murillo, Pepe Murillo, como todos le conocemos, fue iniciado desde ni\u00f1o en el noble oficio de la caza por un gran aficionado, Vicente Murillo, su padre, e hizo las primeras incursiones en el campo de la mano de un magn\u00edfico cazador, Francisco Madera, o Quico, de Aliseda, un aut\u00e9ntico hombre de la sierra que, entre otras cosas, ten\u00eda un gimnasta que hac\u00eda de gato en su casa. Quico, con mano maestra, puso lentamente en su cuerpo el disfrute de la monta\u00f1a, algo que cuando entra es para siempre; le mostr\u00f3 el verdadero hilo de la tradici\u00f3n cineg\u00e9tica, arcano que los grandes cazadores de Aliseda atesoran como nadie desde Dios sabe cu\u00e1ndo. Con este misterioso hilo que une a los buenos aficionados a la tradici\u00f3n de la caza es con lo que este joven cazador, de corta y larga palabra, tal vez sin darse cuenta, teji\u00f3 la aventura que cuenta en \u00abJaval\u00edes a la espera\u00bb. En este libro el autor relata sus encuentros con los feroces jabal\u00edes en las misteriosas noches de la Sierra de S. Pedro y los barrancos de Salor. La caza comparti\u00f3 con los amigos, grandes aficionados de esta tierra: Julio \u00abMatacochinos\u00bb, Francisco \u00abEl Gordo\u00bb, Francisco \u00abEl Flaco\u00bb, \u00abCurro\u00bb, Santi \u00abBarquilla\u00bb, Carpio, el compadre \u00abMareque\u00bb y su clan y un gran etc., de buena gente cazadora.<br \/>\nEs el libro de un cazador, de un hombre que conoce y ama el campo y sus gentes hasta el extremo de custodiar, como si se tratara de un tesoro, la piedra en la que sol\u00eda sentarse a la puerta de la casa de la vieja guardia.<br \/>\n\u00abJaval\u00edes a la espera\u00bb, de Pepe Murillo, as\u00ed como \u00abDignidad de la Caza\u00bb, de Juan Mateos; \u00abNarraciones de un Montero\u00bb, de Covars\u00ed; \u00abLa Sierra Destronada\u00bb, de Manuel Terr\u00f3n, o los libros de Varahona de Soto y Fradique Z\u00fa\u00f1iga, hab\u00edan ocupado un lugar entre los cl\u00e1sicos de la literatura cinematogr\u00e1fica extreme\u00f1a.<\/p>","protected":false},"excerpt":{"rendered":"<p>JOS\u00c9 MURILLO S\u00c1NCHEZ<\/p>\n<ul>\n<li class=\"paragraph_style_5\"><span class=\"style_3\">L\u00edngua<\/span><span class=\"style_4\">: <\/span><span class=\"style_5\">ESPANHOL<br \/>\n<\/span><\/li>\n<li class=\"paragraph_style_6\"><span class=\"style_3\">Encaderna\u00e7\u00e3o<\/span><span class=\"style_4\">: <\/span><span class=\"style_5\">R\u00fastica, cubierta brillo <\/span><span class=\"style_5\">y solapas<br \/>\n<\/span><\/li>\n<li class=\"paragraph_style_6\"><span class=\"style_3\">P\u00e1ginas<\/span><span class=\"style_4\">: <\/span><span class=\"style_5\">298<br \/>\n<\/span><\/li>\n<li class=\"paragraph_style_6\"><span class=\"style_3\">Impress\u00e3o<\/span><span class=\"style_4\">: <\/span><span class=\"style_5\">B\/N<br \/>\n<\/span><\/li>\n<li class=\"paragraph_style_6\"><span class=\"style_3\">Conte\u00fado<\/span><span class=\"style_4\">: <\/span><span class=\"style_5\">Textos e fotografias<br \/>\n<\/span><\/li>\n<li class=\"paragraph_style_6\"><span class=\"style_3\">Medidas<\/span><span class=\"style_4\">: <\/span><span class=\"style_5\">170&#215;240 mm.<\/span><\/li>\n<\/ul>","protected":false},"featured_media":612,"comment_status":"open","ping_status":"closed","template":"","meta":[],"product_brand":[],"product_cat":[26,31],"product_tag":[],"class_list":{"0":"post-232","1":"product","2":"type-product","3":"status-publish","4":"has-post-thumbnail","6":"product_cat-esperas","7":"product_cat-jose-murillo","9":"first","10":"instock","11":"taxable","12":"shipping-taxable","13":"purchasable","14":"product-type-simple"},"aioseo_notices":[],"_links":{"self":[{"href":"https:\/\/editorialcanchales.es\/pt\/wp-json\/wp\/v2\/product\/232","targetHints":{"allow":["GET"]}}],"collection":[{"href":"https:\/\/editorialcanchales.es\/pt\/wp-json\/wp\/v2\/product"}],"about":[{"href":"https:\/\/editorialcanchales.es\/pt\/wp-json\/wp\/v2\/types\/product"}],"replies":[{"embeddable":true,"href":"https:\/\/editorialcanchales.es\/pt\/wp-json\/wp\/v2\/comments?post=232"}],"version-history":[{"count":3,"href":"https:\/\/editorialcanchales.es\/pt\/wp-json\/wp\/v2\/product\/232\/revisions"}],"predecessor-version":[{"id":600,"href":"https:\/\/editorialcanchales.es\/pt\/wp-json\/wp\/v2\/product\/232\/revisions\/600"}],"wp:featuredmedia":[{"embeddable":true,"href":"https:\/\/editorialcanchales.es\/pt\/wp-json\/wp\/v2\/media\/612"}],"wp:attachment":[{"href":"https:\/\/editorialcanchales.es\/pt\/wp-json\/wp\/v2\/media?parent=232"}],"wp:term":[{"taxonomy":"product_brand","embeddable":true,"href":"https:\/\/editorialcanchales.es\/pt\/wp-json\/wp\/v2\/product_brand?post=232"},{"taxonomy":"product_cat","embeddable":true,"href":"https:\/\/editorialcanchales.es\/pt\/wp-json\/wp\/v2\/product_cat?post=232"},{"taxonomy":"product_tag","embeddable":true,"href":"https:\/\/editorialcanchales.es\/pt\/wp-json\/wp\/v2\/product_tag?post=232"}],"curies":[{"name":"wp","href":"https:\/\/api.w.org\/{rel}","templated":true}]}}