{"id":230,"date":"2020-05-25T18:54:46","date_gmt":"2020-05-25T18:54:46","guid":{"rendered":"http:\/\/canchales.local\/?post_type=product&#038;p=230"},"modified":"2025-04-24T20:52:12","modified_gmt":"2025-04-25T07:22:12","slug":"narraciones-de-un-montero-y-practica-de-caza-mayor","status":"publish","type":"product","link":"https:\/\/editorialcanchales.es\/pt\/produto\/narraciones-de-un-montero-y-practica-de-caza-mayor\/","title":{"rendered":"NARRACIONES DE UN MONTERO Y PR\u00c1CTICA DE CAZA MAYOR"},"content":{"rendered":"<p class=\"paragraph_style_3\">Se procura neste livro galas de bonita literatura, frases elegantes e po\u00e9ticas, n\u00e3o se incomode a l\u00ea-lo. Nele n\u00e3o sussurra o regato, nem os p\u00e1ssaros cantam, nem sequer se mexem as folhas das \u00e1rvores a pesar dos muitos furac\u00f5es que se descrevem; verdadeiramente, s\u00f3 cheira tudo a sangue e a p\u00f3lvora\u2026<span class=\"style_2\"><br \/>\n<\/span><\/p>\n<p class=\"paragraph_style_3\">Se lhe agrada a rudeza do homem de campo, do ca\u00e7ador de puro sangue, daquele que tudo abandona pela liberdade, pela independ\u00eancia e o gozo que lhe produz a montanha, do qual toda a sua vida, enquanto pode, a consagrou \u00e0 ca\u00e7a, ent\u00e3o leia.<span class=\"style_2\"><br \/>\n<\/span><\/p>\n<p class=\"paragraph_style_5\">Que dizer da obra de Ant\u00f3nio Covars\u00ed. Se fizesse falta algum tipo de apresenta\u00e7\u00e3o, com o que se disse antes, est\u00e1 tudo dito. Nestes termos dirigi-se Covars\u00ed\u00a0<span class=\"style_3\">Ao Leitor<\/span>no in\u00edcio do seu primeiro livro,\u00a0<span class=\"style_3\">Narraciones de un montero<\/span>, que agora tem nas suas m\u00e3os. Com ele inicia-se uma nova edi\u00e7\u00e3o da sua obra, que abrange cinco t\u00edtulos diferentes, na qual se inclui novo material \u2013 documental e fotogr\u00e1fico- cedido pelos herdeiros, assim como por v\u00e1rios particulares.<\/p>","protected":false},"excerpt":{"rendered":"<p>ANTONIO COVARS\u00cd<\/p>\n<ul>\n<li class=\"paragraph_style_6\"><span class=\"style_4\">L\u00edngua<\/span><span class=\"style_5\">: <\/span><span class=\"style_6\">ESPANHOL<br \/>\n<\/span><\/li>\n<li class=\"paragraph_style_7\"><span class=\"style_4\">Encaderna\u00e7\u00e3o<\/span><span class=\"style_5\">: <\/span><span class=\"style_6\">R\u00fastica <\/span><span class=\"style_6\">Laminado brillo<br \/>\n<\/span><\/li>\n<li class=\"paragraph_style_8\"><span class=\"style_4\">P\u00e1ginas<\/span><span class=\"style_5\">: <\/span><span class=\"style_6\">320<br \/>\n<\/span><\/li>\n<li class=\"paragraph_style_7\"><span class=\"style_4\">Impress\u00e3o<\/span><span class=\"style_5\">: <\/span><span class=\"style_6\">Color y B\/N<br \/>\n<\/span><\/li>\n<li class=\"paragraph_style_7\"><span class=\"style_4\">Conte\u00fado<\/span><span class=\"style_5\">: <\/span><span class=\"style_6\">Textos, fotograf\u00edas <\/span><span class=\"style_6\">e ilustra\u00e7\u00f5es<br \/>\n<\/span><\/li>\n<li class=\"paragraph_style_7\"><span class=\"style_4\">Medidas<\/span><span class=\"style_5\">: <\/span><span class=\"style_6\">170&#215;240 mm.<\/span><\/li>\n<\/ul>","protected":false},"featured_media":106,"comment_status":"open","ping_status":"closed","template":"","meta":[],"product_brand":[],"product_cat":[21,15],"product_tag":[],"class_list":{"0":"post-230","1":"product","2":"type-product","3":"status-publish","4":"has-post-thumbnail","6":"product_cat-antonio-covarsi","7":"product_cat-caza-mayor","9":"first","10":"instock","11":"taxable","12":"shipping-taxable","13":"purchasable","14":"product-type-simple"},"aioseo_notices":[],"_links":{"self":[{"href":"https:\/\/editorialcanchales.es\/pt\/wp-json\/wp\/v2\/product\/230","targetHints":{"allow":["GET"]}}],"collection":[{"href":"https:\/\/editorialcanchales.es\/pt\/wp-json\/wp\/v2\/product"}],"about":[{"href":"https:\/\/editorialcanchales.es\/pt\/wp-json\/wp\/v2\/types\/product"}],"replies":[{"embeddable":true,"href":"https:\/\/editorialcanchales.es\/pt\/wp-json\/wp\/v2\/comments?post=230"}],"version-history":[{"count":2,"href":"https:\/\/editorialcanchales.es\/pt\/wp-json\/wp\/v2\/product\/230\/revisions"}],"predecessor-version":[{"id":400,"href":"https:\/\/editorialcanchales.es\/pt\/wp-json\/wp\/v2\/product\/230\/revisions\/400"}],"wp:featuredmedia":[{"embeddable":true,"href":"https:\/\/editorialcanchales.es\/pt\/wp-json\/wp\/v2\/media\/106"}],"wp:attachment":[{"href":"https:\/\/editorialcanchales.es\/pt\/wp-json\/wp\/v2\/media?parent=230"}],"wp:term":[{"taxonomy":"product_brand","embeddable":true,"href":"https:\/\/editorialcanchales.es\/pt\/wp-json\/wp\/v2\/product_brand?post=230"},{"taxonomy":"product_cat","embeddable":true,"href":"https:\/\/editorialcanchales.es\/pt\/wp-json\/wp\/v2\/product_cat?post=230"},{"taxonomy":"product_tag","embeddable":true,"href":"https:\/\/editorialcanchales.es\/pt\/wp-json\/wp\/v2\/product_tag?post=230"}],"curies":[{"name":"wp","href":"https:\/\/api.w.org\/{rel}","templated":true}]}}