{"id":228,"date":"2020-05-25T18:50:09","date_gmt":"2020-05-25T18:50:09","guid":{"rendered":"http:\/\/canchales.local\/?post_type=product&#038;p=228"},"modified":"2021-03-26T06:04:33","modified_gmt":"2021-03-26T06:04:33","slug":"grandes-cacerias-espanolas-tomo-i","status":"publish","type":"product","link":"https:\/\/editorialcanchales.es\/pt\/produto\/grandes-cacerias-espanolas-tomo-i\/","title":{"rendered":"GRANDES CACER\u00cdAS ESPA\u00d1OLAS\n\nVOLUME I"},"content":{"rendered":"<p class=\"paragraph_style_3\"><span class=\"style_2\">Em 1911, ap\u00f3s publicar Covars\u00ed o segundo livro, Javier Arbizu escreve em\u00a0<\/span><span class=\"style_3\">\u201cGran Vida\u201d,<\/span><span class=\"style_2\">revista ilustrada de sports\u00a0<\/span><span class=\"style_3\">Quando se publica uma obra nova \u201cde re venatoria\u201d e se adianta a leitura sem sentir vontade de soltar o livro, e \u00e0 medida que se avan\u00e7a cresce o interesse e nasce o gozo puro que engendra, que aviva recorda\u00e7\u00f5es, que reproduz o natural, que se domina e apodera do leitor, h\u00e1 que juntar as m\u00e3os num aplauso e ficar alegre por terem gemido as imprensas para dizer algo que n\u00e3o seja uma descorada s\u00e9rie de imbecis vulgaridades.<\/span><span class=\"style_4\"><br \/>\n<\/span><\/p>\n<p class=\"paragraph_style_5\"><span class=\"style_5\">Diz tamb\u00e9m Arbizu:\u00a0<\/span>Eu n\u00e3o sei se o efeito que produzem em mim os livros de Covars\u00ed ser\u00e1 puramente pessoal, meu; mas acredito piamente que todos os ca\u00e7adores que lerem o que escreveu o grande monteiro de Badajoz, t\u00eam que encontrar nos<span class=\"style_4\">\u00a0<\/span>seus livros motivo de profundo gozo e saud\u00e1vel espairecimento.<span class=\"style_4\"><br \/>\n<\/span><\/p>\n<p class=\"paragraph_style_6\">Precisamente passaram cem anos desde ent\u00e3o, e com as novas t\u00e9cnicas de impress\u00e3o j\u00e1\u00a0<span class=\"style_6\">\u201cn\u00e3o gemem as impressas\u201d<\/span>, mas esta poderia ser perfeitamente uma cr\u00edtica atual \u00e0s obras\u00a0<span class=\"style_6\">\u201cde re venatoria\u201d\u00a0<\/span>em geral e \u00e0 de Covars\u00ed em particular. Este primeiro volume de \u201cGrandes Cacer\u00edas Espa\u00f1olas\u201d, com certeza vai provocar no leitor\u2013 como ent\u00e3o\u2013 o ardente desejo e impaci\u00eancia pelo pr\u00f3ximo aparecimento da segunda parte.<\/p>","protected":false},"excerpt":{"rendered":"<p>ANTONIO COVARS\u00cd<\/p>\n<div id=\"id5\" class=\"style_SkipStroke_6 shape-with-text\">\n<div class=\"text-content graphic_textbox_layout_style_default_External_133_203\">\n<div class=\"graphic_textbox_layout_style_default\">\n<ul>\n<li class=\"paragraph_style_7\"><span class=\"style_8\">Lengua: <\/span><span class=\"style_9\">ESPANHOL<br \/>\n<\/span><\/li>\n<li class=\"paragraph_style_8\"><span class=\"style_7\">Encaderna\u00e7\u00e3o<\/span><span class=\"style_8\">: <\/span><span class=\"style_9\">R\u00fastica <\/span><span class=\"style_9\">Laminado brillo<br \/>\n<\/span><\/li>\n<li class=\"paragraph_style_9\"><span class=\"style_7\">P\u00e1ginas<\/span><span class=\"style_8\">: <\/span><span class=\"style_9\">380<br \/>\n<\/span><\/li>\n<li class=\"paragraph_style_8\"><span class=\"style_7\">Impress\u00e3o<\/span><span class=\"style_8\">: <\/span><span class=\"style_9\">Color y B\/N<br \/>\n<\/span><\/li>\n<li class=\"paragraph_style_8\"><span class=\"style_7\">Conte\u00fado<\/span><span class=\"style_8\">: <\/span><span class=\"style_9\">Textos, fotograf\u00edas <\/span><span class=\"style_9\">e ilustra\u00e7\u00f5es<br \/>\n<\/span><\/li>\n<li class=\"paragraph_style_8\"><span class=\"style_7\">Medidas<\/span><span class=\"style_8\">: <\/span><span class=\"style_9\">170&#215;240 mm.<br \/>\n<\/span><\/li>\n<\/ul>\n<\/div>\n<\/div>\n<\/div>\n<div class=\"tinyText\"><\/div>\n<div class=\"tinyText\"><\/div>\n<div class=\"tinyText style_SkipStroke_7 shadow_1 reflection_0\"><\/div>","protected":false},"featured_media":101,"comment_status":"open","ping_status":"closed","template":"","meta":[],"product_brand":[],"product_cat":[21,15],"product_tag":[],"class_list":{"0":"post-228","1":"product","2":"type-product","3":"status-publish","4":"has-post-thumbnail","6":"product_cat-antonio-covarsi","7":"product_cat-caza-mayor","9":"first","10":"instock","11":"taxable","12":"shipping-taxable","13":"purchasable","14":"product-type-simple"},"aioseo_notices":[],"_links":{"self":[{"href":"https:\/\/editorialcanchales.es\/pt\/wp-json\/wp\/v2\/product\/228","targetHints":{"allow":["GET"]}}],"collection":[{"href":"https:\/\/editorialcanchales.es\/pt\/wp-json\/wp\/v2\/product"}],"about":[{"href":"https:\/\/editorialcanchales.es\/pt\/wp-json\/wp\/v2\/types\/product"}],"replies":[{"embeddable":true,"href":"https:\/\/editorialcanchales.es\/pt\/wp-json\/wp\/v2\/comments?post=228"}],"version-history":[{"count":2,"href":"https:\/\/editorialcanchales.es\/pt\/wp-json\/wp\/v2\/product\/228\/revisions"}],"predecessor-version":[{"id":401,"href":"https:\/\/editorialcanchales.es\/pt\/wp-json\/wp\/v2\/product\/228\/revisions\/401"}],"wp:featuredmedia":[{"embeddable":true,"href":"https:\/\/editorialcanchales.es\/pt\/wp-json\/wp\/v2\/media\/101"}],"wp:attachment":[{"href":"https:\/\/editorialcanchales.es\/pt\/wp-json\/wp\/v2\/media?parent=228"}],"wp:term":[{"taxonomy":"product_brand","embeddable":true,"href":"https:\/\/editorialcanchales.es\/pt\/wp-json\/wp\/v2\/product_brand?post=228"},{"taxonomy":"product_cat","embeddable":true,"href":"https:\/\/editorialcanchales.es\/pt\/wp-json\/wp\/v2\/product_cat?post=228"},{"taxonomy":"product_tag","embeddable":true,"href":"https:\/\/editorialcanchales.es\/pt\/wp-json\/wp\/v2\/product_tag?post=228"}],"curies":[{"name":"wp","href":"https:\/\/api.w.org\/{rel}","templated":true}]}}