{"id":226,"date":"2020-05-25T18:45:49","date_gmt":"2020-05-25T18:45:49","guid":{"rendered":"http:\/\/canchales.local\/?post_type=product&#038;p=226"},"modified":"2020-06-04T06:36:22","modified_gmt":"2020-06-04T06:36:22","slug":"grandes-cacerias-espanolas-tomo-ii","status":"publish","type":"product","link":"https:\/\/editorialcanchales.es\/pt\/produto\/grandes-cacerias-espanolas-tomo-ii\/","title":{"rendered":"GRANDES CACER\u00cdAS ESPA\u00d1OLAS\n\nVOLUME II"},"content":{"rendered":"<p class=\"paragraph_style_3\">Estamos persuadidos de que esta obra de Covars\u00ed passar\u00e1 ao classicismo espanhol para enriquecer e valorizar a biblioteca nacional venat\u00f3ria e que os que nos sucedam e sigam os preceitos da arte cineg\u00e9tica, admirar\u00e3o sempre em tempos vindoiros, o que nos nossos, com tanta mod\u00e9stia e maestria escreveu o seu autor. (Sebasti\u00e1n Viteri. Revista El Cazador. 1921. Barcelona).<\/p>\n<p class=\"paragraph_style_3\">Acertada premoni\u00e7\u00e3o a de Viteri na sua cr\u00edtica a Grandes Cacer\u00edas Espa\u00f1olas, cujo segundo volume aparece agora. Poucos coment\u00e1rios se podem acrescentar sobre os livros do reconhecido \u201cMontero de Alpotreque\u201d que, al\u00e9m disso, nos parecem desnecess\u00e1rios para quem j\u00e1 tenha desfrutado, lendo, qualquer um dos seus livros. Sirva outra cr\u00edtica contempor\u00e2nea \u00e0 obra para completar esta sinopse:<\/p>\n<p class=\"paragraph_style_4\">Eu n\u00e3o sei que misteriosa corrente de harmonia, que for\u00e7a singular h\u00e1 entre a forma e o fundo das obras venat\u00f3rias do original\u00edssimo \u201cbaturro\u201d recriado na Extremadura, que subjugam, dominam e enamoram o ca\u00e7ador de puro sangue que as l\u00ea, e que chega a sentir a alucina\u00e7\u00e3o de ser ator em tudo aquilo e acaba por acreditar que aqueles c\u00e3es o conhecem e que s\u00e3o seus amigos aqueles monteiros a quem v\u00ea e fala... (Arbizu. A\u00f1o 1920).<\/p>","protected":false},"excerpt":{"rendered":"<p>ANTONIO COVARS\u00cd<\/p>\n<ul>\n<li><span class=\"style_2\">L\u00edngua<\/span><span class=\"style_3\">: <\/span><span class=\"style_4\">ESPANHOL<\/span><\/li>\n<li class=\"paragraph_style_6\"><span class=\"style_2\">Encaderna\u00e7\u00e3o<\/span><span class=\"style_3\">: <\/span><span class=\"style_4\">R\u00fastica <\/span><span class=\"style_4\">Laminado brillo<br \/>\n<\/span><\/li>\n<li class=\"paragraph_style_7\"><span class=\"style_2\">P\u00e1ginas<\/span><span class=\"style_3\">: <\/span><span class=\"style_4\">380<br \/>\n<\/span><\/li>\n<li class=\"paragraph_style_6\"><span class=\"style_2\">Impress\u00e3o<\/span><span class=\"style_3\">: <\/span><span class=\"style_4\">Color y B\/N<br \/>\n<\/span><\/li>\n<li class=\"paragraph_style_6\"><span class=\"style_2\">Conte\u00fado<\/span><span class=\"style_3\">: <\/span><span class=\"style_4\">Textos, fotograf\u00edas <\/span><span class=\"style_4\">e ilustra\u00e7\u00f5es<br \/>\n<\/span><\/li>\n<li class=\"paragraph_style_6\"><span class=\"style_2\">Medidas<\/span><span class=\"style_3\">: <\/span><span class=\"style_4\">170&#215;240 mm.<br \/>\n<\/span><\/li>\n<\/ul>\n<p>&nbsp;<\/p>","protected":false},"featured_media":134,"comment_status":"open","ping_status":"closed","template":"","meta":[],"product_brand":[],"product_cat":[21,15],"product_tag":[],"class_list":{"0":"post-226","1":"product","2":"type-product","3":"status-publish","4":"has-post-thumbnail","6":"product_cat-antonio-covarsi","7":"product_cat-caza-mayor","9":"first","10":"instock","11":"taxable","12":"shipping-taxable","13":"purchasable","14":"product-type-simple"},"aioseo_notices":[],"_links":{"self":[{"href":"https:\/\/editorialcanchales.es\/pt\/wp-json\/wp\/v2\/product\/226","targetHints":{"allow":["GET"]}}],"collection":[{"href":"https:\/\/editorialcanchales.es\/pt\/wp-json\/wp\/v2\/product"}],"about":[{"href":"https:\/\/editorialcanchales.es\/pt\/wp-json\/wp\/v2\/types\/product"}],"replies":[{"embeddable":true,"href":"https:\/\/editorialcanchales.es\/pt\/wp-json\/wp\/v2\/comments?post=226"}],"version-history":[{"count":2,"href":"https:\/\/editorialcanchales.es\/pt\/wp-json\/wp\/v2\/product\/226\/revisions"}],"predecessor-version":[{"id":402,"href":"https:\/\/editorialcanchales.es\/pt\/wp-json\/wp\/v2\/product\/226\/revisions\/402"}],"wp:featuredmedia":[{"embeddable":true,"href":"https:\/\/editorialcanchales.es\/pt\/wp-json\/wp\/v2\/media\/134"}],"wp:attachment":[{"href":"https:\/\/editorialcanchales.es\/pt\/wp-json\/wp\/v2\/media?parent=226"}],"wp:term":[{"taxonomy":"product_brand","embeddable":true,"href":"https:\/\/editorialcanchales.es\/pt\/wp-json\/wp\/v2\/product_brand?post=226"},{"taxonomy":"product_cat","embeddable":true,"href":"https:\/\/editorialcanchales.es\/pt\/wp-json\/wp\/v2\/product_cat?post=226"},{"taxonomy":"product_tag","embeddable":true,"href":"https:\/\/editorialcanchales.es\/pt\/wp-json\/wp\/v2\/product_tag?post=226"}],"curies":[{"name":"wp","href":"https:\/\/api.w.org\/{rel}","templated":true}]}}