{"id":224,"date":"2020-05-25T18:38:16","date_gmt":"2020-05-25T18:38:16","guid":{"rendered":"http:\/\/canchales.local\/?post_type=product&#038;p=224"},"modified":"2020-07-24T11:49:04","modified_gmt":"2020-07-24T11:49:04","slug":"trozos-venatorios-y-practicas-cinegeticas","status":"publish","type":"product","link":"https:\/\/editorialcanchales.es\/pt\/produto\/trozos-venatorios-y-practicas-cinegeticas\/","title":{"rendered":"TROZOS VENATORIOS Y PR\u00c1CTICAS CINEG\u00c9TICAS"},"content":{"rendered":"<p class=\"paragraph_style_2\"><span class=\"style_2\">Trozos Venatorios y Pr\u00e1cticas Cineg\u00e9ticas\u00a0<\/span>foi realmente a segunda obra de Covars\u00ed ap\u00f3s\u00a0<span class=\"style_2\">Narraciones de un Montero<\/span>, considerando-o o pr\u00f3prio autor como uma segunda parte deste \u00faltimo, tal e como nos escreve na introdu\u00e7\u00e3o\u00a0<span class=\"style_3\">Ao Leitor<\/span>.<\/p>\n<p class=\"paragraph_style_2\">Podemos estar perante o livro mais fresco, mais original e pessoal da obra de Covars\u00ed, como assim se demonstra no seguinte coment\u00e1rio \u00e0 obra da revista da \u00e9poca \u201cGran Vida, revista ilustrada de sports\u201d:<\/p>\n<p class=\"paragraph_style_4\">Trozos Venatorios y Pr\u00e1cticas Cineg\u00e9ticas, que assim intitulou COvars\u00ed o seu novo livro, \u00e9 o que eu poderia supor que viria a ser, por acr\u00e9scimo a uma s\u00e9rie infinita de lembran\u00e7as, frases e at\u00e9 cap\u00edtulos inteiros que, sem ter uma extrema rela\u00e7\u00e3o com a ca\u00e7a nem com as suas pr\u00e1ticas, fazem ainda mais interessante e mais original este livro, que tem algo de longa e muito amena conversa entre o autor e o leitor\u2026<\/p>\n<p class=\"paragraph_style_4\">Ao percorrer as suas p\u00e1ginas o ca\u00e7ador de puro sangue, goza, e o que, al\u00e9m de ca\u00e7ador \u00e9 aficionado aos livros, desfruta, por grat\u00edssimo acr\u00e9scimo, do encanto especial que produzem as constantes surpresas \u00e0s quais d\u00e3o lugar as donairosas lembran\u00e7as e o descontra\u00eddo estilo de Covars\u00ed.<\/p>","protected":false},"excerpt":{"rendered":"<p>ANTONIO COVARS\u00cd<\/p>\n<ul>\n<li class=\"paragraph_style_6\"><span class=\"style_5\">L\u00edngua<\/span><span class=\"style_6\">: <\/span><span class=\"style_7\">ESPANHOL<br \/>\n<\/span><\/li>\n<li class=\"paragraph_style_7\"><span class=\"style_5\">Encaderna\u00e7\u00e3o<\/span><span class=\"style_6\">: <\/span><span class=\"style_7\">R\u00fastica <\/span><span class=\"style_7\">Laminado brillo<br \/>\n<\/span><\/li>\n<li class=\"paragraph_style_8\"><span class=\"style_5\">P\u00e1ginas<\/span><span class=\"style_6\">: <\/span><span class=\"style_7\">400<br \/>\n<\/span><\/li>\n<li class=\"paragraph_style_7\"><span class=\"style_5\">Impress\u00e3o<\/span><span class=\"style_6\">: <\/span><span class=\"style_7\">Color y B\/N<br \/>\n<\/span><\/li>\n<li class=\"paragraph_style_7\"><span class=\"style_5\">Conte\u00fado<\/span><span class=\"style_6\">: <\/span><span class=\"style_7\">Textos, fotograf\u00edas <\/span><span class=\"style_7\">e ilustra\u00e7\u00f5es<br \/>\n<\/span><\/li>\n<li class=\"paragraph_style_7\"><span class=\"style_5\">Medidas<\/span><span class=\"style_6\">: <\/span><span class=\"style_7\">170&#215;240 mm.<\/span><\/li>\n<\/ul>","protected":false},"featured_media":136,"comment_status":"open","ping_status":"closed","template":"","meta":[],"product_brand":[],"product_cat":[21,15],"product_tag":[],"class_list":{"0":"post-224","1":"product","2":"type-product","3":"status-publish","4":"has-post-thumbnail","6":"product_cat-antonio-covarsi","7":"product_cat-caza-mayor","9":"first","10":"instock","11":"taxable","12":"shipping-taxable","13":"purchasable","14":"product-type-simple"},"aioseo_notices":[],"_links":{"self":[{"href":"https:\/\/editorialcanchales.es\/pt\/wp-json\/wp\/v2\/product\/224","targetHints":{"allow":["GET"]}}],"collection":[{"href":"https:\/\/editorialcanchales.es\/pt\/wp-json\/wp\/v2\/product"}],"about":[{"href":"https:\/\/editorialcanchales.es\/pt\/wp-json\/wp\/v2\/types\/product"}],"replies":[{"embeddable":true,"href":"https:\/\/editorialcanchales.es\/pt\/wp-json\/wp\/v2\/comments?post=224"}],"version-history":[{"count":2,"href":"https:\/\/editorialcanchales.es\/pt\/wp-json\/wp\/v2\/product\/224\/revisions"}],"predecessor-version":[{"id":403,"href":"https:\/\/editorialcanchales.es\/pt\/wp-json\/wp\/v2\/product\/224\/revisions\/403"}],"wp:featuredmedia":[{"embeddable":true,"href":"https:\/\/editorialcanchales.es\/pt\/wp-json\/wp\/v2\/media\/136"}],"wp:attachment":[{"href":"https:\/\/editorialcanchales.es\/pt\/wp-json\/wp\/v2\/media?parent=224"}],"wp:term":[{"taxonomy":"product_brand","embeddable":true,"href":"https:\/\/editorialcanchales.es\/pt\/wp-json\/wp\/v2\/product_brand?post=224"},{"taxonomy":"product_cat","embeddable":true,"href":"https:\/\/editorialcanchales.es\/pt\/wp-json\/wp\/v2\/product_cat?post=224"},{"taxonomy":"product_tag","embeddable":true,"href":"https:\/\/editorialcanchales.es\/pt\/wp-json\/wp\/v2\/product_tag?post=224"}],"curies":[{"name":"wp","href":"https:\/\/api.w.org\/{rel}","templated":true}]}}