{"id":217,"date":"2020-05-25T18:21:52","date_gmt":"2020-05-25T18:21:52","guid":{"rendered":"http:\/\/canchales.local\/?post_type=product&#038;p=217"},"modified":"2024-07-01T10:57:38","modified_gmt":"2024-07-01T21:27:38","slug":"entre-jaras-y-brenales","status":"publish","type":"product","link":"https:\/\/editorialcanchales.es\/pt\/produto\/entre-jaras-y-brenales\/","title":{"rendered":"ENTRE JARAS Y BRE\u00d1ALES"},"content":{"rendered":"<p>\u201cEntre Jaras y Bre\u00f1ales\u201d, \u00e9 o \u00faltimo t\u00edtulo que completa esta \u00faltima edi\u00e7\u00e3o das obras de Ant\u00f3nio Covars\u00ed Vicentell, tantas vezes lidas e editadas, tanto em vida do autor, como apos a sua morte, no dia 6 de Dezembro de 1937, no mesmo dia em que fazia 89 anos de idade.<\/p>\n<p>Neste ano 2012, ano do 75 anivers\u00e1rio da sua morte, rende-se homenagem ao montero com diversos atos, entre eles o descobrimento de uma nova placa comemorativa na \u201cPortilla de Alpotreque\u201d, por onde outrora tantas vezes transitara Don Ant\u00f3nio a cavalo, com os seus c\u00e3es e matilheiro, armado com a sua espingarda, a faca e o chicote, a caminho das expedi\u00e7\u00f5es de montaria e \u201crondas\u201d, ou de regresso das mesmas para Badajoz, situada a muitas l\u00e9guas dos terrenos de ca\u00e7a.<\/p>\n<p>A Editora Canchales quer-se unir \u00e0 Juventud Venatoria Extreme\u00f1a (Juvenex) nestes atos de homenagem e recorda\u00e7\u00e3o, ao incluir neste livros diversas fotografias do ato, assism como uma recompila\u00e7\u00e3o de artigos de reconhecidos ca\u00e7adores e comprovadas canetas cineg\u00e9ticas, que rememorando o Montero de Alpotreque, recolhem unanimemente um sentimento de admira\u00e7\u00e3o e respeito para o ca\u00e7ador, e de nostalgia e saudade das ca\u00e7adas e serras daqueles tempos passados.<\/p>","protected":false},"excerpt":{"rendered":"<p>ANTONIO COVARS\u00cd<\/p>\n<ul>\n<li class=\"paragraph_style_3\"><span class=\"style_3\">L\u00edngua<\/span><span class=\"style_4\">: <\/span><span class=\"style_5\">ESPANHOL<br \/>\n<\/span><\/li>\n<li class=\"paragraph_style_4\"><span class=\"style_3\">Encaderna\u00e7\u00e3o<\/span><span class=\"style_4\">: <\/span><span class=\"style_5\">R\u00fastica <\/span><span class=\"style_5\">Laminado brillo<br \/>\n<\/span><\/li>\n<li class=\"paragraph_style_4\"><span class=\"style_3\">P\u00e1ginas<\/span><span class=\"style_4\">: <\/span><span class=\"style_5\">400<br \/>\n<\/span><\/li>\n<li class=\"paragraph_style_4\"><span class=\"style_3\">Impress\u00e3o<\/span><span class=\"style_4\">: <\/span><span class=\"style_5\">Color y B\/N<br \/>\n<\/span><\/li>\n<li class=\"paragraph_style_4\"><span class=\"style_3\">Conte\u00fado<\/span><span class=\"style_4\">: <\/span><span class=\"style_5\">Textos, fotograf\u00edas <\/span><span class=\"style_5\">e ilustra\u00e7\u00f5es<br \/>\n<\/span><\/li>\n<li class=\"paragraph_style_4\"><span class=\"style_3\">Medidas<\/span><span class=\"style_4\">: <\/span><span class=\"style_5\">170&#215;240 mm.<\/span><\/li>\n<\/ul>","protected":false},"featured_media":112,"comment_status":"open","ping_status":"closed","template":"","meta":[],"product_brand":[],"product_cat":[21,15],"product_tag":[],"class_list":{"0":"post-217","1":"product","2":"type-product","3":"status-publish","4":"has-post-thumbnail","6":"product_cat-antonio-covarsi","7":"product_cat-caza-mayor","9":"first","10":"instock","11":"taxable","12":"shipping-taxable","13":"purchasable","14":"product-type-simple"},"aioseo_notices":[],"_links":{"self":[{"href":"https:\/\/editorialcanchales.es\/pt\/wp-json\/wp\/v2\/product\/217","targetHints":{"allow":["GET"]}}],"collection":[{"href":"https:\/\/editorialcanchales.es\/pt\/wp-json\/wp\/v2\/product"}],"about":[{"href":"https:\/\/editorialcanchales.es\/pt\/wp-json\/wp\/v2\/types\/product"}],"replies":[{"embeddable":true,"href":"https:\/\/editorialcanchales.es\/pt\/wp-json\/wp\/v2\/comments?post=217"}],"version-history":[{"count":3,"href":"https:\/\/editorialcanchales.es\/pt\/wp-json\/wp\/v2\/product\/217\/revisions"}],"predecessor-version":[{"id":223,"href":"https:\/\/editorialcanchales.es\/pt\/wp-json\/wp\/v2\/product\/217\/revisions\/223"}],"wp:featuredmedia":[{"embeddable":true,"href":"https:\/\/editorialcanchales.es\/pt\/wp-json\/wp\/v2\/media\/112"}],"wp:attachment":[{"href":"https:\/\/editorialcanchales.es\/pt\/wp-json\/wp\/v2\/media?parent=217"}],"wp:term":[{"taxonomy":"product_brand","embeddable":true,"href":"https:\/\/editorialcanchales.es\/pt\/wp-json\/wp\/v2\/product_brand?post=217"},{"taxonomy":"product_cat","embeddable":true,"href":"https:\/\/editorialcanchales.es\/pt\/wp-json\/wp\/v2\/product_cat?post=217"},{"taxonomy":"product_tag","embeddable":true,"href":"https:\/\/editorialcanchales.es\/pt\/wp-json\/wp\/v2\/product_tag?post=217"}],"curies":[{"name":"wp","href":"https:\/\/api.w.org\/{rel}","templated":true}]}}