{"id":214,"date":"2020-05-25T18:07:24","date_gmt":"2020-05-25T18:07:24","guid":{"rendered":"http:\/\/canchales.local\/?post_type=product&#038;p=214"},"modified":"2024-07-02T01:56:35","modified_gmt":"2024-07-02T12:26:35","slug":"el-majadal-de-perico-cazando-con-amigos","status":"publish","type":"product","link":"https:\/\/editorialcanchales.es\/pt\/produto\/el-majadal-de-perico-cazando-con-amigos\/","title":{"rendered":"EL MAJADAL DE PERICO. CAZANDO CON AMIGOS"},"content":{"rendered":"<p>Ap\u00f3s a revolu\u00e7\u00e3o que sofreu o mundo da ca\u00e7a nos \u00faltimos quarenta anos, em muitas ocasi\u00f5es tem sido extraordinariamente dif\u00edcil partilhar lan\u00e7os e jornadas cineg\u00e9ticas com amigos, assim como ca\u00e7ar de uma maneira natural. O autor, no El Majadal de Perico, recolhe uma cr\u00f3nica minuciosa e pormenorizada das suas viv\u00eancias no campo: Montarias, aproxima\u00e7\u00f5es e esperas, jornadas de ca\u00e7a menor, perdizes e coelhos de salto, ca\u00e7adas de patos ao anoitecer... Tudo isto forma um livro ameno e din\u00e2mico, no qual o leitor se identifica rapidamente com a simplicidade e naturalidade com a que o Fernando descreve e desfruta das pequenas coisas que, juntas, o t\u00eam acompanhado sempre na sua viagem ao longo da ca\u00e7a.<\/p>\n<p>Nos tempos t\u00e3o convulsos que estamos a viver no mundo da cineg\u00e9tica, onde estamos a perder valores imprescind\u00edveis para a poder defender, ter\u00edamos que dar valor a essas pessoas que, como o Fernando, s\u00e3o um exemplo de \u00e9tica e respeito pela natureza e, em consequ\u00eancia, pela ca\u00e7a. Para ele n\u00e3o \u00e9 importante o quanto e o qu\u00ea, mas o como e com quem.<\/p>\n<p>Neste livro conta-nos de maneira simples e amena, um di\u00e1rio ameno de experi\u00eancias cineg\u00e9ticas, com uma sinceridade extraordin\u00e1ria, fiel reflexo da sua personalidade, no qual se v\u00e3o aperceber de que o \u201cFer\u201d esse vizinho ideal de armada que gostar\u00edamos de ter em qualquer montaria, o companheiro perfeito para empreender qualquer viagem de ca\u00e7a e o melhor anfitri\u00e3o para nos sentarmos diante de um fant\u00e1stico prato, com um bom vinho, em qualquer restaurante.<\/p>","protected":false},"excerpt":{"rendered":"<div id=\"id5\" class=\"style_SkipStroke_6 shape-with-text\">\n<div class=\"text-content graphic_textbox_layout_style_default_External_133_190\">\n<div class=\"graphic_textbox_layout_style_default\">\n<p class=\"paragraph_style_4\">FERNANDO L\u00d3PEZ RUIZ<\/p>\n<ul>\n<li class=\"paragraph_style_4\">L\u00edngua<span class=\"style_3\">: <\/span>ESPANHOL<span class=\"style_5\"><br \/>\n<\/span><\/li>\n<li class=\"paragraph_style_4\">Encaderna\u00e7\u00e3o<span class=\"style_3\">: <\/span>R\u00fastica laminada mate<\/li>\n<li class=\"paragraph_style_4\">P\u00e1ginas<span class=\"style_3\">:<\/span>416<span class=\"style_5\"><br \/>\n<\/span><\/li>\n<li class=\"paragraph_style_4\">Impress\u00e3o<span class=\"style_3\">:<\/span>B\/N y Color<span class=\"style_5\"><br \/>\n<\/span><\/li>\n<li class=\"paragraph_style_4\">Conte\u00fado<span class=\"style_3\">: <\/span>Textos e fotos<span class=\"style_5\"><br \/>\n<\/span><\/li>\n<li class=\"paragraph_style_4\">Medidas<span class=\"style_3\">: <\/span>170&#215;240 mm.<\/li>\n<\/ul>\n<\/div>\n<\/div>\n<\/div>","protected":false},"featured_media":108,"comment_status":"open","ping_status":"closed","template":"","meta":[],"product_brand":[],"product_cat":[15,37],"product_tag":[],"class_list":{"0":"post-214","1":"product","2":"type-product","3":"status-publish","4":"has-post-thumbnail","6":"product_cat-caza-mayor","7":"product_cat-fernando-lopez-ruiz","9":"first","10":"instock","11":"taxable","12":"shipping-taxable","13":"purchasable","14":"product-type-simple"},"aioseo_notices":[],"_links":{"self":[{"href":"https:\/\/editorialcanchales.es\/pt\/wp-json\/wp\/v2\/product\/214","targetHints":{"allow":["GET"]}}],"collection":[{"href":"https:\/\/editorialcanchales.es\/pt\/wp-json\/wp\/v2\/product"}],"about":[{"href":"https:\/\/editorialcanchales.es\/pt\/wp-json\/wp\/v2\/types\/product"}],"replies":[{"embeddable":true,"href":"https:\/\/editorialcanchales.es\/pt\/wp-json\/wp\/v2\/comments?post=214"}],"version-history":[{"count":3,"href":"https:\/\/editorialcanchales.es\/pt\/wp-json\/wp\/v2\/product\/214\/revisions"}],"predecessor-version":[{"id":221,"href":"https:\/\/editorialcanchales.es\/pt\/wp-json\/wp\/v2\/product\/214\/revisions\/221"}],"wp:featuredmedia":[{"embeddable":true,"href":"https:\/\/editorialcanchales.es\/pt\/wp-json\/wp\/v2\/media\/108"}],"wp:attachment":[{"href":"https:\/\/editorialcanchales.es\/pt\/wp-json\/wp\/v2\/media?parent=214"}],"wp:term":[{"taxonomy":"product_brand","embeddable":true,"href":"https:\/\/editorialcanchales.es\/pt\/wp-json\/wp\/v2\/product_brand?post=214"},{"taxonomy":"product_cat","embeddable":true,"href":"https:\/\/editorialcanchales.es\/pt\/wp-json\/wp\/v2\/product_cat?post=214"},{"taxonomy":"product_tag","embeddable":true,"href":"https:\/\/editorialcanchales.es\/pt\/wp-json\/wp\/v2\/product_tag?post=214"}],"curies":[{"name":"wp","href":"https:\/\/api.w.org\/{rel}","templated":true}]}}