{"id":202,"date":"2020-05-21T18:19:27","date_gmt":"2020-05-21T18:19:27","guid":{"rendered":"http:\/\/canchales.local\/?post_type=product&#038;p=202"},"modified":"2025-01-06T06:42:37","modified_gmt":"2025-01-06T17:12:37","slug":"los-pollos-de-la-redondilla","status":"publish","type":"product","link":"https:\/\/editorialcanchales.es\/pt\/produto\/los-pollos-de-la-redondilla\/","title":{"rendered":"LOS POLLOS DE LA REDONDILLA"},"content":{"rendered":"<p class=\"paragraph_style_2\">A ca\u00e7a da perdiz com \u201creclamo\u201d, modalidade que desperta paix\u00f5es y que gera fortes recusas. Seja como for, um gozo que s\u00f3 est\u00e1 ao alcance de quem a souber entender e respeitar, cuidando os reclamos, celebrando e compreendendo o seu trabalho no postero, saboreando as expedi\u00e7\u00f5es ao campo na \u00e9poca do cio partilhadas com familiares ou amigos e, sobre tudo, comportando-se desde o postigo com o respeito e mesura que merecem os valentes e belos visitantes da pra\u00e7a.<\/p>\n<p class=\"paragraph_style_2\">\u201cLos pollos de la Redondilla\u201d n\u00e3o \u00e9 um manual, nem \u00e9 um tratado, \u00e9 um livro de ca\u00e7a. E \u00e9 um livro sobre a ca\u00e7a da perdiz com reclamo. Hist\u00f3rias de reclamos \u2013 perdig\u00f5es e consagrados \u2013 de perdizes, de paragens de serras e ribeiros. Hist\u00f3rias de um pai e os seus dois filhos que equilibraram a sua vida acudindo a esta arrebatadora e excitante forma de ca\u00e7ar.<\/p>\n<p class=\"paragraph_style_2\">Miguel Bulnes Cercas, autor j\u00e1 de numerosos t\u00edtulos, alguns deles publicados por esta editora, escreveu o seu primeiro livro \u2013 <span class=\"style_2\">Con las capas largas<\/span>, um cl\u00e1ssico da ca\u00e7a da perdiz com reclamo \u2013 falando-nos deste tipo de hist\u00f3rias. Anos mais tarde volta a deleitar-nos, retomando-as neste seu u\u0301ltimo livro. Desfrutem da leitura.<\/p>","protected":false},"excerpt":{"rendered":"<p>MIGUEL BULNES CERCAS<\/p>\n<ul>\n<li class=\"paragraph_style_4\">L\u00edngua<span class=\"style_3\">: <\/span>ESPANHOL <span class=\"style_5\"><br \/>\n<\/span><\/li>\n<li class=\"paragraph_style_4\">Encaderna\u00e7\u00e3o<span class=\"style_3\">: <\/span>R\u00fastica laminada mate<span class=\"style_5\"><br \/>\n<\/span><\/li>\n<li class=\"paragraph_style_4\">P\u00e1ginas<span class=\"style_3\">: <\/span>174<span class=\"style_5\"><br \/>\n<\/span><\/li>\n<li class=\"paragraph_style_4\">Impress\u00e3o<span class=\"style_3\">: <\/span>B\/N y Color<span class=\"style_5\"><br \/>\n<\/span><\/li>\n<li class=\"paragraph_style_4\">Conte\u00fado<span class=\"style_3\">: <\/span>Textos e fotos<span class=\"style_5\"><br \/>\n<\/span><\/li>\n<li class=\"paragraph_style_4\">Medidas<span class=\"style_3\">: <\/span>170&#215;240 mm.<\/li>\n<\/ul>","protected":false},"featured_media":122,"comment_status":"open","ping_status":"closed","template":"","meta":[],"product_brand":[],"product_cat":[33,27],"product_tag":[],"class_list":{"0":"post-202","1":"product","2":"type-product","3":"status-publish","4":"has-post-thumbnail","6":"product_cat-miguel-bulnes-cercas","7":"product_cat-perdiz-con-reclamo","9":"first","10":"instock","11":"taxable","12":"shipping-taxable","13":"purchasable","14":"product-type-simple"},"aioseo_notices":[],"_links":{"self":[{"href":"https:\/\/editorialcanchales.es\/pt\/wp-json\/wp\/v2\/product\/202","targetHints":{"allow":["GET"]}}],"collection":[{"href":"https:\/\/editorialcanchales.es\/pt\/wp-json\/wp\/v2\/product"}],"about":[{"href":"https:\/\/editorialcanchales.es\/pt\/wp-json\/wp\/v2\/types\/product"}],"replies":[{"embeddable":true,"href":"https:\/\/editorialcanchales.es\/pt\/wp-json\/wp\/v2\/comments?post=202"}],"version-history":[{"count":1,"href":"https:\/\/editorialcanchales.es\/pt\/wp-json\/wp\/v2\/product\/202\/revisions"}],"predecessor-version":[{"id":203,"href":"https:\/\/editorialcanchales.es\/pt\/wp-json\/wp\/v2\/product\/202\/revisions\/203"}],"wp:featuredmedia":[{"embeddable":true,"href":"https:\/\/editorialcanchales.es\/pt\/wp-json\/wp\/v2\/media\/122"}],"wp:attachment":[{"href":"https:\/\/editorialcanchales.es\/pt\/wp-json\/wp\/v2\/media?parent=202"}],"wp:term":[{"taxonomy":"product_brand","embeddable":true,"href":"https:\/\/editorialcanchales.es\/pt\/wp-json\/wp\/v2\/product_brand?post=202"},{"taxonomy":"product_cat","embeddable":true,"href":"https:\/\/editorialcanchales.es\/pt\/wp-json\/wp\/v2\/product_cat?post=202"},{"taxonomy":"product_tag","embeddable":true,"href":"https:\/\/editorialcanchales.es\/pt\/wp-json\/wp\/v2\/product_tag?post=202"}],"curies":[{"name":"wp","href":"https:\/\/api.w.org\/{rel}","templated":true}]}}