{"id":198,"date":"2020-05-21T17:50:08","date_gmt":"2020-05-21T17:50:08","guid":{"rendered":"http:\/\/canchales.local\/?post_type=product&#038;p=198"},"modified":"2020-07-08T18:38:16","modified_gmt":"2020-07-08T18:38:16","slug":"con-olor-a-monte","status":"publish","type":"product","link":"https:\/\/editorialcanchales.es\/pt\/produto\/con-olor-a-monte\/","title":{"rendered":"CON OLOR A MONTE"},"content":{"rendered":"<p class=\"paragraph_style_2\">No \u00e9 f\u00e1cil encontrar um livro de ca\u00e7a que se possa ler de uma vez. \u201cCon olor a monte\u201d, \u00e9 um deles. O autor, com uma prosa original, plena de matizes e singulares express\u00f5es que acentuam a intensidade e emo\u00e7\u00e3o, deleita-nos com uma sucess\u00e3o de relatos cineg\u00e9ticos, nos quais alternam montarias, com esperas e ca\u00e7a de aproxima\u00e7\u00e3o vividas em diferentes paragens da nossa geografia, estremenha e nacional. \n\nA sinceridade da narra\u00e7\u00e3o, combinada com um fino sentido do humor, desperta a confian\u00e7a e empatia do leitor, que vive o lance intensamente e em primeira pessoa, conseguindo que se sinta como pr\u00f3prio.<\/p>\n<p class=\"paragraph_style_2\">A sinceridade da narra\u00e7\u00e3o, combinada com um fino sentido do humor, desperta a confian\u00e7a e empatia do leitor, que vive o lance intensamente e em primeira pessoa, conseguindo que se sinta como pr\u00f3prio.<\/p>","protected":false},"excerpt":{"rendered":"<p>BORJA MU\u00d1OZ JIM\u00c9NEZ<\/p>\n<p>L\u00edngua<span class=\"style_2\">: <\/span>ESPANHOL <span class=\"style_4\"><br \/>\n<\/span>Encaderna\u00e7\u00e3o<span class=\"style_2\">: <\/span>Tapa dura<br \/>\nP\u00e1ginas<span class=\"style_2\">: <\/span>324<br \/>\nImpress\u00e3o<span class=\"style_2\">: <\/span>B\/N y Color<br \/>\nConte\u00fado<span class=\"style_2\">: <\/span>Textos e fotos<br \/>\nMedidas<span class=\"style_2\">: <\/span>170&#215;240 mm.<\/p>","protected":false},"featured_media":105,"comment_status":"open","ping_status":"closed","template":"","meta":[],"product_brand":[],"product_cat":[38,15],"product_tag":[],"class_list":{"0":"post-198","1":"product","2":"type-product","3":"status-publish","4":"has-post-thumbnail","6":"product_cat-borja-munoz-jimenez","7":"product_cat-caza-mayor","9":"first","10":"instock","11":"taxable","12":"shipping-taxable","13":"purchasable","14":"product-type-simple"},"aioseo_notices":[],"_links":{"self":[{"href":"https:\/\/editorialcanchales.es\/pt\/wp-json\/wp\/v2\/product\/198","targetHints":{"allow":["GET"]}}],"collection":[{"href":"https:\/\/editorialcanchales.es\/pt\/wp-json\/wp\/v2\/product"}],"about":[{"href":"https:\/\/editorialcanchales.es\/pt\/wp-json\/wp\/v2\/types\/product"}],"replies":[{"embeddable":true,"href":"https:\/\/editorialcanchales.es\/pt\/wp-json\/wp\/v2\/comments?post=198"}],"version-history":[{"count":5,"href":"https:\/\/editorialcanchales.es\/pt\/wp-json\/wp\/v2\/product\/198\/revisions"}],"predecessor-version":[{"id":595,"href":"https:\/\/editorialcanchales.es\/pt\/wp-json\/wp\/v2\/product\/198\/revisions\/595"}],"wp:featuredmedia":[{"embeddable":true,"href":"https:\/\/editorialcanchales.es\/pt\/wp-json\/wp\/v2\/media\/105"}],"wp:attachment":[{"href":"https:\/\/editorialcanchales.es\/pt\/wp-json\/wp\/v2\/media?parent=198"}],"wp:term":[{"taxonomy":"product_brand","embeddable":true,"href":"https:\/\/editorialcanchales.es\/pt\/wp-json\/wp\/v2\/product_brand?post=198"},{"taxonomy":"product_cat","embeddable":true,"href":"https:\/\/editorialcanchales.es\/pt\/wp-json\/wp\/v2\/product_cat?post=198"},{"taxonomy":"product_tag","embeddable":true,"href":"https:\/\/editorialcanchales.es\/pt\/wp-json\/wp\/v2\/product_tag?post=198"}],"curies":[{"name":"wp","href":"https:\/\/api.w.org\/{rel}","templated":true}]}}