{"id":1252,"date":"2025-10-02T23:07:11","date_gmt":"2025-10-03T09:37:11","guid":{"rendered":"https:\/\/editorialcanchales.es\/?post_type=product&#038;p=1252"},"modified":"2025-10-02T23:15:49","modified_gmt":"2025-10-03T09:45:49","slug":"pasion-por-el-reclamo-estar-vivo-antes-de-morir","status":"publish","type":"product","link":"https:\/\/editorialcanchales.es\/pt\/produto\/pasion-por-el-reclamo-estar-vivo-antes-de-morir\/","title":{"rendered":"PASI\u00d3N POR EL RECLAMO. Estar vivo antes de morir"},"content":{"rendered":"<p class=\"paragraph_style_2\">Una <em>Casilla<\/em> de piedra y adobe en la sierra, un refugio. Un cabrero con un hatajo de cabras y un jaulero con diferentes reclamos &#8211; <em>Cardenal, Mois\u00e9s, Tortolito, Capell\u00e1n<\/em> &#8211; con sus propias personalidades, sus virtudes y sus defectos. Un mes de febrero por delante para irlos descubriendo, y manejando. Y un asombrado muchacho adolescente, al que la vida ha castigado duramente, que se inicia en este mundo de la mano de su maestro.<\/p>\n<p class=\"paragraph_style_2\">Con minuciosos relatos de distintos puestos, poniendo especial \u00e9nfasis en el comportamiento de los reclamos y de las campesinas, <em>Miguel Bulnes<\/em> &#8211; como ya lo hiciera en su primer libro, <em>Con las capas largas<\/em> &#8211; vuelve a revelarnos una <em>Pasi\u00f3n por el reclamo<\/em> que atrapar\u00e1 al lector desde la primera a la \u00faltima p\u00e1gina de este libro.<\/p>\n<p class=\"paragraph_style_2\"><em>Cazar el reclamo es estar vivo antes de morir<\/em>. A m\u00ed me gustar\u00eda morir en el aguardo, porque es donde m\u00e1s vivo me siento.<\/p>\n<p class=\"paragraph_style_2\">Una filosof\u00eda de vida para el autor, para el que el cuidado y la caza de sus reclamos le permite responder a preguntas fundamentales sobre la existencia, el significado de la vida y la forma de vivirla de manera plena.<\/p>","protected":false},"excerpt":{"rendered":"<p>MIGUEL BULNES CERCAS<\/p>\n<ul>\n<li class=\"paragraph_style_3\"><span class=\"style_3\">L\u00edngua<\/span><span class=\"style_4\">: <\/span><span class=\"style_5\">ESPANHOL<br \/>\n<\/span><\/li>\n<li class=\"paragraph_style_4\"><span class=\"style_3\">Encaderna\u00e7\u00e3o<\/span><span class=\"style_4\">: <\/span><span class=\"style_5\">R\u00fastica <\/span><span class=\"style_5\">Laminado brillo<br \/>\n<\/span><\/li>\n<li class=\"paragraph_style_5\"><span class=\"style_3\">P\u00e1ginas<\/span><span class=\"style_4\">: 188<\/span><span class=\"style_5\"><br \/>\n<\/span><\/li>\n<li class=\"paragraph_style_4\"><span class=\"style_3\">Impress\u00e3o<\/span><span class=\"style_4\">: Color y B\/N<\/span><span class=\"style_5\"><br \/>\n<\/span><\/li>\n<li class=\"paragraph_style_4\"><span class=\"style_3\">Conte\u00fado<\/span><span class=\"style_4\">: <\/span><span class=\"style_5\">Textos e ilustra\u00e7\u00f5es<br \/>\n<\/span><\/li>\n<li class=\"paragraph_style_4\"><span class=\"style_3\">Medidas<\/span><span class=\"style_4\">: <\/span><span class=\"style_5\">170&#215;240 mm.<\/span><\/li>\n<\/ul>","protected":false},"featured_media":1253,"comment_status":"open","ping_status":"closed","template":"","meta":[],"product_brand":[],"product_cat":[20,33,28,27],"product_tag":[],"class_list":{"0":"post-1252","1":"product","2":"type-product","3":"status-publish","4":"has-post-thumbnail","6":"product_cat-caza-menor","7":"product_cat-miguel-bulnes-cercas","8":"product_cat-novelas-de-caza","9":"product_cat-perdiz-con-reclamo","11":"first","12":"instock","13":"taxable","14":"shipping-taxable","15":"purchasable","16":"product-type-simple"},"aioseo_notices":[],"_links":{"self":[{"href":"https:\/\/editorialcanchales.es\/pt\/wp-json\/wp\/v2\/product\/1252","targetHints":{"allow":["GET"]}}],"collection":[{"href":"https:\/\/editorialcanchales.es\/pt\/wp-json\/wp\/v2\/product"}],"about":[{"href":"https:\/\/editorialcanchales.es\/pt\/wp-json\/wp\/v2\/types\/product"}],"replies":[{"embeddable":true,"href":"https:\/\/editorialcanchales.es\/pt\/wp-json\/wp\/v2\/comments?post=1252"}],"version-history":[{"count":3,"href":"https:\/\/editorialcanchales.es\/pt\/wp-json\/wp\/v2\/product\/1252\/revisions"}],"predecessor-version":[{"id":1256,"href":"https:\/\/editorialcanchales.es\/pt\/wp-json\/wp\/v2\/product\/1252\/revisions\/1256"}],"wp:featuredmedia":[{"embeddable":true,"href":"https:\/\/editorialcanchales.es\/pt\/wp-json\/wp\/v2\/media\/1253"}],"wp:attachment":[{"href":"https:\/\/editorialcanchales.es\/pt\/wp-json\/wp\/v2\/media?parent=1252"}],"wp:term":[{"taxonomy":"product_brand","embeddable":true,"href":"https:\/\/editorialcanchales.es\/pt\/wp-json\/wp\/v2\/product_brand?post=1252"},{"taxonomy":"product_cat","embeddable":true,"href":"https:\/\/editorialcanchales.es\/pt\/wp-json\/wp\/v2\/product_cat?post=1252"},{"taxonomy":"product_tag","embeddable":true,"href":"https:\/\/editorialcanchales.es\/pt\/wp-json\/wp\/v2\/product_tag?post=1252"}],"curies":[{"name":"wp","href":"https:\/\/api.w.org\/{rel}","templated":true}]}}