{"id":1163,"date":"2025-04-13T21:19:49","date_gmt":"2025-04-14T07:49:49","guid":{"rendered":"https:\/\/editorialcanchales.es\/?post_type=product&#038;p=1163"},"modified":"2025-04-16T00:38:50","modified_gmt":"2025-04-16T11:08:50","slug":"covarsi-el-legado","status":"publish","type":"product","link":"https:\/\/editorialcanchales.es\/pt\/produto\/covarsi-el-legado\/","title":{"rendered":"COVARS\u00cd. EL LEGADO"},"content":{"rendered":"<p>El Montero de Alpotreque ha pasado a la historia de la caza de nuestro pai\u0301s. Fue un proli\u0301fico escritor que nos dejo\u0301 escritos cinco libros en los que se recogen sus caceri\u0301as, especialmente en la Sierra de San Pedro.<\/p>\n<p>En este libro descubriremos el di\u0301a a di\u0301a de don Antonio Covarsi\u0301 en su ciudad, de su participacio\u0301n en la sociedad de aquella e\u0301poca. Nos adentraremos en el interior de su casa y de su mi\u0301tica armeri\u0301a, conociendo exhaustivamente sus armas, su biblioteca y sus colecciones personales.<\/p>\n<p>Volveremos a entrar en el monte con e\u0301l, oliendo nuevamente a jara y po\u0301lvora, en muchas de sus expediciones de caza no contadas en sus libros. Conoceremos ma\u0301s a fondo los perros que formaban su rehala y la de alguno de sus compan\u0303eros, asi\u0301 como las fincas que cazo\u0301 durante toda su vida en Extremadura y fuera de ella, y a sus compan\u0303eros de caza.<\/p>\n<div title=\"Miguel Bulnes Cercas nasceu em Ibahernando (C\u00e1ceres) em 1957. Come\u00e7ou a ser conhecido como narrador com o livro \u201cCon las capas largas\u201d editado em 2002. Desde ent\u00e3o mais oito t\u00edtulos se juntaram a esse primeiro: \u201cUn m\u00e1gico sue\u00f1o a lomos de una perdiz\u201d, 2005, \u201cT\u00edo Manuel y Pies Planos\u201d, 2006, \u201cPat\u00e1n, el perro de un maqui\u201d, 2007, \u201cLas perdices del olivar\u201d, 2007, \u201cLos venados del abanico\u201d, 2011, \u201cEntre dos mundos\u201d, 2012, \u201cPatas de Urraca\u201d, 2018 e \u201cLos pollos de la Redondilla\u201d, 2019. Todos eles t\u00eam-no formado como uma pena h\u00e1bil e divertida, al\u00e9m de versada em todos os segredos do mundo da ca\u00e7a e do campo, das suas gentes e, sobre tudo, das perdizes, a sua grande paix\u00e3o. Agora publica connosco a nova obra: \u201cGarbanzo o la g\u00e9nesis de un reclamo\u201d.\">\n<div>\n<div>\n<div>\n<p>Un trabajo bibliogra\u0301fico e histo\u0301rico de la e\u0301poca, exhaustivo, tan completo que sera\u0301 de intere\u0301s para los amantes de la historia de Badajoz, de la arqueologi\u0301a, el arte, y sobre todo de la caza de aquella e\u0301poca.<\/p>\n<p>Covarsi\u0301 dejo\u0301 un legado literario venatorio que nos hizo sentir co\u0301mo vivi\u0301a una persona que entrego\u0301 su vida por la caza y que dejaba todo por salir al campo. Sobre e\u0301l escribieron su yerno Enrique Segura Otan\u0303o y su hijo Ricardo y ahora, despue\u0301s de muchos an\u0303os de investigacio\u0301n y abriendo el bau\u0301l de los recuerdos, lo hace su bisnieto, Alberto Covarsi\u0301.<\/p>\n<p>Como diri\u0301a D. Antonio, \u201csi te agrada la rudeza del hombre de campo, del cazador de pura sangre, de aquel que todo lo abandona por la libertad, la independencia y el goce que produce la montan\u0303a, del que toda su vida, en cuanto pudo, la consagro\u0301 a la caza, entonces este es tu libro\u201d.<\/p>\n<\/div>\n<\/div>\n<\/div>\n<\/div>","protected":false},"excerpt":{"rendered":"<p>ALBERTO COVARS\u00cd GUIJARRO<\/p>\n<ul>\n<li class=\"paragraph_style_3\"><span class=\"style_3\">L\u00edngua<\/span><span class=\"style_4\">: <\/span><span class=\"style_5\">ESPANHOL<br \/>\n<\/span><\/li>\n<li class=\"paragraph_style_4\"><span class=\"style_3\">Encaderna\u00e7\u00e3o<\/span><span class=\"style_4\">: Tapa dura laminada mate<\/span><span class=\"style_5\"><br \/>\n<\/span><\/li>\n<li class=\"paragraph_style_5\"><span class=\"style_3\">P\u00e1ginas<\/span><span class=\"style_4\">: 468<\/span><span class=\"style_5\"><br \/>\n<\/span><\/li>\n<li class=\"paragraph_style_4\"><span class=\"style_3\">Impress\u00e3o<\/span><span class=\"style_4\">: Color y B\/N<\/span><span class=\"style_5\"><br \/>\n<\/span><\/li>\n<li class=\"paragraph_style_4\"><span class=\"style_3\">Conte\u00fado<\/span><span class=\"style_4\">: <\/span><span class=\"style_5\">Textos, fotograf\u00edas e ilustraciones<br \/>\n<\/span><\/li>\n<li class=\"paragraph_style_4\"><span class=\"style_3\">Medidas<\/span><span class=\"style_4\">: 220<\/span><span class=\"style_5\">x280 mm.<\/span><\/li>\n<\/ul>","protected":false},"featured_media":1132,"comment_status":"open","ping_status":"closed","template":"","meta":[],"product_brand":[],"product_cat":[54,21,15],"product_tag":[],"class_list":{"0":"post-1163","1":"product","2":"type-product","3":"status-publish","4":"has-post-thumbnail","6":"product_cat-alberto-covarsi-guijarro","7":"product_cat-antonio-covarsi","8":"product_cat-caza-mayor","10":"first","11":"instock","12":"taxable","13":"shipping-taxable","14":"purchasable","15":"product-type-simple"},"aioseo_notices":[],"_links":{"self":[{"href":"https:\/\/editorialcanchales.es\/pt\/wp-json\/wp\/v2\/product\/1163","targetHints":{"allow":["GET"]}}],"collection":[{"href":"https:\/\/editorialcanchales.es\/pt\/wp-json\/wp\/v2\/product"}],"about":[{"href":"https:\/\/editorialcanchales.es\/pt\/wp-json\/wp\/v2\/types\/product"}],"replies":[{"embeddable":true,"href":"https:\/\/editorialcanchales.es\/pt\/wp-json\/wp\/v2\/comments?post=1163"}],"version-history":[{"count":1,"href":"https:\/\/editorialcanchales.es\/pt\/wp-json\/wp\/v2\/product\/1163\/revisions"}],"predecessor-version":[{"id":1164,"href":"https:\/\/editorialcanchales.es\/pt\/wp-json\/wp\/v2\/product\/1163\/revisions\/1164"}],"wp:featuredmedia":[{"embeddable":true,"href":"https:\/\/editorialcanchales.es\/pt\/wp-json\/wp\/v2\/media\/1132"}],"wp:attachment":[{"href":"https:\/\/editorialcanchales.es\/pt\/wp-json\/wp\/v2\/media?parent=1163"}],"wp:term":[{"taxonomy":"product_brand","embeddable":true,"href":"https:\/\/editorialcanchales.es\/pt\/wp-json\/wp\/v2\/product_brand?post=1163"},{"taxonomy":"product_cat","embeddable":true,"href":"https:\/\/editorialcanchales.es\/pt\/wp-json\/wp\/v2\/product_cat?post=1163"},{"taxonomy":"product_tag","embeddable":true,"href":"https:\/\/editorialcanchales.es\/pt\/wp-json\/wp\/v2\/product_tag?post=1163"}],"curies":[{"name":"wp","href":"https:\/\/api.w.org\/{rel}","templated":true}]}}