{"id":1017,"date":"2024-06-27T08:01:55","date_gmt":"2024-06-27T08:01:55","guid":{"rendered":"https:\/\/editorialcanchales.es\/?post_type=product&#038;p=1017"},"modified":"2024-06-27T08:10:11","modified_gmt":"2024-06-27T08:10:11","slug":"caza-y-amistad-anoranzas","status":"publish","type":"product","link":"https:\/\/editorialcanchales.es\/pt\/produto\/caza-y-amistad-anoranzas\/","title":{"rendered":"CAZA Y AMISTAD.  A\u00f1oranzas"},"content":{"rendered":"<p class=\"paragraph_style_2\">Ca\u00e7a e amizade. A\u00f1oranzas \u00e9 uma hist\u00f3ria de amizade, campo e ca\u00e7a, uma narrativa que nasce da nostalgia do passado e se enquadra nas ruas e campos de ca\u00e7a de uma aldeia da Extremadura. Dias de ca\u00e7a, viv\u00eancias, ca\u00e7adas e encontros cineg\u00e9ticos d\u00e3o forma ao conjunto desta obra. Um micromundo passado numa \u00e9poca e em zonas de ca\u00e7a. Ao mesmo tempo, s\u00e3o apresentadas personagens significativas para o autor e as suas notas autobiogr\u00e1ficas. Ser\u00e3o muitos os ca\u00e7adores que se ver\u00e3o retratados nas aventuras aqui contadas, pois aquelas pessoas completamente alheias ao mundo da ca\u00e7a encontrar\u00e3o uma janela para contemplar o que ele representa para os ca\u00e7adores, mas nesta apenas vislumbrar\u00e3o uma mil\u00e9sima do que constitui uma paix\u00e3o que se transmite de gera\u00e7\u00e3o em gera\u00e7\u00e3o, uma vez que a ca\u00e7a \u00e9 uma droga.<\/p>","protected":false},"excerpt":{"rendered":"<p>JOS\u00c9 RIQUENI BARRIOS<\/p>\n<ul>\n<li class=\"paragraph_style_3\"><span class=\"style_3\">L\u00edngua<\/span><span class=\"style_4\">: <\/span><span class=\"style_5\">ESPANHOL<br \/>\n<\/span><\/li>\n<li class=\"paragraph_style_4\"><span class=\"style_3\">Encaderna\u00e7\u00e3o<\/span><span class=\"style_4\">: <\/span><span class=\"style_5\">R\u00fastica <\/span><span class=\"style_5\">Laminado brillo<br \/>\n<\/span><\/li>\n<li class=\"paragraph_style_5\"><span class=\"style_3\">P\u00e1ginas<\/span><span class=\"style_4\">: <\/span><span class=\"style_5\">236<br \/>\n<\/span><\/li>\n<li class=\"paragraph_style_4\"><span class=\"style_3\">Impress\u00e3o<\/span><span class=\"style_4\">: B\/N<\/span><span class=\"style_5\"><br \/>\n<\/span><\/li>\n<li class=\"paragraph_style_4\"><span class=\"style_3\">Conte\u00fado<\/span><span class=\"style_4\">: <\/span><span class=\"style_5\">Textos e ilustra\u00e7\u00f5es<br \/>\n<\/span><\/li>\n<li class=\"paragraph_style_4\"><span class=\"style_3\">Medidas<\/span><span class=\"style_4\">: <\/span><span class=\"style_5\">170&#215;240 mm.<\/span><\/li>\n<\/ul>","protected":false},"featured_media":1021,"comment_status":"open","ping_status":"closed","template":"","meta":[],"product_brand":[],"product_cat":[20,53,28],"product_tag":[],"class_list":{"0":"post-1017","1":"product","2":"type-product","3":"status-publish","4":"has-post-thumbnail","6":"product_cat-caza-menor","7":"product_cat-jose-riqueni-barrios","8":"product_cat-novelas-de-caza","10":"first","11":"instock","12":"taxable","13":"shipping-taxable","14":"purchasable","15":"product-type-simple"},"aioseo_notices":[],"_links":{"self":[{"href":"https:\/\/editorialcanchales.es\/pt\/wp-json\/wp\/v2\/product\/1017","targetHints":{"allow":["GET"]}}],"collection":[{"href":"https:\/\/editorialcanchales.es\/pt\/wp-json\/wp\/v2\/product"}],"about":[{"href":"https:\/\/editorialcanchales.es\/pt\/wp-json\/wp\/v2\/types\/product"}],"replies":[{"embeddable":true,"href":"https:\/\/editorialcanchales.es\/pt\/wp-json\/wp\/v2\/comments?post=1017"}],"version-history":[{"count":3,"href":"https:\/\/editorialcanchales.es\/pt\/wp-json\/wp\/v2\/product\/1017\/revisions"}],"predecessor-version":[{"id":1023,"href":"https:\/\/editorialcanchales.es\/pt\/wp-json\/wp\/v2\/product\/1017\/revisions\/1023"}],"wp:featuredmedia":[{"embeddable":true,"href":"https:\/\/editorialcanchales.es\/pt\/wp-json\/wp\/v2\/media\/1021"}],"wp:attachment":[{"href":"https:\/\/editorialcanchales.es\/pt\/wp-json\/wp\/v2\/media?parent=1017"}],"wp:term":[{"taxonomy":"product_brand","embeddable":true,"href":"https:\/\/editorialcanchales.es\/pt\/wp-json\/wp\/v2\/product_brand?post=1017"},{"taxonomy":"product_cat","embeddable":true,"href":"https:\/\/editorialcanchales.es\/pt\/wp-json\/wp\/v2\/product_cat?post=1017"},{"taxonomy":"product_tag","embeddable":true,"href":"https:\/\/editorialcanchales.es\/pt\/wp-json\/wp\/v2\/product_tag?post=1017"}],"curies":[{"name":"wp","href":"https:\/\/api.w.org\/{rel}","templated":true}]}}