{"id":1010,"date":"2024-06-27T07:37:36","date_gmt":"2024-06-27T07:37:36","guid":{"rendered":"https:\/\/editorialcanchales.es\/?post_type=product&#038;p=1010"},"modified":"2024-06-27T08:14:40","modified_gmt":"2024-06-27T08:14:40","slug":"berrea-relatos-de-caza","status":"publish","type":"product","link":"https:\/\/editorialcanchales.es\/pt\/produto\/berrea-relatos-de-caza\/","title":{"rendered":"BERREA.  Relatos de caza"},"content":{"rendered":"<p class=\"paragraph_style_2\">O autor e os seus colaboradores encontram nesta obra as palavras certas para descrever a sensa\u00e7\u00e3o que surge ao aproximar-se de um veado berrante e transmitir o qu\u00e3o majestoso e imponente \u00e9 o rugido de um veado no meio da natureza.<\/p>\n<p class=\"paragraph_style_2\">Desta forma, ao mesmo tempo que oferecem ao leitor as suas mem\u00f3rias e fotografias dos momentos vividos na pr\u00e1tica desta modalidade de ca\u00e7a, com cada uma das hist\u00f3rias iniciam uma viagem atrav\u00e9s da qual poder\u00e1 desfrutar de experi\u00eancias reais pelas principais zonas de ca\u00e7a. : Das pastagens tranquilas da zona rural da Extremadura \u00e0s \u00edngremes ravinas do Ria\u00f1o; desde os arredores da Serra de la Culebra at\u00e9 \u00e0s impressionantes montanhas de Le\u00e3o, passando pelos hist\u00f3ricos Montes de Toledo ou pelos picos asturianos, sempre t\u00e3o deslumbrantes.<\/p>\n<p class=\"paragraph_style_2\">Este livro real\u00e7a o papel fundamental que a natureza desempenha nesta disciplina, atrav\u00e9s da divertida descri\u00e7\u00e3o dos diferentes locais e da influ\u00eancia que o clima tem nas popula\u00e7\u00f5es. O prazer de observar as lutas dos veados e os seus berros ou o comportamento das cor\u00e7as, bem como a avalia\u00e7\u00e3o cuidadosa do animal antes de iniciar a \u00faltima s\u00e9rie, mostrar\u00e3o ao leitor a intensidade e a emo\u00e7\u00e3o de ca\u00e7ar veados pelo rugido, que \u00e9 tamb\u00e9m tamb\u00e9m uma importante modalidade de ca\u00e7a seletiva.<\/p>\n<p class=\"paragraph_style_2\">Est\u00e3o tamb\u00e9m inclu\u00eddas algumas notas sobre a morfologia do cervo ib\u00e9rico e sobre as armas e muni\u00e7\u00f5es a utilizar que, juntamente com o resto das hist\u00f3rias de espreita \u00fanica, nos permitem aproximar esta disciplina de quem ainda n\u00e3o a descobriu, como bem como relembrar grandes momentos para quem ainda n\u00e3o o descobriu, ca\u00e7adores que tiveram a imensa sorte de ganhar um trof\u00e9u na rotina.<\/p>","protected":false},"excerpt":{"rendered":"<p>FERNANDO L\u00d3PEZ RUIZ<\/p>\n<ul>\n<li class=\"paragraph_style_3\"><span class=\"style_3\">L\u00edngua<\/span><span class=\"style_4\">: <\/span><span class=\"style_5\">ESPANHOL<br \/>\n<\/span><\/li>\n<li class=\"paragraph_style_4\"><span class=\"style_3\">Encaderna\u00e7\u00e3o<\/span><span class=\"style_4\">: <\/span><span class=\"style_5\">R\u00fastica <\/span><span class=\"style_5\">Laminado brillo<br \/>\n<\/span><\/li>\n<li class=\"paragraph_style_5\"><span class=\"style_3\">P\u00e1ginas<\/span><span class=\"style_4\">: <\/span><span class=\"style_5\">282<br \/>\n<\/span><\/li>\n<li class=\"paragraph_style_4\"><span class=\"style_3\">Impress\u00e3o<\/span><span class=\"style_4\">: Color y B\/N<\/span><span class=\"style_5\"><br \/>\n<\/span><\/li>\n<li class=\"paragraph_style_4\"><span class=\"style_3\">Conte\u00fado<\/span><span class=\"style_4\">: <\/span><span class=\"style_5\">Textos e fotografias<br \/>\n<\/span><\/li>\n<li class=\"paragraph_style_4\"><span class=\"style_3\">Medidas<\/span><span class=\"style_4\">: <\/span><span class=\"style_5\">170&#215;240 mm.<\/span><\/li>\n<\/ul>","protected":false},"featured_media":1011,"comment_status":"open","ping_status":"closed","template":"","meta":[],"product_brand":[],"product_cat":[15,37,28],"product_tag":[],"class_list":{"0":"post-1010","1":"product","2":"type-product","3":"status-publish","4":"has-post-thumbnail","6":"product_cat-caza-mayor","7":"product_cat-fernando-lopez-ruiz","8":"product_cat-novelas-de-caza","10":"first","11":"instock","12":"taxable","13":"shipping-taxable","14":"purchasable","15":"product-type-simple"},"aioseo_notices":[],"_links":{"self":[{"href":"https:\/\/editorialcanchales.es\/pt\/wp-json\/wp\/v2\/product\/1010","targetHints":{"allow":["GET"]}}],"collection":[{"href":"https:\/\/editorialcanchales.es\/pt\/wp-json\/wp\/v2\/product"}],"about":[{"href":"https:\/\/editorialcanchales.es\/pt\/wp-json\/wp\/v2\/types\/product"}],"replies":[{"embeddable":true,"href":"https:\/\/editorialcanchales.es\/pt\/wp-json\/wp\/v2\/comments?post=1010"}],"version-history":[{"count":3,"href":"https:\/\/editorialcanchales.es\/pt\/wp-json\/wp\/v2\/product\/1010\/revisions"}],"predecessor-version":[{"id":1028,"href":"https:\/\/editorialcanchales.es\/pt\/wp-json\/wp\/v2\/product\/1010\/revisions\/1028"}],"wp:featuredmedia":[{"embeddable":true,"href":"https:\/\/editorialcanchales.es\/pt\/wp-json\/wp\/v2\/media\/1011"}],"wp:attachment":[{"href":"https:\/\/editorialcanchales.es\/pt\/wp-json\/wp\/v2\/media?parent=1010"}],"wp:term":[{"taxonomy":"product_brand","embeddable":true,"href":"https:\/\/editorialcanchales.es\/pt\/wp-json\/wp\/v2\/product_brand?post=1010"},{"taxonomy":"product_cat","embeddable":true,"href":"https:\/\/editorialcanchales.es\/pt\/wp-json\/wp\/v2\/product_cat?post=1010"},{"taxonomy":"product_tag","embeddable":true,"href":"https:\/\/editorialcanchales.es\/pt\/wp-json\/wp\/v2\/product_tag?post=1010"}],"curies":[{"name":"wp","href":"https:\/\/api.w.org\/{rel}","templated":true}]}}