{"id":408,"date":"2020-06-04T08:16:29","date_gmt":"2020-06-04T08:16:29","guid":{"rendered":"http:\/\/canchales.local\/?page_id=408"},"modified":"2020-06-04T08:50:23","modified_gmt":"2020-06-04T08:50:23","slug":"slider","status":"publish","type":"page","link":"https:\/\/editorialcanchales.es\/pt\/slider\/","title":{"rendered":"slider"},"content":{"rendered":"<div data-elementor-type=\"wp-page\" data-elementor-id=\"408\" class=\"elementor elementor-408\" data-elementor-post-type=\"page\">\n\t\t\t\t\t\t<section class=\"elementor-section elementor-top-section elementor-element elementor-element-12ef5b4 elementor-section-boxed elementor-section-height-default elementor-section-height-default\" data-id=\"12ef5b4\" data-element_type=\"section\" data-e-type=\"section\" data-settings=\"{&quot;background_background&quot;:&quot;gradient&quot;}\">\n\t\t\t\t\t\t<div class=\"elementor-container elementor-column-gap-default\">\n\t\t\t\t\t<div class=\"elementor-column elementor-col-100 elementor-top-column elementor-element elementor-element-e387af1\" data-id=\"e387af1\" data-element_type=\"column\" data-e-type=\"column\">\n\t\t\t<div class=\"elementor-widget-wrap elementor-element-populated\">\n\t\t\t\t\t\t<div class=\"elementor-element elementor-element-10d85ef elementor-widget elementor-widget-spacer\" data-id=\"10d85ef\" data-element_type=\"widget\" data-e-type=\"widget\" data-widget_type=\"spacer.default\">\n\t\t\t\t<div class=\"elementor-widget-container\">\n\t\t\t\t\t\t\t<div class=\"elementor-spacer\">\n\t\t\t<div class=\"elementor-spacer-inner\"><\/div>\n\t\t<\/div>\n\t\t\t\t\t\t<\/div>\n\t\t\t\t<\/div>\n\t\t\t\t<div class=\"elementor-element elementor-element-db563e8 elementor-widget elementor-widget-spacer\" data-id=\"db563e8\" data-element_type=\"widget\" data-e-type=\"widget\" data-widget_type=\"spacer.default\">\n\t\t\t\t<div class=\"elementor-widget-container\">\n\t\t\t\t\t\t\t<div class=\"elementor-spacer\">\n\t\t\t<div class=\"elementor-spacer-inner\"><\/div>\n\t\t<\/div>\n\t\t\t\t\t\t<\/div>\n\t\t\t\t<\/div>\n\t\t\t\t\t<\/div>\n\t\t<\/div>\n\t\t\t\t\t<\/div>\n\t\t<\/section>\n\t\t\t\t<\/div>","protected":false},"excerpt":{"rendered":"<p>EL MAJADAL DE PERICO. CAZANDO CON AMIGOS FERNANDO L\u00d3PEZ RUIZ Lengua: CASTELLANO Encuadernaci\u00f3n: R\u00fastica laminada mate P\u00e1ginas:416 Impresi\u00f3n:B\/N y Color Contenido: Textos y fotos Medidas: 170&#215;240 mm. 40,00&euro; EL MAJADAL DE PERICO. CAZANDO CON AMIGOS cantidad A\u00f1adir al carrito LOS POLLOS DE LA REDONDILLA MIGUEL BULNES CERCAS Lengua: CASTELLANO Encuadernaci\u00f3n: R\u00fastica laminada mate P\u00e1ginas: 174 &#8230; <a title=\"slider\" class=\"read-more\" href=\"https:\/\/editorialcanchales.es\/pt\/slider\/\" aria-label=\"Leia mais sobre slider\">Ler mais<\/a><\/p>","protected":false},"author":1,"featured_media":0,"parent":0,"menu_order":0,"comment_status":"closed","ping_status":"closed","template":"elementor_canvas","meta":{"footnotes":""},"class_list":["post-408","page","type-page","status-publish"],"aioseo_notices":[],"_links":{"self":[{"href":"https:\/\/editorialcanchales.es\/pt\/wp-json\/wp\/v2\/pages\/408","targetHints":{"allow":["GET"]}}],"collection":[{"href":"https:\/\/editorialcanchales.es\/pt\/wp-json\/wp\/v2\/pages"}],"about":[{"href":"https:\/\/editorialcanchales.es\/pt\/wp-json\/wp\/v2\/types\/page"}],"author":[{"embeddable":true,"href":"https:\/\/editorialcanchales.es\/pt\/wp-json\/wp\/v2\/users\/1"}],"replies":[{"embeddable":true,"href":"https:\/\/editorialcanchales.es\/pt\/wp-json\/wp\/v2\/comments?post=408"}],"version-history":[{"count":7,"href":"https:\/\/editorialcanchales.es\/pt\/wp-json\/wp\/v2\/pages\/408\/revisions"}],"predecessor-version":[{"id":417,"href":"https:\/\/editorialcanchales.es\/pt\/wp-json\/wp\/v2\/pages\/408\/revisions\/417"}],"wp:attachment":[{"href":"https:\/\/editorialcanchales.es\/pt\/wp-json\/wp\/v2\/media?parent=408"}],"curies":[{"name":"wp","href":"https:\/\/api.w.org\/{rel}","templated":true}]}}