{"id":3,"date":"2020-05-18T06:22:14","date_gmt":"2020-05-18T06:22:14","guid":{"rendered":"http:\/\/canchales.local\/?page_id=3"},"modified":"2020-07-02T16:35:47","modified_gmt":"2020-07-02T16:35:47","slug":"politica-de-privacidad","status":"publish","type":"page","link":"https:\/\/editorialcanchales.es\/pt\/politica-de-privacidad\/","title":{"rendered":"Pol\u00edtica de Privacidad"},"content":{"rendered":"<div data-elementor-type=\"wp-page\" data-elementor-id=\"3\" class=\"elementor elementor-3\" data-elementor-post-type=\"page\">\n\t\t\t\t\t\t<section class=\"elementor-section elementor-top-section elementor-element elementor-element-1b1bffc0 elementor-section-boxed elementor-section-height-default elementor-section-height-default\" data-id=\"1b1bffc0\" data-element_type=\"section\" data-e-type=\"section\">\n\t\t\t\t\t\t<div class=\"elementor-container elementor-column-gap-default\">\n\t\t\t\t\t<div class=\"elementor-column elementor-col-100 elementor-top-column elementor-element elementor-element-31b82745\" data-id=\"31b82745\" data-element_type=\"column\" data-e-type=\"column\">\n\t\t\t<div class=\"elementor-widget-wrap elementor-element-populated\">\n\t\t\t\t\t\t<div class=\"elementor-element elementor-element-52d7551 elementor-widget elementor-widget-spacer\" data-id=\"52d7551\" data-element_type=\"widget\" data-e-type=\"widget\" data-widget_type=\"spacer.default\">\n\t\t\t\t<div class=\"elementor-widget-container\">\n\t\t\t\t\t\t\t<div class=\"elementor-spacer\">\n\t\t\t<div class=\"elementor-spacer-inner\"><\/div>\n\t\t<\/div>\n\t\t\t\t\t\t<\/div>\n\t\t\t\t<\/div>\n\t\t\t\t<div class=\"elementor-element elementor-element-35f9e1b2 elementor-widget elementor-widget-text-editor\" data-id=\"35f9e1b2\" data-element_type=\"widget\" data-e-type=\"widget\" data-widget_type=\"text-editor.default\">\n\t\t\t\t<div class=\"elementor-widget-container\">\n\t\t\t\t\t\t\t\t\t<p><span style=\"color: #ffffff;\"><\/span><\/p>\n<div id=\"header_layer\">\n<div id=\"id2\" class=\"style_SkipStroke_2 shape-with-text\">\n<div class=\"text-content style_External_754_70\">\n<div class=\"style\">\n<p class=\"paragraph_style\"><span style=\"color: #ffffff;\"><strong>POL\u00cdTICA DE PRIVACIDAD<\/strong><\/span><\/p>\n<p>\u00a0<\/p>\n<\/div>\n<\/div>\n<\/div>\n<\/div>\n<div id=\"body_layer\">\n<div class=\"style_SkipStroke_4 shape-with-text flowDefining\">\n<div class=\"text-content style_External_897_1297\">\n<div class=\"style\">\n<p class=\"paragraph_style_1\"><span style=\"color: #ffffff;\">INFORMACI\u00d3N GENERAL<span class=\"style_1\">:<\/span><span class=\"style_2\"><br \/><\/span><\/span><\/p>\n<p class=\"paragraph_style_2\"><span style=\"color: #ffffff;\"><span class=\"style_3\">EDITORIAL CANCHALES, S.L.<br \/><\/span>Direcci\u00f3n: C\/ Barrio Nuevo, 15 &#8211; 10003 C\u00e1ceres.<\/span><\/p>\n<p class=\"paragraph_style_2\"><span style=\"color: #ffffff;\">Ciudad: C\u00e1ceres<\/span><\/p>\n<p class=\"paragraph_style_2\"><span style=\"color: #ffffff;\">Pa\u00eds: Espa\u00f1a<\/span><\/p>\n<p class=\"paragraph_style_2\"><span style=\"color: #ffffff;\">C.I.F.: B10388429<\/span><\/p>\n<p class=\"paragraph_style_2\"><span style=\"color: #ffffff;\">Correo electr\u00f3nico de contacto: editorialcanchales@gmail.com<\/span><\/p>\n<p class=\"paragraph_style_2\"><span style=\"color: #ffffff;\">Tel\u00e9fono: 636 655 616\/689 539 500<\/span><\/p>\n<p class=\"paragraph_style_2\"><span style=\"color: #ffffff;\">www.canchales.es<\/span><\/p>\n<p class=\"paragraph_style_3\"><span style=\"color: #ffffff;\">PROPIEDAD INTELECTUAL Y USO DE LOS CONTENIDOS<span class=\"style_1\">:<br \/><\/span><\/span><\/p>\n<p class=\"paragraph_style_2\"><span style=\"color: #ffffff;\">El propietario de esta web y su contenido es la empresa EDITORIAL CANCHALES, S.L., en adelante EDITORIAL CANCHALES, S.L. Queda prohibida la transmisi\u00f3n, cesi\u00f3n, venta, alquiler y\/o exposici\u00f3n p\u00fablica de esta web sin la correspondiente autorizaci\u00f3n de sus due\u00f1os.<\/span><\/p>\n<p class=\"paragraph_style_2\"><span style=\"color: #ffffff;\">El USUARIO se compromete a respetar los derechos de Propiedad Intelectual titularidad de EDITORIAL CANCHALES, S.L. Podr\u00e1 visualizar los elementos del website e incluso imprimirlos, copiarlos y almacenarlos en el disco duro de su ordenador o en cualquier otro soporte f\u00edsico siempre y cuando sea, \u00fanica y exclusivamente, para su uso personal y privado.<\/span><\/p>\n<p class=\"paragraph_style_3\"><span style=\"color: #ffffff;\">EXCLUSI\u00d3N DE RESPONSABILIDAD<span class=\"style_1\">:<br \/><\/span><\/span><\/p>\n<p class=\"paragraph_style_2\"><span style=\"color: #ffffff;\">EDITORIAL CANCHALES, S.L. no se hace responsable, en ning\u00fan caso, de los da\u00f1os y perjuicios de cualquier naturaleza que pudieran ocasionar, a t\u00edtulo enunciativo: errores u omisiones en los contenidos, falta de disponibilidad de la web o la transmisi\u00f3n de virus o programas maliciosos o lesivos en los contenidos, a pesar de haber adoptado todas las medidas tecnol\u00f3gicas necesarias para evitarlo.<\/span><\/p>\n<p class=\"paragraph_style_2\"><span style=\"color: #ffffff;\">EDITORIAL CANCHALES, S.L. se reserva el derecho de modificar el contenido de la web sin previo aviso y sin ning\u00fan tipo de limitaci\u00f3n. La informaci\u00f3n remitida a esta web o introducida a trav\u00e9s de sus formularios deber\u00e1 ser veraz y no vulnerar\u00e1 el derecho a terceros ni la legalidad vigente.<\/span><\/p>\n<p class=\"paragraph_style_2\"><span style=\"color: #ffffff;\"><span class=\"style_3\">PROTECCI\u00d3N DE DATOS:<br \/><\/span>Los datos personales recogidos ser\u00e1n objeto de tratamiento automatizado e incorporados a los correspondientes ficheros automatizados cuya titularidad corresponde a EDITORIAL CANCHALES, S.L..<span class=\"style_3\"><br \/><\/span>\u2013 El usuario garantiza que los datos personales facilitados a EDITORIAL CANCHALES, S.L. son veraces y se hace responsable de comunicar cualquier modificaci\u00f3n en los mismos.<\/span><\/p>\n<p class=\"paragraph_style_2\"><span style=\"color: #ffffff;\">\u2013 EDITORIAL CANCHALES, S.L. ha adoptado las medidas t\u00e9cnicas y organizativas, y los niveles de seguridad exigidos legalmente conforme a lo dispuesto en la Ley Org\u00e1nica 15\/1999, de 15 de Diciembre de Protecci\u00f3n de Datos de Car\u00e1cter Personal, a efectos del ejercicio de los derechos de acceso, de rectificaci\u00f3n y de cancelaci\u00f3n previstos en dicha ley.<\/span><\/p>\n<p class=\"paragraph_style_2\"><span style=\"color: #ffffff;\">Dichos ficheros han quedado registrados en la Agencia Espa\u00f1ola de Protecci\u00f3n de Datos (<a style=\"color: #ffffff;\" title=\"http:\/\/www.agpd.es\" href=\"http:\/\/www.agpd.es\/\">www.agpd.es<\/a>), tal como estipula la ley vigente.<\/span><\/p>\n<p class=\"paragraph_style_2\"><span style=\"color: #ffffff;\">\u2013 La recogida y tratamiento automatizado de los datos personales tiene como finalidad el mantenimiento de la relaci\u00f3n contractual con EDITORIAL CANCHALES, S.L., S.L., la gesti\u00f3n, administraci\u00f3n, prestaci\u00f3n, ampliaci\u00f3n y mejora de los servicios en los que el usuario decida darse de alta, as\u00ed como el env\u00edo por medios tradicionales y electr\u00f3nicos, de informaci\u00f3n correspondiente a la actividad de EDITORIAL CANCHALES, S.L. e informaci\u00f3n comercial acerca de productos y servicios ofrecidos por EDITORIAL CANCHALES, S.L.<\/span><\/p>\n<p class=\"paragraph_style_2\"><span style=\"color: #ffffff;\">\u2013 Los usuarios tienen derechos reconocidos y podr\u00e1n ejercitar los derechos de acceso, cancelaci\u00f3n, rectificaci\u00f3n y oposici\u00f3n,\u00a0 dirigiendo un escrito acompa\u00f1ado de documento que lo identifique a la direcci\u00f3n f\u00edsica o electr\u00f3nica de EDITORIAL CANCHALES, S.L.<\/span><\/p>\n<p class=\"paragraph_style_2\"><span style=\"color: #ffffff;\">Fuera de los casos legalmente establecidos, sus datos no ser\u00e1n comunicados ni cedidos a terceros sin su consentimiento expreso, y en caso de que la existencia de cesiones\u00a0 fuera necesaria para la prestaci\u00f3n de los servicios que nos solicite, usted ser\u00e1 informado de ello.<\/span><\/p>\n<p class=\"paragraph_style_2\"><span style=\"color: #ffffff;\"><span class=\"style_3\"><br \/>USO DE\u00a0<\/span><a class=\"style_4\" style=\"color: #ffffff;\" title=\"https:\/\/keltic.es\/mas-informacion-sobre-las-cookies\/\" href=\"https:\/\/keltic.es\/mas-informacion-sobre-las-cookies\/\">COOKIES<\/a><span class=\"style_3\">:<br \/><\/span>EDITORIAL CANCHALES, S.L. Puede utilizar cookies cuando un usuario navega por la web, asoci\u00e1ndose \u00fanicamente con el navegador de un ordenador determinado (un usuario an\u00f3nimo), y no proporcionan por s\u00ed el nombre y apellidos del usuario. Gracias a las cookies, resulta posible que EDITORIAL CANCHALES, S.L. reconozca los navegadores de los usuarios registrados despu\u00e9s de que \u00e9stos se hayan registrado por primera vez, sin que tengan que registrarse en cada visita para acceder a las \u00e1reas y servicios reservados exclusivamente a ellos. Las cookies utilizadas no pueden leer los archivos cookie creados por otros proveedores. El usuario tiene la posibilidad de configurar su navegador para ser avisado en pantalla de la recepci\u00f3n de cookies y para impedir la instalaci\u00f3n de cookies en su disco duro.<\/span><\/p>\n<p class=\"paragraph_style_2\"><span style=\"color: #ffffff;\"><span class=\"style_3\">CONDICIONES DE UTILIZACI\u00d3N DE LA WEB:<br \/><\/span>\u2013 EDITORIAL CANCHALES, S.L. ofrece en su web informaci\u00f3n relacionada con el tipo de actividad, productos y servicios que realiza, previa suscripci\u00f3n y en los t\u00e9rminos y condiciones que sean pactados.<\/span><\/p>\n<p class=\"paragraph_style_2\"><span style=\"color: #ffffff;\">EDITORIAL CANCHALES, S.L. se reserva el derecho de efectuar sin previo aviso las modificaciones que considere oportunas en su website, pudiendo cambiar, suprimir o a\u00f1adir tanto los contenidos y servicios que se presten a trav\u00e9s de la misma como la forma en la que \u00e9stos aparezcan presentados o localizados en ella.<\/span><\/p>\n<p class=\"paragraph_style_2\"><span style=\"color: #ffffff;\">Especialmente EDITORIAL CANCHALES, S.L. se reserva el derecho de impedir el acceso a su web cuando surjan dificultades t\u00e9cnicas por hechos o circunstancias ajenas a EDITORIAL CANCHALES, S.L. que, a su criterio, disminuyan o anulen los niveles de seguridad adoptados para el adecuado funcionamiento de la web.<\/span><\/p>\n<p class=\"paragraph_style_2\"><span style=\"color: #ffffff;\"><span class=\"style_3\">LEY APLICABLE Y FORO:<br \/><\/span>Las cuestiones relacionadas con el uso de esta web o sus contenidos se regir\u00e1n y ser\u00e1n interpretadas conforme a las presentes Condiciones de Uso y la legislaci\u00f3n espa\u00f1ola, someti\u00e9ndose las partes, salvo en los casos en que no est\u00e9 legalmente permitido, a la jurisdicci\u00f3n de los Juzgados y Tribunales de la ciudad de C\u00e1ceres (Espa\u00f1a), con renuncia de forma expresa a cualquier otro foro que pudiera corresponderles.<\/span><\/p>\n<p class=\"paragraph_style_2\"><span style=\"color: #ffffff;\"><span class=\"style_3\">CL\u00c1USULA FORMULARIO DE RECOGIDA DE DATOS WEB<br \/><\/span>Le informamos que de conformidad con lo establecido en la Ley Org\u00e1nica 15\/1999 de Protecci\u00f3n de Datos de Car\u00e1cter Personal y su reglamento de desarrollo, sus datos de Car\u00e1cter Personal, son incluidos en ficheros titularidad de esta empresa con la finalidad de mantener el contacto necesario para atender su solicitud y\/o duda.<\/span><\/p>\n<p class=\"paragraph_style_2\"><span style=\"color: #ffffff;\">No obstante lo anterior, podr\u00e1 ejercer los derechos de acceso, rectificaci\u00f3n, cancelaci\u00f3n y oposici\u00f3n mediante escrito acompa\u00f1ado de copia de documento oficial que le identifique dirigido a EDITORIAL CANCHALES, S.L., C\/ Barrio Nuevo, 15 &#8211; 10003 C\u00e1ceres, email:\u00a0<a style=\"color: #ffffff;\" title=\"mailto:info@keltic.es\" href=\"mailto:info@keltic.es\">editorialcanchales@gmail.com<\/a>\u00a0<\/span><\/p>\n<p class=\"paragraph_style_2\"><span style=\"color: #ffffff;\">o en los tel\u00e9fonos: 636 655 616\/689 539 500.<\/span><\/p>\n<p class=\"paragraph_style_2\"><span style=\"color: #ffffff;\"><a style=\"color: #ffffff;\" title=\"Inicio.html\" href=\"https:\/\/editorialcanchales.es\/pt\/\">VOLVER A INICIO<\/a><\/span><\/p>\n<\/div>\n<\/div>\n<\/div>\n<div class=\"spacer\">\u00a0<\/div>\n<\/div>\n<div id=\"footer_layer\">\n<div class=\"bumper\">\u00a0<\/div>\n<\/div>\n<p><span style=\"color: #ffffff;\"><\/span><\/p>\t\t\t\t\t\t\t\t<\/div>\n\t\t\t\t<\/div>\n\t\t\t\t\t<\/div>\n\t\t<\/div>\n\t\t\t\t\t<\/div>\n\t\t<\/section>\n\t\t\t\t<\/div>","protected":false},"excerpt":{"rendered":"<p>POL\u00cdTICA DE PRIVACIDAD \u00a0 INFORMACI\u00d3N GENERAL: EDITORIAL CANCHALES, S.L.Direcci\u00f3n: C\/ Barrio Nuevo, 15 &#8211; 10003 C\u00e1ceres. Ciudad: C\u00e1ceres Pa\u00eds: Espa\u00f1a C.I.F.: B10388429 Correo electr\u00f3nico de contacto: editorialcanchales@gmail.com Tel\u00e9fono: 636 655 616\/689 539 500 www.canchales.es PROPIEDAD INTELECTUAL Y USO DE LOS CONTENIDOS: El propietario de esta web y su contenido es la empresa EDITORIAL CANCHALES, S.L., &#8230; <a title=\"Pol\u00edtica de Privacidad\" class=\"read-more\" href=\"https:\/\/editorialcanchales.es\/pt\/politica-de-privacidad\/\" aria-label=\"Leia mais sobre Pol\u00edtica de Privacidad\">Ler mais<\/a><\/p>","protected":false},"author":1,"featured_media":0,"parent":0,"menu_order":0,"comment_status":"closed","ping_status":"open","template":"elementor_canvas","meta":{"footnotes":""},"class_list":["post-3","page","type-page","status-publish"],"aioseo_notices":[],"_links":{"self":[{"href":"https:\/\/editorialcanchales.es\/pt\/wp-json\/wp\/v2\/pages\/3","targetHints":{"allow":["GET"]}}],"collection":[{"href":"https:\/\/editorialcanchales.es\/pt\/wp-json\/wp\/v2\/pages"}],"about":[{"href":"https:\/\/editorialcanchales.es\/pt\/wp-json\/wp\/v2\/types\/page"}],"author":[{"embeddable":true,"href":"https:\/\/editorialcanchales.es\/pt\/wp-json\/wp\/v2\/users\/1"}],"replies":[{"embeddable":true,"href":"https:\/\/editorialcanchales.es\/pt\/wp-json\/wp\/v2\/comments?post=3"}],"version-history":[{"count":7,"href":"https:\/\/editorialcanchales.es\/pt\/wp-json\/wp\/v2\/pages\/3\/revisions"}],"predecessor-version":[{"id":567,"href":"https:\/\/editorialcanchales.es\/pt\/wp-json\/wp\/v2\/pages\/3\/revisions\/567"}],"wp:attachment":[{"href":"https:\/\/editorialcanchales.es\/pt\/wp-json\/wp\/v2\/media?parent=3"}],"curies":[{"name":"wp","href":"https:\/\/api.w.org\/{rel}","templated":true}]}}