{"id":152,"date":"2020-05-18T17:42:14","date_gmt":"2020-05-18T17:42:14","guid":{"rendered":"http:\/\/canchales.local\/?page_id=152"},"modified":"2020-05-18T18:00:13","modified_gmt":"2020-05-18T18:00:13","slug":"editorial","status":"publish","type":"page","link":"https:\/\/editorialcanchales.es\/pt\/editorial\/","title":{"rendered":"EDITORIAL"},"content":{"rendered":"<div data-elementor-type=\"wp-page\" data-elementor-id=\"152\" class=\"elementor elementor-152\" data-elementor-post-type=\"page\">\n\t\t\t\t\t\t<section class=\"elementor-section elementor-top-section elementor-element elementor-element-356af51 elementor-section-boxed elementor-section-height-default elementor-section-height-default\" data-id=\"356af51\" data-element_type=\"section\" data-e-type=\"section\" data-settings=\"{&quot;background_background&quot;:&quot;classic&quot;}\">\n\t\t\t\t\t\t<div class=\"elementor-container elementor-column-gap-default\">\n\t\t\t\t\t<div class=\"elementor-column elementor-col-100 elementor-top-column elementor-element elementor-element-03b6723\" data-id=\"03b6723\" data-element_type=\"column\" data-e-type=\"column\">\n\t\t\t<div class=\"elementor-widget-wrap elementor-element-populated\">\n\t\t\t\t\t\t<div class=\"elementor-element elementor-element-33bcccf elementor-widget elementor-widget-heading\" data-id=\"33bcccf\" data-element_type=\"widget\" data-e-type=\"widget\" data-widget_type=\"heading.default\">\n\t\t\t\t<div class=\"elementor-widget-container\">\n\t\t\t\t\t<h1 class=\"elementor-heading-title elementor-size-default\">UNA PASI\u00d3N COMPARTIDA<\/h1>\t\t\t\t<\/div>\n\t\t\t\t<\/div>\n\t\t\t\t<div class=\"elementor-element elementor-element-443ed1b elementor-widget elementor-widget-text-editor\" data-id=\"443ed1b\" data-element_type=\"widget\" data-e-type=\"widget\" data-widget_type=\"text-editor.default\">\n\t\t\t\t<div class=\"elementor-widget-container\">\n\t\t\t\t\t\t\t\t\t<p style=\"text-align: center;\"><span style=\"color: #ffffff;\">Naturaleza, caza y amigos<\/span><\/p> \t\t\t\t\t\t\t\t<\/div>\n\t\t\t\t<\/div>\n\t\t\t\t\t<\/div>\n\t\t<\/div>\n\t\t\t\t\t<\/div>\n\t\t<\/section>\n\t\t\t\t<section class=\"elementor-section elementor-top-section elementor-element elementor-element-a734e62 elementor-section-boxed elementor-section-height-default elementor-section-height-default\" data-id=\"a734e62\" data-element_type=\"section\" data-e-type=\"section\">\n\t\t\t\t\t\t<div class=\"elementor-container elementor-column-gap-default\">\n\t\t\t\t\t<div class=\"elementor-column elementor-col-100 elementor-top-column elementor-element elementor-element-1bab3c4\" data-id=\"1bab3c4\" data-element_type=\"column\" data-e-type=\"column\">\n\t\t\t<div class=\"elementor-widget-wrap elementor-element-populated\">\n\t\t\t\t\t\t<div class=\"elementor-element elementor-element-6e9e356 elementor-widget elementor-widget-heading\" data-id=\"6e9e356\" data-element_type=\"widget\" data-e-type=\"widget\" data-widget_type=\"heading.default\">\n\t\t\t\t<div class=\"elementor-widget-container\">\n\t\t\t\t\t<h1 class=\"elementor-heading-title elementor-size-default\">NUESTRO MUNDO, POR ESCRITO<\/h1>\t\t\t\t<\/div>\n\t\t\t\t<\/div>\n\t\t\t\t\t<\/div>\n\t\t<\/div>\n\t\t\t\t\t<\/div>\n\t\t<\/section>\n\t\t\t\t<section class=\"elementor-section elementor-top-section elementor-element elementor-element-02f5700 elementor-section-boxed elementor-section-height-default elementor-section-height-default\" data-id=\"02f5700\" data-element_type=\"section\" data-e-type=\"section\">\n\t\t\t\t\t\t<div class=\"elementor-container elementor-column-gap-default\">\n\t\t\t\t\t<div class=\"elementor-column elementor-col-100 elementor-top-column elementor-element elementor-element-0dc766a\" data-id=\"0dc766a\" data-element_type=\"column\" data-e-type=\"column\">\n\t\t\t<div class=\"elementor-widget-wrap elementor-element-populated\">\n\t\t\t\t\t\t<section class=\"elementor-section elementor-inner-section elementor-element elementor-element-8b70cb0 elementor-section-boxed elementor-section-height-default elementor-section-height-default\" data-id=\"8b70cb0\" data-element_type=\"section\" data-e-type=\"section\">\n\t\t\t\t\t\t<div class=\"elementor-container elementor-column-gap-default\">\n\t\t\t\t\t<div class=\"elementor-column elementor-col-50 elementor-inner-column elementor-element elementor-element-5142b3a\" data-id=\"5142b3a\" data-element_type=\"column\" data-e-type=\"column\">\n\t\t\t<div class=\"elementor-widget-wrap elementor-element-populated\">\n\t\t\t\t\t\t<div class=\"elementor-element elementor-element-048e7bf elementor-widget elementor-widget-image\" data-id=\"048e7bf\" data-element_type=\"widget\" data-e-type=\"widget\" data-widget_type=\"image.default\">\n\t\t\t\t<div class=\"elementor-widget-container\">\n\t\t\t\t\t\t\t\t\t\t\t\t\t\t\t<img fetchpriority=\"high\" decoding=\"async\" width=\"647\" height=\"647\" src=\"https:\/\/editorialcanchales.es\/wp-content\/uploads\/2020\/05\/canchales-imagen-06.jpg\" class=\"attachment-large size-large wp-image-73\" alt=\"Libros de caza\" srcset=\"https:\/\/editorialcanchales.es\/wp-content\/uploads\/2020\/05\/canchales-imagen-06.jpg 647w, https:\/\/editorialcanchales.es\/wp-content\/uploads\/2020\/05\/canchales-imagen-06-300x300.jpg 300w, https:\/\/editorialcanchales.es\/wp-content\/uploads\/2020\/05\/canchales-imagen-06-100x100.jpg 100w, https:\/\/editorialcanchales.es\/wp-content\/uploads\/2020\/05\/canchales-imagen-06-600x600.jpg 600w, https:\/\/editorialcanchales.es\/wp-content\/uploads\/2020\/05\/canchales-imagen-06-150x150.jpg 150w\" sizes=\"(max-width: 647px) 100vw, 647px\" \/>\t\t\t\t\t\t\t\t\t\t\t\t\t\t\t<\/div>\n\t\t\t\t<\/div>\n\t\t\t\t\t<\/div>\n\t\t<\/div>\n\t\t\t\t<div class=\"elementor-column elementor-col-50 elementor-inner-column elementor-element elementor-element-d0422e1\" data-id=\"d0422e1\" data-element_type=\"column\" data-e-type=\"column\">\n\t\t\t<div class=\"elementor-widget-wrap elementor-element-populated\">\n\t\t\t\t\t\t<div class=\"elementor-element elementor-element-9721445 elementor-widget elementor-widget-text-editor\" data-id=\"9721445\" data-element_type=\"widget\" data-e-type=\"widget\" data-widget_type=\"text-editor.default\">\n\t\t\t\t<div class=\"elementor-widget-container\">\n\t\t\t\t\t\t\t\t\t<p>Somos conscientes del trabajo y dedicaci\u00f3n que supone escribir un libro de caza, por muchas razones, pero fundamentalmente por la dificultad que entra\u00f1a plasmar en \u00e9l la verdadera esencia de la actividad cineg\u00e9tica, y el sentimiento y pasi\u00f3n que el campo, la naturaleza y los animales despiertan en el verdadero aficionado. Y hemos comprobado asimismo lo problem\u00e1tico que resulta encontrar despu\u00e9s una editorial comprometida, que est\u00e9 dispuesta a arriesgar y a apostar por ese sacrificado trabajo del autor, concret\u00e1ndolo en el deseado libro. Por esta causa, nacemos ilusionados con la idea de trabajar en esta direcci\u00f3n, con humildad y modestia, conociendo nuestros l\u00edmites, pero tambi\u00e9n con dedicaci\u00f3n y compromiso, esperando agradar y satisfacer tanto a los autores que nos hagan llegar sus trabajos, como a los lectores de las futuras obras cuya edici\u00f3n acometamos.\u00bb<\/p>\t\t\t\t\t\t\t\t<\/div>\n\t\t\t\t<\/div>\n\t\t\t\t\t<\/div>\n\t\t<\/div>\n\t\t\t\t\t<\/div>\n\t\t<\/section>\n\t\t\t\t\t<\/div>\n\t\t<\/div>\n\t\t\t\t\t<\/div>\n\t\t<\/section>\n\t\t\t\t<section class=\"elementor-section elementor-top-section elementor-element elementor-element-02acade elementor-section-boxed elementor-section-height-default elementor-section-height-default\" data-id=\"02acade\" data-element_type=\"section\" data-e-type=\"section\">\n\t\t\t\t\t\t<div class=\"elementor-container elementor-column-gap-default\">\n\t\t\t\t\t<div class=\"elementor-column elementor-col-100 elementor-top-column elementor-element elementor-element-994f34e\" data-id=\"994f34e\" data-element_type=\"column\" data-e-type=\"column\">\n\t\t\t<div class=\"elementor-widget-wrap elementor-element-populated\">\n\t\t\t\t\t\t<section class=\"elementor-section elementor-inner-section elementor-element elementor-element-f6627ad elementor-reverse-mobile elementor-section-boxed elementor-section-height-default elementor-section-height-default\" data-id=\"f6627ad\" data-element_type=\"section\" data-e-type=\"section\">\n\t\t\t\t\t\t<div class=\"elementor-container elementor-column-gap-default\">\n\t\t\t\t\t<div class=\"elementor-column elementor-col-50 elementor-inner-column elementor-element elementor-element-a713232\" data-id=\"a713232\" data-element_type=\"column\" data-e-type=\"column\">\n\t\t\t<div class=\"elementor-widget-wrap elementor-element-populated\">\n\t\t\t\t\t\t<div class=\"elementor-element elementor-element-bfd0470 elementor-widget elementor-widget-text-editor\" data-id=\"bfd0470\" data-element_type=\"widget\" data-e-type=\"widget\" data-widget_type=\"text-editor.default\">\n\t\t\t\t<div class=\"elementor-widget-container\">\n\t\t\t\t\t\t\t\t\t<p>Somos conscientes del trabajo y dedicaci\u00f3n que supone escribir un libro de caza, por muchas razones, pero fundamentalmente por la dificultad que entra\u00f1a plasmar en \u00e9l la verdadera esencia de la actividad cineg\u00e9tica, y el sentimiento y pasi\u00f3n que el campo, la naturaleza y los animales despiertan en el verdadero aficionado. Y hemos comprobado asimismo lo problem\u00e1tico que resulta encontrar despu\u00e9s una editorial comprometida, que est\u00e9 dispuesta a arriesgar y a apostar por ese sacrificado trabajo del autor, concret\u00e1ndolo en el deseado libro. Por esta causa, nacemos ilusionados con la idea de trabajar en esta direcci\u00f3n, con humildad y modestia, conociendo nuestros l\u00edmites, pero tambi\u00e9n con dedicaci\u00f3n y compromiso, esperando agradar y satisfacer tanto a los autores que nos hagan llegar sus trabajos, como a los lectores de las futuras obras cuya edici\u00f3n acometamos.\u00bb<\/p>\t\t\t\t\t\t\t\t<\/div>\n\t\t\t\t<\/div>\n\t\t\t\t\t<\/div>\n\t\t<\/div>\n\t\t\t\t<div class=\"elementor-column elementor-col-50 elementor-inner-column elementor-element elementor-element-af6e7f8\" data-id=\"af6e7f8\" data-element_type=\"column\" data-e-type=\"column\">\n\t\t\t<div class=\"elementor-widget-wrap elementor-element-populated\">\n\t\t\t\t\t\t<div class=\"elementor-element elementor-element-9c10738 elementor-widget elementor-widget-image\" data-id=\"9c10738\" data-element_type=\"widget\" data-e-type=\"widget\" data-widget_type=\"image.default\">\n\t\t\t\t<div class=\"elementor-widget-container\">\n\t\t\t\t\t\t\t\t\t\t\t\t\t\t\t<img decoding=\"async\" width=\"648\" height=\"647\" src=\"https:\/\/editorialcanchales.es\/wp-content\/uploads\/2020\/05\/canchales-imagen-07.jpg\" class=\"attachment-large size-large wp-image-74\" alt=\"\" srcset=\"https:\/\/editorialcanchales.es\/wp-content\/uploads\/2020\/05\/canchales-imagen-07.jpg 648w, https:\/\/editorialcanchales.es\/wp-content\/uploads\/2020\/05\/canchales-imagen-07-300x300.jpg 300w, https:\/\/editorialcanchales.es\/wp-content\/uploads\/2020\/05\/canchales-imagen-07-100x100.jpg 100w, https:\/\/editorialcanchales.es\/wp-content\/uploads\/2020\/05\/canchales-imagen-07-600x599.jpg 600w, https:\/\/editorialcanchales.es\/wp-content\/uploads\/2020\/05\/canchales-imagen-07-150x150.jpg 150w\" sizes=\"(max-width: 648px) 100vw, 648px\" \/>\t\t\t\t\t\t\t\t\t\t\t\t\t\t\t<\/div>\n\t\t\t\t<\/div>\n\t\t\t\t\t<\/div>\n\t\t<\/div>\n\t\t\t\t\t<\/div>\n\t\t<\/section>\n\t\t\t\t\t<\/div>\n\t\t<\/div>\n\t\t\t\t\t<\/div>\n\t\t<\/section>\n\t\t\t\t<section class=\"elementor-section elementor-top-section elementor-element elementor-element-5a5e4bb elementor-section-boxed elementor-section-height-default elementor-section-height-default\" data-id=\"5a5e4bb\" data-element_type=\"section\" data-e-type=\"section\">\n\t\t\t\t\t\t<div class=\"elementor-container elementor-column-gap-default\">\n\t\t\t\t\t<div class=\"elementor-column elementor-col-100 elementor-top-column elementor-element elementor-element-56fbdeb\" data-id=\"56fbdeb\" data-element_type=\"column\" data-e-type=\"column\">\n\t\t\t<div class=\"elementor-widget-wrap elementor-element-populated\">\n\t\t\t\t\t\t<div class=\"elementor-element elementor-element-7740e4f elementor-widget elementor-widget-spacer\" data-id=\"7740e4f\" data-element_type=\"widget\" data-e-type=\"widget\" data-widget_type=\"spacer.default\">\n\t\t\t\t<div class=\"elementor-widget-container\">\n\t\t\t\t\t\t\t<div class=\"elementor-spacer\">\n\t\t\t<div class=\"elementor-spacer-inner\"><\/div>\n\t\t<\/div>\n\t\t\t\t\t\t<\/div>\n\t\t\t\t<\/div>\n\t\t\t\t\t<\/div>\n\t\t<\/div>\n\t\t\t\t\t<\/div>\n\t\t<\/section>\n\t\t\t\t<section class=\"elementor-section elementor-top-section elementor-element elementor-element-2e0babe elementor-section-boxed elementor-section-height-default elementor-section-height-default\" data-id=\"2e0babe\" data-element_type=\"section\" data-e-type=\"section\" data-settings=\"{&quot;background_background&quot;:&quot;gradient&quot;}\">\n\t\t\t\t\t\t<div class=\"elementor-container elementor-column-gap-default\">\n\t\t\t\t\t<div class=\"elementor-column elementor-col-100 elementor-top-column elementor-element elementor-element-db8dd20\" data-id=\"db8dd20\" data-element_type=\"column\" data-e-type=\"column\">\n\t\t\t<div class=\"elementor-widget-wrap elementor-element-populated\">\n\t\t\t\t\t\t<section class=\"elementor-section elementor-inner-section elementor-element elementor-element-9cc735e elementor-section-boxed elementor-section-height-default elementor-section-height-default\" data-id=\"9cc735e\" data-element_type=\"section\" data-e-type=\"section\">\n\t\t\t\t\t\t<div class=\"elementor-container elementor-column-gap-default\">\n\t\t\t\t\t<div class=\"elementor-column elementor-col-50 elementor-inner-column elementor-element elementor-element-5ff2048\" data-id=\"5ff2048\" data-element_type=\"column\" data-e-type=\"column\">\n\t\t\t<div class=\"elementor-widget-wrap elementor-element-populated\">\n\t\t\t\t\t\t<div class=\"elementor-element elementor-element-dc01c21 elementor-widget elementor-widget-image\" data-id=\"dc01c21\" data-element_type=\"widget\" data-e-type=\"widget\" data-widget_type=\"image.default\">\n\t\t\t\t<div class=\"elementor-widget-container\">\n\t\t\t\t\t\t\t\t\t\t\t\t\t\t\t<img decoding=\"async\" width=\"504\" height=\"448\" src=\"https:\/\/editorialcanchales.es\/wp-content\/uploads\/2020\/05\/canchales-imagen-09.jpg\" class=\"attachment-large size-large wp-image-76\" alt=\"\" srcset=\"https:\/\/editorialcanchales.es\/wp-content\/uploads\/2020\/05\/canchales-imagen-09.jpg 504w, https:\/\/editorialcanchales.es\/wp-content\/uploads\/2020\/05\/canchales-imagen-09-300x267.jpg 300w\" sizes=\"(max-width: 504px) 100vw, 504px\" \/>\t\t\t\t\t\t\t\t\t\t\t\t\t\t\t<\/div>\n\t\t\t\t<\/div>\n\t\t\t\t\t<\/div>\n\t\t<\/div>\n\t\t\t\t<div class=\"elementor-column elementor-col-50 elementor-inner-column elementor-element elementor-element-8a67269\" data-id=\"8a67269\" data-element_type=\"column\" data-e-type=\"column\">\n\t\t\t<div class=\"elementor-widget-wrap elementor-element-populated\">\n\t\t\t\t\t\t<div class=\"elementor-element elementor-element-38f2a34 elementor-widget elementor-widget-text-editor\" data-id=\"38f2a34\" data-element_type=\"widget\" data-e-type=\"widget\" data-widget_type=\"text-editor.default\">\n\t\t\t\t<div class=\"elementor-widget-container\">\n\t\t\t\t\t\t\t\t\t<p><span style=\"color: #ffffff;\">JOS\u00c9 MURILLO S\u00c1NCHEZ<\/span><\/p><p><span style=\"color: #ffffff;\">t is a long established fact that a reader will be distracted by the readable content of a page when looking at its layout. The point of using Lorem Ipsum is that it has a more-or-less normal distribution of letters, as opposed to using &#8216;Content here, content here&#8217;, making it look like readable English. Many desktop publishing packages and web page editors now use Lorem Ipsum as their default model text, and a search for &#8216;lorem ipsum&#8217; will uncover many web sites still in their infancy. Various versions have evolved over the years, sometimes by accident, sometimes on purpose (injected humour and the like).<\/span><\/p>\t\t\t\t\t\t\t\t<\/div>\n\t\t\t\t<\/div>\n\t\t\t\t\t<\/div>\n\t\t<\/div>\n\t\t\t\t\t<\/div>\n\t\t<\/section>\n\t\t\t\t<section class=\"elementor-section elementor-inner-section elementor-element elementor-element-03537e4 elementor-section-boxed elementor-section-height-default elementor-section-height-default\" data-id=\"03537e4\" data-element_type=\"section\" data-e-type=\"section\">\n\t\t\t\t\t\t<div class=\"elementor-container elementor-column-gap-default\">\n\t\t\t\t\t<div class=\"elementor-column elementor-col-50 elementor-inner-column elementor-element elementor-element-095a719\" data-id=\"095a719\" data-element_type=\"column\" data-e-type=\"column\">\n\t\t\t<div class=\"elementor-widget-wrap elementor-element-populated\">\n\t\t\t\t\t\t<div class=\"elementor-element elementor-element-8f18cd0 elementor-widget elementor-widget-image\" data-id=\"8f18cd0\" data-element_type=\"widget\" data-e-type=\"widget\" data-widget_type=\"image.default\">\n\t\t\t\t<div class=\"elementor-widget-container\">\n\t\t\t\t\t\t\t\t\t\t\t\t\t\t\t<img loading=\"lazy\" decoding=\"async\" width=\"419\" height=\"448\" src=\"https:\/\/editorialcanchales.es\/wp-content\/uploads\/2020\/05\/canchales-imagen-10.jpg\" class=\"attachment-large size-large wp-image-77\" alt=\"\" srcset=\"https:\/\/editorialcanchales.es\/wp-content\/uploads\/2020\/05\/canchales-imagen-10.jpg 419w, https:\/\/editorialcanchales.es\/wp-content\/uploads\/2020\/05\/canchales-imagen-10-300x321.jpg 300w, https:\/\/editorialcanchales.es\/wp-content\/uploads\/2020\/05\/canchales-imagen-10-281x300.jpg 281w\" sizes=\"(max-width: 419px) 100vw, 419px\" \/>\t\t\t\t\t\t\t\t\t\t\t\t\t\t\t<\/div>\n\t\t\t\t<\/div>\n\t\t\t\t\t<\/div>\n\t\t<\/div>\n\t\t\t\t<div class=\"elementor-column elementor-col-50 elementor-inner-column elementor-element elementor-element-ee2730d\" data-id=\"ee2730d\" data-element_type=\"column\" data-e-type=\"column\">\n\t\t\t<div class=\"elementor-widget-wrap elementor-element-populated\">\n\t\t\t\t\t\t<div class=\"elementor-element elementor-element-4f94fc5 elementor-widget elementor-widget-text-editor\" data-id=\"4f94fc5\" data-element_type=\"widget\" data-e-type=\"widget\" data-widget_type=\"text-editor.default\">\n\t\t\t\t<div class=\"elementor-widget-container\">\n\t\t\t\t\t\t\t\t\t<p><span style=\"color: #ffffff;\">JOAQU\u00cdN GUTI\u00c9RREZ<\/span><\/p><p><span style=\"color: #ffffff;\">t is a long established fact that a reader will be distracted by the readable content of a page when looking at its layout. The point of using Lorem Ipsum is that it has a more-or-less normal distribution of letters, as opposed to using &#8216;Content here, content here&#8217;, making it look like readable English. Many desktop publishing packages and web page editors now use Lorem Ipsum as their default model text, and a search for &#8216;lorem ipsum&#8217; will uncover many web sites still in their infancy. Various versions have evolved over the years, sometimes by accident, sometimes on purpose (injected humour and the like).<\/span><\/p>\t\t\t\t\t\t\t\t<\/div>\n\t\t\t\t<\/div>\n\t\t\t\t\t<\/div>\n\t\t<\/div>\n\t\t\t\t\t<\/div>\n\t\t<\/section>\n\t\t\t\t\t<\/div>\n\t\t<\/div>\n\t\t\t\t\t<\/div>\n\t\t<\/section>\n\t\t\t\t<section class=\"elementor-section elementor-top-section elementor-element elementor-element-eaf5914 elementor-section-boxed elementor-section-height-default elementor-section-height-default\" data-id=\"eaf5914\" data-element_type=\"section\" data-e-type=\"section\" data-settings=\"{&quot;background_background&quot;:&quot;classic&quot;}\">\n\t\t\t\t\t\t<div class=\"elementor-container elementor-column-gap-default\">\n\t\t\t\t\t<div class=\"elementor-column elementor-col-100 elementor-top-column elementor-element elementor-element-deab1c6\" data-id=\"deab1c6\" data-element_type=\"column\" data-e-type=\"column\">\n\t\t\t<div class=\"elementor-widget-wrap elementor-element-populated\">\n\t\t\t\t\t\t<div class=\"elementor-element elementor-element-97aacff elementor-widget elementor-widget-spacer\" data-id=\"97aacff\" data-element_type=\"widget\" data-e-type=\"widget\" data-widget_type=\"spacer.default\">\n\t\t\t\t<div class=\"elementor-widget-container\">\n\t\t\t\t\t\t\t<div class=\"elementor-spacer\">\n\t\t\t<div class=\"elementor-spacer-inner\"><\/div>\n\t\t<\/div>\n\t\t\t\t\t\t<\/div>\n\t\t\t\t<\/div>\n\t\t\t\t\t<\/div>\n\t\t<\/div>\n\t\t\t\t\t<\/div>\n\t\t<\/section>\n\t\t\t\t<\/div>","protected":false},"excerpt":{"rendered":"<p>UNA PASI\u00d3N COMPARTIDA Naturaleza, caza y amigos NUESTRO MUNDO, POR ESCRITO Somos conscientes del trabajo y dedicaci\u00f3n que supone escribir un libro de caza, por muchas razones, pero fundamentalmente por la dificultad que entra\u00f1a plasmar en \u00e9l la verdadera esencia de la actividad cineg\u00e9tica, y el sentimiento y pasi\u00f3n que el campo, la naturaleza y &#8230; <a title=\"EDITORIAL\" class=\"read-more\" href=\"https:\/\/editorialcanchales.es\/pt\/editorial\/\" aria-label=\"Leia mais sobre EDITORIAL\">Ler mais<\/a><\/p>","protected":false},"author":1,"featured_media":0,"parent":0,"menu_order":0,"comment_status":"closed","ping_status":"closed","template":"elementor_canvas","meta":{"footnotes":""},"class_list":["post-152","page","type-page","status-publish"],"aioseo_notices":[],"_links":{"self":[{"href":"https:\/\/editorialcanchales.es\/pt\/wp-json\/wp\/v2\/pages\/152","targetHints":{"allow":["GET"]}}],"collection":[{"href":"https:\/\/editorialcanchales.es\/pt\/wp-json\/wp\/v2\/pages"}],"about":[{"href":"https:\/\/editorialcanchales.es\/pt\/wp-json\/wp\/v2\/types\/page"}],"author":[{"embeddable":true,"href":"https:\/\/editorialcanchales.es\/pt\/wp-json\/wp\/v2\/users\/1"}],"replies":[{"embeddable":true,"href":"https:\/\/editorialcanchales.es\/pt\/wp-json\/wp\/v2\/comments?post=152"}],"version-history":[{"count":13,"href":"https:\/\/editorialcanchales.es\/pt\/wp-json\/wp\/v2\/pages\/152\/revisions"}],"predecessor-version":[{"id":167,"href":"https:\/\/editorialcanchales.es\/pt\/wp-json\/wp\/v2\/pages\/152\/revisions\/167"}],"wp:attachment":[{"href":"https:\/\/editorialcanchales.es\/pt\/wp-json\/wp\/v2\/media?parent=152"}],"curies":[{"name":"wp","href":"https:\/\/api.w.org\/{rel}","templated":true}]}}